{"id":563520,"date":"2025-03-04T05:11:57","date_gmt":"2025-03-04T04:11:57","guid":{"rendered":"https:\/\/shop.kustom.ch\/?post_type=product&#038;p=563520"},"modified":"2026-03-30T14:44:06","modified_gmt":"2026-03-30T13:44:06","slug":"jacke-industry-2","status":"publish","type":"product","link":"https:\/\/shop.kustom.ch\/fr\/produit\/jacke-industry-2\/","title":{"rendered":"Veste INDUSTRY"},"content":{"rendered":"<p>Tissu l\u00e9ger au m\u00e8tre. Triples coutures rabattues aux manches, aux \u00e9paules et sur les c\u00f4t\u00e9s. Col montant. Fermeture avec fermeture \u00e9clair, rabat de protection contre les intemp\u00e9ries et boutons-pression cach\u00e9s. Poches poitrine avec rabat et boutons-pression cach\u00e9s. Poche pour stylo. Anneau en D. Manches ergonomiques permettant une grande libert\u00e9 de mouvement. Poches frontales. Poches int\u00e9rieures. Poignets avec r\u00e9glage par bouton-pression. Taille avec r\u00e9glage par bouton-pression. Coutures contrast\u00e9es.<\/p>\n<p>OEKO-TEX\u00ae STANDARD 100 ; ProWash\u00ae - EN ISO 15797<br \/>\n65% polyester\/35% coton<br \/>\nSerg\u00e9.<br \/>\n270 g\/m<br \/>\nLavage couleur, max. 60\u00b0 C ; Pas de blanchiment ; Supporte le s\u00e8che-linge - temp\u00e9rature de d\u00e9part max. 80\u00b0 C ; Repassage \u00e0 temp\u00e9rature moyenne, max. 150\u00b0 C ; Supporte le nettoyage normal<\/p>\n<p><a href=\"https:\/\/mascotsitecore-1ccb8.kxcdn.com\/pdf\/10509-442-010-de.pdf\" target=\"_blank\" rel=\"noopener\"><u>Ouvrir la fiche produit<\/u><\/a><\/p>","protected":false},"excerpt":{"rendered":"<ul>\n<li>Des coutures r\u00e9sistantes \u00e0 triple rabattage sur les manches, les \u00e9paules et les c\u00f4t\u00e9s prolongent la dur\u00e9e de vie du produit.<\/li>\n<li>Fermeture \u00e0 glissi\u00e8re avec rabat de protection contre les intemp\u00e9ries et boutons-pression cach\u00e9s pour \u00e9viter les rayures.<\/li>\n<li>Anneau en D pour les cl\u00e9s ou les cartes d'identit\u00e9.<\/li>\n<li>Grande libert\u00e9 de mouvement gr\u00e2ce aux manches coup\u00e9es en forme.<\/li>\n<li>Ajustement individuel gr\u00e2ce \u00e0 la taille r\u00e9glable.<\/li>\n<li>Le produit est adapt\u00e9 au lavage industriel.<\/li>\n<\/ul>","protected":false},"featured_media":563579,"template":"","meta":[],"product_brand":[],"product_cat":[4186],"product_tag":[],"class_list":{"0":"post-563520","1":"product","2":"type-product","3":"status-publish","4":"has-post-thumbnail","6":"product_cat-jacken","7":"pa_brand-mascot","8":"pa_brand-type-workwear","9":"pa_filter-color-blau","10":"pa_filter-color-grau","11":"pa_filter-color-gruen","12":"pa_filter-color-rot","13":"pa_filter-color-schwarz","15":"first","16":"instock","17":"sale","18":"taxable","19":"shipping-taxable","20":"purchasable","21":"product-type-variable","22":"add-to-wishlist-before_image"},"exclude_global_add_ons":[],"addons":[],"acf":[],"_links":{"self":[{"href":"https:\/\/shop.kustom.ch\/fr\/wp-json\/wp\/v2\/product\/563520"}],"collection":[{"href":"https:\/\/shop.kustom.ch\/fr\/wp-json\/wp\/v2\/product"}],"about":[{"href":"https:\/\/shop.kustom.ch\/fr\/wp-json\/wp\/v2\/types\/product"}],"wp:featuredmedia":[{"embeddable":true,"href":"https:\/\/shop.kustom.ch\/fr\/wp-json\/wp\/v2\/media\/563579"}],"wp:attachment":[{"href":"https:\/\/shop.kustom.ch\/fr\/wp-json\/wp\/v2\/media?parent=563520"}],"wp:term":[{"taxonomy":"product_brand","embeddable":true,"href":"https:\/\/shop.kustom.ch\/fr\/wp-json\/wp\/v2\/product_brand?post=563520"},{"taxonomy":"product_cat","embeddable":true,"href":"https:\/\/shop.kustom.ch\/fr\/wp-json\/wp\/v2\/product_cat?post=563520"},{"taxonomy":"product_tag","embeddable":true,"href":"https:\/\/shop.kustom.ch\/fr\/wp-json\/wp\/v2\/product_tag?post=563520"}],"curies":[{"name":"wp","href":"https:\/\/api.w.org\/{rel}","templated":true}]}}