{"id":562795,"date":"2025-03-04T05:05:03","date_gmt":"2025-03-04T04:05:03","guid":{"rendered":"https:\/\/shop.kustom.ch\/?post_type=product&#038;p=562795"},"modified":"2026-03-30T14:43:21","modified_gmt":"2026-03-30T13:43:21","slug":"jacke-industry","status":"publish","type":"product","link":"https:\/\/shop.kustom.ch\/fr\/produit\/jacke-industry\/","title":{"rendered":"Veste INDUSTRY"},"content":{"rendered":"<p>Tissu l\u00e9ger au m\u00e8tre. Triples coutures rabattues aux manches, aux \u00e9paules et sur les c\u00f4t\u00e9s. Col montant. Fermeture avec fermeture \u00e9clair, rabat de protection contre les intemp\u00e9ries et boutons-pression cach\u00e9s. Le dos est allong\u00e9. Poches poitrine avec rabat et boutons-pression cach\u00e9s. Poches avant. Anneau en D. La coupe ergonomique des manches permet une grande libert\u00e9 de mouvement. Poche zipp\u00e9e sous le rabat de protection contre les intemp\u00e9ries. Poches int\u00e9rieures. Ceinture avec r\u00e9glage par bouton-pression. Poignets avec r\u00e9glage par bouton-pression. Coutures contrast\u00e9es. Effets r\u00e9fl\u00e9chissants.<\/p>\n<p>OEKO-TEX\u00ae STANDARD 100 ; ProWash\u00ae - EN ISO 15797<br \/>\n65% polyester\/35% coton<br \/>\nStructure en toile.<br \/>\n260 g\/m<br \/>\nLavage couleur, max. 60\u00b0 C ; Pas de blanchiment ; Supporte le s\u00e8che-linge - temp\u00e9rature de d\u00e9part max. 80\u00b0 C ; Repassage \u00e0 temp\u00e9rature moyenne, max. 150\u00b0 C ; Supporte le nettoyage normal<\/p>\n<p><a href=\"https:\/\/mascotsitecore-1ccb8.kxcdn.com\/pdf\/10109-154-010-de.pdf\" target=\"_blank\" rel=\"noopener\"><u>Ouvrir la fiche produit<\/u><\/a><\/p>","protected":false},"excerpt":{"rendered":"<ul>\n<li>Des coutures r\u00e9sistantes \u00e0 triple rabattage sur les manches, les \u00e9paules et les c\u00f4t\u00e9s prolongent la dur\u00e9e de vie du produit.<\/li>\n<li>La poche int\u00e9rieure sous la bande de protection contre les intemp\u00e9ries permet par exemple d'acc\u00e9der facilement \u00e0 un t\u00e9l\u00e9phone portable sans devoir ouvrir la veste elle-m\u00eame.<\/li>\n<li>Grande libert\u00e9 de mouvement gr\u00e2ce aux manches coup\u00e9es en forme.<\/li>\n<li>Ourlet l\u00e9g\u00e8rement allong\u00e9 dans le dos.<\/li>\n<li>Am\u00e9lioration de la visibilit\u00e9 pour l'entourage \u00e0 l'aide d'effets r\u00e9fl\u00e9chissants.<\/li>\n<li>Le produit est adapt\u00e9 au lavage industriel.<\/li>\n<\/ul>","protected":false},"featured_media":562832,"template":"","meta":[],"product_brand":[],"product_cat":[4186],"product_tag":[],"class_list":{"0":"post-562795","1":"product","2":"type-product","3":"status-publish","4":"has-post-thumbnail","6":"product_cat-jacken","7":"pa_brand-mascot","8":"pa_brand-type-workwear","9":"pa_filter-color-grau","10":"pa_filter-color-schwarz","12":"first","13":"instock","14":"sale","15":"taxable","16":"shipping-taxable","17":"purchasable","18":"product-type-variable","19":"add-to-wishlist-before_image"},"exclude_global_add_ons":[],"addons":[],"acf":[],"_links":{"self":[{"href":"https:\/\/shop.kustom.ch\/fr\/wp-json\/wp\/v2\/product\/562795"}],"collection":[{"href":"https:\/\/shop.kustom.ch\/fr\/wp-json\/wp\/v2\/product"}],"about":[{"href":"https:\/\/shop.kustom.ch\/fr\/wp-json\/wp\/v2\/types\/product"}],"wp:featuredmedia":[{"embeddable":true,"href":"https:\/\/shop.kustom.ch\/fr\/wp-json\/wp\/v2\/media\/562832"}],"wp:attachment":[{"href":"https:\/\/shop.kustom.ch\/fr\/wp-json\/wp\/v2\/media?parent=562795"}],"wp:term":[{"taxonomy":"product_brand","embeddable":true,"href":"https:\/\/shop.kustom.ch\/fr\/wp-json\/wp\/v2\/product_brand?post=562795"},{"taxonomy":"product_cat","embeddable":true,"href":"https:\/\/shop.kustom.ch\/fr\/wp-json\/wp\/v2\/product_cat?post=562795"},{"taxonomy":"product_tag","embeddable":true,"href":"https:\/\/shop.kustom.ch\/fr\/wp-json\/wp\/v2\/product_tag?post=562795"}],"curies":[{"name":"wp","href":"https:\/\/api.w.org\/{rel}","templated":true}]}}