{"id":562703,"date":"2025-03-04T05:04:22","date_gmt":"2025-03-04T04:04:22","guid":{"rendered":"https:\/\/shop.kustom.ch\/?post_type=product&#038;p=562703"},"modified":"2026-03-30T14:43:15","modified_gmt":"2026-03-30T13:43:15","slug":"polo-shirt-mit-brusttasche-image","status":"publish","type":"product","link":"https:\/\/shop.kustom.ch\/fr\/produit\/polo-shirt-mit-brusttasche-image\/","title":{"rendered":"Polo avec poche poitrine IMAGE"},"content":{"rendered":"<p>Premium. Bicolore, avec des couleurs vives. Coton peign\u00e9. Bords c\u00f4tes au col. Fermeture \u00e0 glissi\u00e8re au cou. Poche sur la poitrine. Fentes sur les c\u00f4t\u00e9s. Dos allong\u00e9. Coutures contrast\u00e9es. Bandeau de cou.<\/p>\n<p>OEKO-TEX\u00ae STANDARD 100<br \/>\n60% Coton\/40% Polyester<br \/>\nTissu piqu\u00e9 au m\u00e8tre. Peut r\u00e9tr\u00e9cir au maximum de 5%.<br \/>\n180 g\/m<br \/>\nLinge d\u00e9licat, max. 40\u00b0 C ; Ne pas blanchir ; Ne pas s\u00e9cher au s\u00e8che-linge ; Repasser \u00e0 temp\u00e9rature moyenne, max. 150\u00b0 C ; Supporte le nettoyage normal<\/p>\n<p><a href=\"https:\/\/mascotsitecore-1ccb8.kxcdn.com\/pdf\/50302-260-111-de.pdf\" target=\"_blank\" rel=\"noopener\"><u>Ouvrir la fiche produit<\/u><\/a><\/p>","protected":false},"excerpt":{"rendered":"<ul>\n<li>Col avec bordures c\u00f4tel\u00e9es.<\/li>\n<li>Fermeture \u00e0 glissi\u00e8re au cou.<\/li>\n<li>Poche de poitrine.<\/li>\n<li>Fentes sur les c\u00f4t\u00e9s.<\/li>\n<li>Dos l\u00e9g\u00e8rement allong\u00e9.<\/li>\n<\/ul>","protected":false},"featured_media":562762,"template":"","meta":[],"product_brand":[],"product_cat":[4193],"product_tag":[],"class_list":{"0":"post-562703","1":"product","2":"type-product","3":"status-publish","4":"has-post-thumbnail","6":"product_cat-polos","7":"pa_brand-mascot","8":"pa_brand-type-workwear","9":"pa_filter-color-blau","10":"pa_filter-color-grau","11":"pa_filter-color-schwarz","13":"first","14":"instock","15":"sale","16":"taxable","17":"shipping-taxable","18":"purchasable","19":"product-type-variable","20":"add-to-wishlist-before_image"},"exclude_global_add_ons":[],"addons":[],"acf":[],"_links":{"self":[{"href":"https:\/\/shop.kustom.ch\/fr\/wp-json\/wp\/v2\/product\/562703"}],"collection":[{"href":"https:\/\/shop.kustom.ch\/fr\/wp-json\/wp\/v2\/product"}],"about":[{"href":"https:\/\/shop.kustom.ch\/fr\/wp-json\/wp\/v2\/types\/product"}],"wp:featuredmedia":[{"embeddable":true,"href":"https:\/\/shop.kustom.ch\/fr\/wp-json\/wp\/v2\/media\/562762"}],"wp:attachment":[{"href":"https:\/\/shop.kustom.ch\/fr\/wp-json\/wp\/v2\/media?parent=562703"}],"wp:term":[{"taxonomy":"product_brand","embeddable":true,"href":"https:\/\/shop.kustom.ch\/fr\/wp-json\/wp\/v2\/product_brand?post=562703"},{"taxonomy":"product_cat","embeddable":true,"href":"https:\/\/shop.kustom.ch\/fr\/wp-json\/wp\/v2\/product_cat?post=562703"},{"taxonomy":"product_tag","embeddable":true,"href":"https:\/\/shop.kustom.ch\/fr\/wp-json\/wp\/v2\/product_tag?post=562703"}],"curies":[{"name":"wp","href":"https:\/\/api.w.org\/{rel}","templated":true}]}}