{"id":562683,"date":"2025-03-04T05:03:51","date_gmt":"2025-03-04T04:03:51","guid":{"rendered":"https:\/\/shop.kustom.ch\/?post_type=product&#038;p=562683"},"modified":"2026-03-30T14:43:14","modified_gmt":"2026-03-30T13:43:14","slug":"t-shirt-image","status":"publish","type":"product","link":"https:\/\/shop.kustom.ch\/fr\/produit\/t-shirt-image\/","title":{"rendered":"T-shirt IMAGE"},"content":{"rendered":"<p>Premium. Bicolore, avec des couleurs vives. Coton peign\u00e9. Qualit\u00e9 r\u00e9sistante. Pr\u00e9-r\u00e9tr\u00e9ci. Encolure ronde. Bords c\u00f4tes au cou. Bandeau de cou. Fentes sur les c\u00f4t\u00e9s. Dos allong\u00e9. Coutures contrast\u00e9es.<\/p>\n<p>OEKO-TEX\u00ae STANDARD 100<br \/>\n100% Coton<br \/>\nTissu au m\u00e8tre en jersey simple. Peut r\u00e9tr\u00e9cir au maximum 5%.<br \/>\n195 g\/m\u00b2 (en anglais)<br \/>\nLinge d\u00e9licat, max. 40\u00b0 C ; Ne pas blanchir ; Ne pas s\u00e9cher au s\u00e8che-linge ; Repasser \u00e0 temp\u00e9rature moyenne, max. 150\u00b0 C ; Supporte le nettoyage normal<\/p>\n<p><a href=\"https:\/\/mascotsitecore-1ccb8.kxcdn.com\/pdf\/50301-250-111-de.pdf\" target=\"_blank\" rel=\"noopener\"><u>Ouvrir la fiche produit<\/u><\/a><\/p>","protected":false},"excerpt":{"rendered":"<ul>\n<li>Le coton peign\u00e9 absorbe l'humidit\u00e9 et offre un grand confort.<\/li>\n<li>Bords c\u00f4tes au cou.<\/li>\n<li>Garniture de la nuque.<\/li>\n<li>Fentes sur les c\u00f4t\u00e9s.<\/li>\n<li>Ourlet l\u00e9g\u00e8rement allong\u00e9 dans le dos.<\/li>\n<\/ul>","protected":false},"featured_media":562700,"template":"","meta":[],"product_brand":[],"product_cat":[4201],"product_tag":[],"class_list":{"0":"post-562683","1":"product","2":"type-product","3":"status-publish","4":"has-post-thumbnail","6":"product_cat-t-shirts","7":"pa_brand-mascot","8":"pa_brand-type-workwear","9":"pa_filter-color-blau","10":"pa_filter-color-grau","11":"pa_filter-color-schwarz","13":"first","14":"instock","15":"sale","16":"taxable","17":"shipping-taxable","18":"purchasable","19":"product-type-variable","20":"add-to-wishlist-before_image"},"exclude_global_add_ons":[],"addons":[],"acf":[],"_links":{"self":[{"href":"https:\/\/shop.kustom.ch\/fr\/wp-json\/wp\/v2\/product\/562683"}],"collection":[{"href":"https:\/\/shop.kustom.ch\/fr\/wp-json\/wp\/v2\/product"}],"about":[{"href":"https:\/\/shop.kustom.ch\/fr\/wp-json\/wp\/v2\/types\/product"}],"wp:featuredmedia":[{"embeddable":true,"href":"https:\/\/shop.kustom.ch\/fr\/wp-json\/wp\/v2\/media\/562700"}],"wp:attachment":[{"href":"https:\/\/shop.kustom.ch\/fr\/wp-json\/wp\/v2\/media?parent=562683"}],"wp:term":[{"taxonomy":"product_brand","embeddable":true,"href":"https:\/\/shop.kustom.ch\/fr\/wp-json\/wp\/v2\/product_brand?post=562683"},{"taxonomy":"product_cat","embeddable":true,"href":"https:\/\/shop.kustom.ch\/fr\/wp-json\/wp\/v2\/product_cat?post=562683"},{"taxonomy":"product_tag","embeddable":true,"href":"https:\/\/shop.kustom.ch\/fr\/wp-json\/wp\/v2\/product_tag?post=562683"}],"curies":[{"name":"wp","href":"https:\/\/api.w.org\/{rel}","templated":true}]}}