{"id":562644,"date":"2025-03-04T05:03:46","date_gmt":"2025-03-04T04:03:46","guid":{"rendered":"https:\/\/shop.kustom.ch\/?post_type=product&#038;p=562644"},"modified":"2026-03-30T14:43:13","modified_gmt":"2026-03-30T13:43:13","slug":"fleecejacke-image","status":"publish","type":"product","link":"https:\/\/shop.kustom.ch\/fr\/produit\/fleecejacke-image\/","title":{"rendered":"Veste polaire IMAGE"},"content":{"rendered":"<p>Bicolore, en deux couleurs. Tissu au m\u00e8tre avec anti-boulochage. Fermeture \u00e0 glissi\u00e8re, sur toute la longueur. Poche de poitrine avec fermeture \u00e0 glissi\u00e8re. Poches avant avec fermeture \u00e9clair. Poches int\u00e9rieures. Manches ergonomiques permettant une grande libert\u00e9 de mouvement. Bande \u00e9lastique aux poignets. \u00c9lastique r\u00e9glable \u00e0 l'ourlet inf\u00e9rieur.<\/p>\n<p>OEKO-TEX\u00ae STANDARD 100<br \/>\n100% Polyester<br \/>\nTissu polaire au m\u00e8tre.<br \/>\n270 g\/m<br \/>\nLinge d\u00e9licat, max. 40\u00b0 C ; Ne pas blanchir ; Ne pas s\u00e9cher au s\u00e8che-linge ; Ne pas repasser ; Supporte le nettoyage normal<\/p>\n<p><a href=\"https:\/\/mascotsitecore-1ccb8.kxcdn.com\/pdf\/06042-137-8889-de.pdf\" target=\"_blank\" rel=\"noopener\"><u>Ouvrir la fiche produit<\/u><\/a><\/p>","protected":false},"excerpt":{"rendered":"<ul>\n<li>Le tissu polaire anti-boulochage emp\u00eache les n\u0153uds.<\/li>\n<li>Poche de poitrine avec fermeture \u00e0 glissi\u00e8re.<\/li>\n<li>Poches avant zipp\u00e9es pour un rangement s\u00fbr.<\/li>\n<li>Grande libert\u00e9 de mouvement gr\u00e2ce aux manches coup\u00e9es en forme.<\/li>\n<li>Elastique r\u00e9glable \u00e0 l'ourlet.<\/li>\n<\/ul>","protected":false},"featured_media":562697,"template":"","meta":[],"product_brand":[],"product_cat":[4184],"product_tag":[],"class_list":{"0":"post-562644","1":"product","2":"type-product","3":"status-publish","4":"has-post-thumbnail","6":"product_cat-hoodies-pullover","7":"pa_brand-mascot","8":"pa_brand-type-workwear","9":"pa_filter-color-blau","10":"pa_filter-color-grau","11":"pa_filter-color-schwarz","13":"first","14":"instock","15":"sale","16":"taxable","17":"shipping-taxable","18":"purchasable","19":"product-type-variable","20":"add-to-wishlist-before_image"},"exclude_global_add_ons":[],"addons":[],"acf":[],"_links":{"self":[{"href":"https:\/\/shop.kustom.ch\/fr\/wp-json\/wp\/v2\/product\/562644"}],"collection":[{"href":"https:\/\/shop.kustom.ch\/fr\/wp-json\/wp\/v2\/product"}],"about":[{"href":"https:\/\/shop.kustom.ch\/fr\/wp-json\/wp\/v2\/types\/product"}],"wp:featuredmedia":[{"embeddable":true,"href":"https:\/\/shop.kustom.ch\/fr\/wp-json\/wp\/v2\/media\/562697"}],"wp:attachment":[{"href":"https:\/\/shop.kustom.ch\/fr\/wp-json\/wp\/v2\/media?parent=562644"}],"wp:term":[{"taxonomy":"product_brand","embeddable":true,"href":"https:\/\/shop.kustom.ch\/fr\/wp-json\/wp\/v2\/product_brand?post=562644"},{"taxonomy":"product_cat","embeddable":true,"href":"https:\/\/shop.kustom.ch\/fr\/wp-json\/wp\/v2\/product_cat?post=562644"},{"taxonomy":"product_tag","embeddable":true,"href":"https:\/\/shop.kustom.ch\/fr\/wp-json\/wp\/v2\/product_tag?post=562644"}],"curies":[{"name":"wp","href":"https:\/\/api.w.org\/{rel}","templated":true}]}}