{"id":561661,"date":"2025-03-04T03:58:29","date_gmt":"2025-03-04T02:58:29","guid":{"rendered":"https:\/\/shop.kustom.ch\/?post_type=product&#038;p=561661"},"modified":"2026-03-30T14:42:51","modified_gmt":"2026-03-30T13:42:51","slug":"hose-mit-knietaschen-image","status":"publish","type":"product","link":"https:\/\/shop.kustom.ch\/fr\/produit\/hose-mit-knietaschen-image\/","title":{"rendered":"Pantalon avec poches genouill\u00e8res IMAGE"},"content":{"rendered":"<p>Bicolore, avec des motifs. Triples coutures rabattues sur les jambes et \u00e0 l'entrejambe. Passants de ceinture. Braguette avec fermeture \u00e0 glissi\u00e8re. Poches sur le devant. Poche sur la monnaie. Poches arri\u00e8re renforc\u00e9es et munies d'un rabat avec fermeture velcro. Passant pour marteau, r\u00e9glable. Poche sur la cuisse avec rabat et fermeture velcro. Poche m\u00e8tre renforc\u00e9e avec petite poche ext\u00e9rieure. Poches pour les genoux, r\u00e9glables en hauteur.<\/p>\n<p>OEKO-TEX\u00ae STANDARD 100 ; ProWash\u00ae - EN ISO 15797<br \/>\n100% Coton<br \/>\nTissu en serg\u00e9. Peut r\u00e9tr\u00e9cir 3-5%.<br \/>\n355 g\/m<br \/>\nLavage \u00e0 95\u00b0 C maximum ; Pas de blanchiment ; S\u00e8che-linge \u00e0 80\u00b0 C maximum ; Repassage \u00e0 haute temp\u00e9rature, 200\u00b0 C maximum ; Nettoyage \u00e0 sec autoris\u00e9<\/p>\n<p><a href=\"https:\/\/mascotsitecore-1ccb8.kxcdn.com\/pdf\/00955-630-111-de.pdf\" target=\"_blank\" rel=\"noopener\"><u>Ouvrir la fiche produit<\/u><\/a><\/p>","protected":false},"excerpt":{"rendered":"<ul>\n<li>Des coutures r\u00e9sistantes \u00e0 triple rabattage sur les jambes et \u00e0 l'entrejambe prolongent la dur\u00e9e de vie du produit.<\/li>\n<li>Boucle r\u00e9glable pour marteau.<\/li>\n<li>Poche sur la cuisse avec rabat \u00e0 fermeture Velcro.<\/li>\n<li>Poche m\u00e8tre renforc\u00e9e avec petite poche plaqu\u00e9e.<\/li>\n<li>Les poches pour les genoux sont r\u00e9glables en hauteur, de sorte que la protection des genoux est plac\u00e9e de mani\u00e8re optimale sur les genoux.<\/li>\n<li>Le produit est adapt\u00e9 au lavage industriel.<\/li>\n<\/ul>","protected":false},"featured_media":561669,"template":"","meta":[],"product_brand":[],"product_cat":[4185],"product_tag":[],"class_list":{"0":"post-561661","1":"product","2":"type-product","3":"status-publish","4":"has-post-thumbnail","6":"product_cat-hosen","7":"pa_brand-mascot","8":"pa_brand-type-workwear","9":"pa_filter-color-blau","10":"pa_filter-color-grau","11":"pa_filter-color-schwarz","13":"first","14":"instock","15":"sale","16":"taxable","17":"shipping-taxable","18":"purchasable","19":"product-type-variable","20":"add-to-wishlist-before_image"},"exclude_global_add_ons":[],"addons":[],"acf":[],"_links":{"self":[{"href":"https:\/\/shop.kustom.ch\/fr\/wp-json\/wp\/v2\/product\/561661"}],"collection":[{"href":"https:\/\/shop.kustom.ch\/fr\/wp-json\/wp\/v2\/product"}],"about":[{"href":"https:\/\/shop.kustom.ch\/fr\/wp-json\/wp\/v2\/types\/product"}],"wp:featuredmedia":[{"embeddable":true,"href":"https:\/\/shop.kustom.ch\/fr\/wp-json\/wp\/v2\/media\/561669"}],"wp:attachment":[{"href":"https:\/\/shop.kustom.ch\/fr\/wp-json\/wp\/v2\/media?parent=561661"}],"wp:term":[{"taxonomy":"product_brand","embeddable":true,"href":"https:\/\/shop.kustom.ch\/fr\/wp-json\/wp\/v2\/product_brand?post=561661"},{"taxonomy":"product_cat","embeddable":true,"href":"https:\/\/shop.kustom.ch\/fr\/wp-json\/wp\/v2\/product_cat?post=561661"},{"taxonomy":"product_tag","embeddable":true,"href":"https:\/\/shop.kustom.ch\/fr\/wp-json\/wp\/v2\/product_tag?post=561661"}],"curies":[{"name":"wp","href":"https:\/\/api.w.org\/{rel}","templated":true}]}}