{"id":561576,"date":"2025-03-04T03:57:50","date_gmt":"2025-03-04T02:57:50","guid":{"rendered":"https:\/\/shop.kustom.ch\/?post_type=product&#038;p=561576"},"modified":"2026-03-30T14:42:46","modified_gmt":"2026-03-30T13:42:46","slug":"pilotjacke-image-2","status":"publish","type":"product","link":"https:\/\/shop.kustom.ch\/fr\/produit\/pilotjacke-image-2\/","title":{"rendered":"Veste de pilote IMAGE"},"content":{"rendered":"<p>Bicolore, il est tr\u00e8s r\u00e9sistant. R\u00e9sistant \u00e0 l'eau. Doublure en fourrure synth\u00e9tique sur le corps. Doublure en piqu\u00e9 dans les manches. Fermeture avec fermeture \u00e9clair et rabat de protection contre les intemp\u00e9ries \u00e0 l'int\u00e9rieur. Poche de poitrine avec rabat. Anneau en D. Poche poitrine pour t\u00e9l\u00e9phone portable avec rabat r\u00e9glable et poche pour stylo. Poches frontales. Poche int\u00e9rieure avec fermeture \u00e9clair. Poche sur la manche avec fermeture \u00e9clair. Poches pour stylos. Poignets et bord inf\u00e9rieur c\u00f4tel\u00e9s.<\/p>\n<p>OEKO-TEX\u00ae STANDARD 100<br \/>\n52% coton\/48% nylon<br \/>\nSerg\u00e9.<br \/>\n240 g\/m<br \/>\nLinge d\u00e9licat, max. 40\u00b0 C ; Ne pas blanchir ; Ne pas s\u00e9cher au s\u00e8che-linge ; Ne pas repasser ; Supporte le nettoyage normal<\/p>\n<p><a href=\"https:\/\/mascotsitecore-1ccb8.kxcdn.com\/pdf\/00922-620-1101-de.pdf\" target=\"_blank\" rel=\"noopener\"><u>Ouvrir la fiche produit<\/u><\/a><\/p>","protected":false},"excerpt":{"rendered":"<ul>\n<li>Le Bearnylon\u00ae est un mat\u00e9riau hydrofuge et tr\u00e8s r\u00e9sistant.<\/li>\n<li>Doublure en fourrure synth\u00e9tique sur le corps et doublure matelass\u00e9e dans les manches.<\/li>\n<li>Avec fermeture \u00e9clair et rabat de protection contre les intemp\u00e9ries \u00e0 l'int\u00e9rieur, qui emp\u00eache le vent de passer.<\/li>\n<li>Bords c\u00f4tes aux manches et \u00e0 l'ourlet.<\/li>\n<li>Anneau en D pour les cl\u00e9s ou les cartes d'identit\u00e9.<\/li>\n<\/ul>","protected":false},"featured_media":561603,"template":"","meta":[],"product_brand":[],"product_cat":[4186],"product_tag":[],"class_list":{"0":"post-561576","1":"product","2":"type-product","3":"status-publish","4":"has-post-thumbnail","6":"product_cat-jacken","7":"pa_brand-mascot","8":"pa_brand-type-workwear","9":"pa_filter-color-blau","10":"pa_filter-color-grau","11":"pa_filter-color-gruen","12":"pa_filter-color-rot","13":"pa_filter-color-schwarz","15":"first","16":"instock","17":"sale","18":"taxable","19":"shipping-taxable","20":"purchasable","21":"product-type-variable","22":"add-to-wishlist-before_image"},"exclude_global_add_ons":[],"addons":[],"acf":[],"_links":{"self":[{"href":"https:\/\/shop.kustom.ch\/fr\/wp-json\/wp\/v2\/product\/561576"}],"collection":[{"href":"https:\/\/shop.kustom.ch\/fr\/wp-json\/wp\/v2\/product"}],"about":[{"href":"https:\/\/shop.kustom.ch\/fr\/wp-json\/wp\/v2\/types\/product"}],"wp:featuredmedia":[{"embeddable":true,"href":"https:\/\/shop.kustom.ch\/fr\/wp-json\/wp\/v2\/media\/561603"}],"wp:attachment":[{"href":"https:\/\/shop.kustom.ch\/fr\/wp-json\/wp\/v2\/media?parent=561576"}],"wp:term":[{"taxonomy":"product_brand","embeddable":true,"href":"https:\/\/shop.kustom.ch\/fr\/wp-json\/wp\/v2\/product_brand?post=561576"},{"taxonomy":"product_cat","embeddable":true,"href":"https:\/\/shop.kustom.ch\/fr\/wp-json\/wp\/v2\/product_cat?post=561576"},{"taxonomy":"product_tag","embeddable":true,"href":"https:\/\/shop.kustom.ch\/fr\/wp-json\/wp\/v2\/product_tag?post=561576"}],"curies":[{"name":"wp","href":"https:\/\/api.w.org\/{rel}","templated":true}]}}