{"id":561446,"date":"2025-03-04T03:56:54","date_gmt":"2025-03-04T02:56:54","guid":{"rendered":"https:\/\/shop.kustom.ch\/?post_type=product&#038;p=561446"},"modified":"2026-03-30T14:42:41","modified_gmt":"2026-03-30T13:42:41","slug":"jacke-image-2","status":"publish","type":"product","link":"https:\/\/shop.kustom.ch\/fr\/produit\/jacke-image-2\/","title":{"rendered":"Veste IMAGE"},"content":{"rendered":"<p>Deux couleurs. Double surpiq\u00fbre aux manches et triple surpiq\u00fbre sur les c\u00f4t\u00e9s. Fermeture avec fermeture \u00e9clair et rabat de protection contre les intemp\u00e9ries avec boutons-pression. Poche de poitrine avec rabat et bouton-pression. Poche poitrine pour t\u00e9l\u00e9phone portable avec rabat r\u00e9glable et poche pour stylo \u00e0 bille. Poches frontales. Poche int\u00e9rieure avec fermeture \u00e9clair. Poche sur la manche avec fermeture velcro. Taille avec r\u00e9glage par bouton-pression. Poignets avec r\u00e9glage par bouton-pression. Soufflets d'aisance dans le dos. Ventilation sous les manches.<\/p>\n<p>OEKO-TEX\u00ae STANDARD 100 ; ProWash\u00ae - EN ISO 15797<br \/>\n65% polyester\/35% coton<br \/>\nTissu en serg\u00e9. Peut r\u00e9tr\u00e9cir 1-2%.<br \/>\n310 g\/m<br \/>\nLavage couleur, max. 60\u00b0 C ; Pas de blanchiment ; Supporte le s\u00e8che-linge - temp\u00e9rature de d\u00e9part max. 80\u00b0 C ; Repassage \u00e0 temp\u00e9rature moyenne, max. 150\u00b0 C ; Supporte le nettoyage normal<\/p>\n<p><a href=\"https:\/\/mascotsitecore-1ccb8.kxcdn.com\/pdf\/00909-430-1101-de.pdf\" target=\"_blank\" rel=\"noopener\"><u>Ouvrir la fiche produit<\/u><\/a><\/p>","protected":false},"excerpt":{"rendered":"<ul>\n<li>Les triples coutures en pointe r\u00e9sistantes prolongent la dur\u00e9e de vie du produit.<\/li>\n<li>Avec fermeture \u00e9clair et rabat de protection contre les intemp\u00e9ries avec boutons-pression.<\/li>\n<li>Ajustement individuel gr\u00e2ce \u00e0 la taille r\u00e9glable.<\/li>\n<li>Manchettes r\u00e9glables.<\/li>\n<li>Soufflets d'extension dans le dos pour une plus grande libert\u00e9 de mouvement.<\/li>\n<li>Le produit est adapt\u00e9 au lavage industriel.<\/li>\n<\/ul>","protected":false},"featured_media":561475,"template":"","meta":[],"product_brand":[],"product_cat":[4186],"product_tag":[],"class_list":{"0":"post-561446","1":"product","2":"type-product","3":"status-publish","4":"has-post-thumbnail","6":"product_cat-jacken","7":"pa_brand-mascot","8":"pa_brand-type-workwear","9":"pa_filter-color-blau","10":"pa_filter-color-grau","11":"pa_filter-color-gruen","12":"pa_filter-color-rot","13":"pa_filter-color-schwarz","15":"first","16":"instock","17":"sale","18":"taxable","19":"shipping-taxable","20":"purchasable","21":"product-type-variable","22":"add-to-wishlist-before_image"},"exclude_global_add_ons":[],"addons":[],"acf":[],"_links":{"self":[{"href":"https:\/\/shop.kustom.ch\/fr\/wp-json\/wp\/v2\/product\/561446"}],"collection":[{"href":"https:\/\/shop.kustom.ch\/fr\/wp-json\/wp\/v2\/product"}],"about":[{"href":"https:\/\/shop.kustom.ch\/fr\/wp-json\/wp\/v2\/types\/product"}],"wp:featuredmedia":[{"embeddable":true,"href":"https:\/\/shop.kustom.ch\/fr\/wp-json\/wp\/v2\/media\/561475"}],"wp:attachment":[{"href":"https:\/\/shop.kustom.ch\/fr\/wp-json\/wp\/v2\/media?parent=561446"}],"wp:term":[{"taxonomy":"product_brand","embeddable":true,"href":"https:\/\/shop.kustom.ch\/fr\/wp-json\/wp\/v2\/product_brand?post=561446"},{"taxonomy":"product_cat","embeddable":true,"href":"https:\/\/shop.kustom.ch\/fr\/wp-json\/wp\/v2\/product_cat?post=561446"},{"taxonomy":"product_tag","embeddable":true,"href":"https:\/\/shop.kustom.ch\/fr\/wp-json\/wp\/v2\/product_tag?post=561446"}],"curies":[{"name":"wp","href":"https:\/\/api.w.org\/{rel}","templated":true}]}}