{"id":561407,"date":"2025-03-04T03:56:17","date_gmt":"2025-03-04T02:56:17","guid":{"rendered":"https:\/\/shop.kustom.ch\/?post_type=product&#038;p=561407"},"modified":"2026-03-30T14:42:38","modified_gmt":"2026-03-30T13:42:38","slug":"jacke-image","status":"publish","type":"product","link":"https:\/\/shop.kustom.ch\/fr\/produit\/jacke-image\/","title":{"rendered":"Veste IMAGE"},"content":{"rendered":"<p>Deux couleurs. Double surpiq\u00fbre aux manches et triple surpiq\u00fbre sur les c\u00f4t\u00e9s. Fermeture avec fermeture \u00e9clair et rabat de protection contre les intemp\u00e9ries avec boutons-pression. Poche de poitrine avec rabat et bouton-pression. Poche poitrine pour t\u00e9l\u00e9phone portable avec rabat r\u00e9glable et poche pour stylo \u00e0 bille. Poches frontales. Poche int\u00e9rieure avec fermeture \u00e9clair. Poche sur la manche avec fermeture velcro. Taille avec r\u00e9glage par bouton-pression. Poignets avec r\u00e9glage par bouton-pression. Soufflets d'aisance dans le dos. Ventilation sous les manches.<\/p>\n<p>OEKO-TEX\u00ae STANDARD 100 ; ProWash\u00ae - EN ISO 15797<br \/>\n100% Coton<br \/>\nTissu en serg\u00e9. Peut r\u00e9tr\u00e9cir 3-5%.<br \/>\n355 g\/m<br \/>\nLavage \u00e0 95\u00b0 C maximum ; Pas de blanchiment ; S\u00e8che-linge \u00e0 80\u00b0 C maximum ; Repassage \u00e0 haute temp\u00e9rature, 200\u00b0 C maximum ; Nettoyage \u00e0 sec autoris\u00e9<\/p>\n<p><a href=\"https:\/\/mascotsitecore-1ccb8.kxcdn.com\/pdf\/00907-630-111-de.pdf\" target=\"_blank\" rel=\"noopener\"><u>Ouvrir la fiche produit<\/u><\/a><\/p>","protected":false},"excerpt":{"rendered":"<ul>\n<li>Les triples coutures en pointe r\u00e9sistantes prolongent la dur\u00e9e de vie du produit.<\/li>\n<li>Avec fermeture \u00e9clair et rabat de protection contre les intemp\u00e9ries avec boutons-pression.<\/li>\n<li>Ajustement individuel gr\u00e2ce \u00e0 la taille r\u00e9glable.<\/li>\n<li>Manchettes r\u00e9glables.<\/li>\n<li>Soufflets d'extension dans le dos pour une plus grande libert\u00e9 de mouvement.<\/li>\n<li>Le produit est adapt\u00e9 au lavage industriel.<\/li>\n<\/ul>","protected":false},"featured_media":561429,"template":"","meta":[],"product_brand":[],"product_cat":[4186],"product_tag":[],"class_list":{"0":"post-561407","1":"product","2":"type-product","3":"status-publish","4":"has-post-thumbnail","6":"product_cat-jacken","7":"pa_brand-mascot","8":"pa_brand-type-workwear","9":"pa_filter-color-blau","10":"pa_filter-color-grau","11":"pa_filter-color-schwarz","13":"first","14":"instock","15":"sale","16":"taxable","17":"shipping-taxable","18":"purchasable","19":"product-type-variable","20":"add-to-wishlist-before_image"},"exclude_global_add_ons":[],"addons":[],"acf":[],"_links":{"self":[{"href":"https:\/\/shop.kustom.ch\/fr\/wp-json\/wp\/v2\/product\/561407"}],"collection":[{"href":"https:\/\/shop.kustom.ch\/fr\/wp-json\/wp\/v2\/product"}],"about":[{"href":"https:\/\/shop.kustom.ch\/fr\/wp-json\/wp\/v2\/types\/product"}],"wp:featuredmedia":[{"embeddable":true,"href":"https:\/\/shop.kustom.ch\/fr\/wp-json\/wp\/v2\/media\/561429"}],"wp:attachment":[{"href":"https:\/\/shop.kustom.ch\/fr\/wp-json\/wp\/v2\/media?parent=561407"}],"wp:term":[{"taxonomy":"product_brand","embeddable":true,"href":"https:\/\/shop.kustom.ch\/fr\/wp-json\/wp\/v2\/product_brand?post=561407"},{"taxonomy":"product_cat","embeddable":true,"href":"https:\/\/shop.kustom.ch\/fr\/wp-json\/wp\/v2\/product_cat?post=561407"},{"taxonomy":"product_tag","embeddable":true,"href":"https:\/\/shop.kustom.ch\/fr\/wp-json\/wp\/v2\/product_tag?post=561407"}],"curies":[{"name":"wp","href":"https:\/\/api.w.org\/{rel}","templated":true}]}}