{"id":561392,"date":"2025-03-04T03:56:15","date_gmt":"2025-03-04T02:56:15","guid":{"rendered":"https:\/\/shop.kustom.ch\/?post_type=product&#038;p=561392"},"modified":"2026-03-30T14:42:37","modified_gmt":"2026-03-30T13:42:37","slug":"winterweste-hardwear","status":"publish","type":"product","link":"https:\/\/shop.kustom.ch\/fr\/produit\/winterweste-hardwear\/","title":{"rendered":"Gilet d'hiver HARDWEAR"},"content":{"rendered":"<p>R\u00e9sistant \u00e0 l'eau. Rembourr\u00e9 avec du polyester. Fermeture \u00e9clair sur toute la longueur. Poches avant avec fermeture \u00e9clair. Anneau en D. Poche int\u00e9rieure avec fermeture \u00e9clair. Elastique aux emmanchures et au bord inf\u00e9rieur. Tissu stretch sur les c\u00f4t\u00e9s.<\/p>\n<p>OEKO-TEX\u00ae STANDARD 100<br \/>\n100% Polyamide<br \/>\nRipstop.<br \/>\n390 g\/m<br \/>\nLinge d\u00e9licat, max. 40\u00b0 C ; Ne pas blanchir ; Ne pas s\u00e9cher au s\u00e8che-linge ; Ne pas repasser ; Supporte le nettoyage normal<\/p>\n<p><a href=\"https:\/\/mascotsitecore-1ccb8.kxcdn.com\/pdf\/50449-893-09-de.pdf\" target=\"_blank\" rel=\"noopener\"><u>Ouvrir la fiche produit<\/u><\/a><\/p>","protected":false},"excerpt":{"rendered":"<ul>\n<li>R\u00e9sistant \u00e0 l'eau.<\/li>\n<li>Matelass\u00e9 et avec tissu stretch sur les c\u00f4t\u00e9s - r\u00e9chauffe efficacement le corps sous une veste.<\/li>\n<li>Poches avant zipp\u00e9es pour un rangement s\u00fbr.<\/li>\n<li>Anneau en D pour les cl\u00e9s ou les cartes d'identit\u00e9.<\/li>\n<li>L'\u00e9lastique aux emmanchures ferme bien et permet de garder la chaleur sur le corps.<\/li>\n<\/ul>","protected":false},"featured_media":561427,"template":"","meta":[],"product_brand":[],"product_cat":[4208],"product_tag":[],"class_list":{"0":"post-561392","1":"product","2":"type-product","3":"status-publish","4":"has-post-thumbnail","6":"product_cat-westen","7":"pa_brand-mascot","8":"pa_brand-type-workwear","9":"pa_filter-color-schwarz","11":"first","12":"instock","13":"sale","14":"taxable","15":"shipping-taxable","16":"purchasable","17":"product-type-variable","18":"add-to-wishlist-before_image"},"exclude_global_add_ons":[],"addons":[],"acf":[],"_links":{"self":[{"href":"https:\/\/shop.kustom.ch\/fr\/wp-json\/wp\/v2\/product\/561392"}],"collection":[{"href":"https:\/\/shop.kustom.ch\/fr\/wp-json\/wp\/v2\/product"}],"about":[{"href":"https:\/\/shop.kustom.ch\/fr\/wp-json\/wp\/v2\/types\/product"}],"wp:featuredmedia":[{"embeddable":true,"href":"https:\/\/shop.kustom.ch\/fr\/wp-json\/wp\/v2\/media\/561427"}],"wp:attachment":[{"href":"https:\/\/shop.kustom.ch\/fr\/wp-json\/wp\/v2\/media?parent=561392"}],"wp:term":[{"taxonomy":"product_brand","embeddable":true,"href":"https:\/\/shop.kustom.ch\/fr\/wp-json\/wp\/v2\/product_brand?post=561392"},{"taxonomy":"product_cat","embeddable":true,"href":"https:\/\/shop.kustom.ch\/fr\/wp-json\/wp\/v2\/product_cat?post=561392"},{"taxonomy":"product_tag","embeddable":true,"href":"https:\/\/shop.kustom.ch\/fr\/wp-json\/wp\/v2\/product_tag?post=561392"}],"curies":[{"name":"wp","href":"https:\/\/api.w.org\/{rel}","templated":true}]}}