{"id":561310,"date":"2025-03-04T03:54:59","date_gmt":"2025-03-04T02:54:59","guid":{"rendered":"https:\/\/shop.kustom.ch\/?post_type=product&#038;p=561310"},"modified":"2026-03-30T14:42:32","modified_gmt":"2026-03-30T13:42:32","slug":"winterhose-hardwear","status":"publish","type":"product","link":"https:\/\/shop.kustom.ch\/fr\/produit\/winterhose-hardwear\/","title":{"rendered":"Pantalon d'hiver HARDWEAR"},"content":{"rendered":"<p>Tissu hautement r\u00e9sistant, respirant, coupe-vent et imperm\u00e9able. Avec CLIMASCOT\u00ae Lightweight Insulation. Les coutures sont coll\u00e9es. Les jambes du pantalon ont une forme ergonomique. Passants de ceinture. Braguette avec fermeture \u00e9clair. Poches \u00e0 l'avant. Poches arri\u00e8re avec rabat. Passants pour marteau dissimul\u00e9s des deux c\u00f4t\u00e9s. Poche m\u00e8tre avec renforts Kevlar\u00ae. Poches avec rabat sur le devant de la cuisse. Poche sur la cuisse avec poche doubl\u00e9e pour t\u00e9l\u00e9phone portable, fermeture magn\u00e9tique et porte-carte d'identit\u00e9 int\u00e9gr\u00e9. Porte-carte d'identit\u00e9 amovible. Bretelles en \u00e9lastique solide, r\u00e9glables et amovibles. Taille sur\u00e9lev\u00e9e \u00e0 l'arri\u00e8re pour une meilleure protection contre le froid. Poches genouill\u00e8res en CORDURA\u00ae (500 D) r\u00e9sistant \u00e0 l'usure, r\u00e9glables en hauteur. Jupe pare-neige \u00e0 l'int\u00e9rieur des jambes. Fermeture \u00e9clair avec rabat de protection contre les intemp\u00e9ries \u00e0 l'ext\u00e9rieur des jambes. R\u00e9flexes sur la jambe.<\/p>\n<p>OEKO-TEX\u00ae STANDARD 100 ; EN 342 3\/WP ; EN 343 4-1-X<br \/>\n100% Polyester<br \/>\ntissu ripstop. Colonne d'eau &gt; 10.000 mm selon EN ISO 811.<br \/>\n210 g\/m\u00b2 (1,5 lb)<br \/>\nLavage de couleur, max. 60\u00b0 C ; Ne pas blanchir ; Ne pas s\u00e9cher au s\u00e8che-linge ; Ne pas repasser ; Supporte le nettoyage normal<\/p>\n<p><a href=\"https:\/\/mascotsitecore-1ccb8.kxcdn.com\/pdf\/23090-231-010-de.pdf\" target=\"_blank\" rel=\"noopener\"><u>Ouvrir la fiche produit<\/u><\/a><\/p>","protected":false},"excerpt":{"rendered":"<ul>\n<li>Respirant, \u00e9tanche au vent et \u00e0 l'eau avec coutures scell\u00e9es.<\/li>\n<li>Extr\u00eamement r\u00e9sistant.<\/li>\n<li>L'isolation CLIMASCOT\u00ae unique en son genre r\u00e9chauffe efficacement, est l\u00e9g\u00e8re, douce et peut \u00eatre comprim\u00e9e dans un faible volume.<\/li>\n<li>Jambes de pantalons ergonomiques, form\u00e9es selon les mouvements naturels du corps.<\/li>\n<li>Poche m\u00e8tre pliant avec renforts Kevlar\u00ae - particuli\u00e8rement r\u00e9sistante aux objets pointus et tranchants.<\/li>\n<li>Les poches genouill\u00e8res en tissu CORDURA\u00ae r\u00e9sistant sont r\u00e9glables, de sorte que la protection des genoux soit toujours plac\u00e9e de mani\u00e8re optimale.<\/li>\n<li>La partie dorsale relev\u00e9e soutient et offre une protection suppl\u00e9mentaire contre le vent et le froid dans le bas du dos.<\/li>\n<li>La jupe pare-neige \u00e0 l'int\u00e9rieur de la jambe maintient la neige et la salet\u00e9 \u00e0 l'ext\u00e9rieur.<\/li>\n<\/ul>","protected":false},"featured_media":561371,"template":"","meta":[],"product_brand":[],"product_cat":[4185],"product_tag":[],"class_list":{"0":"post-561310","1":"product","2":"type-product","3":"status-publish","4":"has-post-thumbnail","6":"product_cat-hosen","7":"pa_brand-mascot","8":"pa_brand-type-workwear","9":"pa_filter-color-schwarz","11":"first","12":"instock","13":"sale","14":"taxable","15":"shipping-taxable","16":"purchasable","17":"product-type-variable","18":"add-to-wishlist-before_image"},"exclude_global_add_ons":[],"addons":[],"acf":[],"_links":{"self":[{"href":"https:\/\/shop.kustom.ch\/fr\/wp-json\/wp\/v2\/product\/561310"}],"collection":[{"href":"https:\/\/shop.kustom.ch\/fr\/wp-json\/wp\/v2\/product"}],"about":[{"href":"https:\/\/shop.kustom.ch\/fr\/wp-json\/wp\/v2\/types\/product"}],"wp:featuredmedia":[{"embeddable":true,"href":"https:\/\/shop.kustom.ch\/fr\/wp-json\/wp\/v2\/media\/561371"}],"wp:attachment":[{"href":"https:\/\/shop.kustom.ch\/fr\/wp-json\/wp\/v2\/media?parent=561310"}],"wp:term":[{"taxonomy":"product_brand","embeddable":true,"href":"https:\/\/shop.kustom.ch\/fr\/wp-json\/wp\/v2\/product_brand?post=561310"},{"taxonomy":"product_cat","embeddable":true,"href":"https:\/\/shop.kustom.ch\/fr\/wp-json\/wp\/v2\/product_cat?post=561310"},{"taxonomy":"product_tag","embeddable":true,"href":"https:\/\/shop.kustom.ch\/fr\/wp-json\/wp\/v2\/product_tag?post=561310"}],"curies":[{"name":"wp","href":"https:\/\/api.w.org\/{rel}","templated":true}]}}