{"id":561303,"date":"2025-03-04T03:54:58","date_gmt":"2025-03-04T02:54:58","guid":{"rendered":"https:\/\/shop.kustom.ch\/?post_type=product&#038;p=561303"},"modified":"2026-03-30T14:42:31","modified_gmt":"2026-03-30T13:42:31","slug":"winteroverall-hardwear","status":"publish","type":"product","link":"https:\/\/shop.kustom.ch\/fr\/produit\/winteroverall-hardwear\/","title":{"rendered":"Combinaison d'hiver HARDWEAR"},"content":{"rendered":"<p>Bicolore, elle est tr\u00e8s r\u00e9sistante. Respirant, imperm\u00e9able au vent et \u00e0 l'eau. Les coutures sont coll\u00e9es. Capuche amovible, doubl\u00e9e et munie de cordons \u00e9lastiques r\u00e9glables. Stabilisation r\u00e9glable de chaque c\u00f4t\u00e9 de la capuche. Doublure en piqu\u00e9. Col montant avec bord-c\u00f4te \u00e0 l'int\u00e9rieur. Ouvertures d'a\u00e9ration avec fermeture \u00e0 glissi\u00e8re sous les bras. Fermeture avec fermeture \u00e9clair, rabat de protection contre les intemp\u00e9ries et boutons-pression cach\u00e9s. La coupe ergonomique des manches permet une grande libert\u00e9 de mouvement. Manches avec coupe-vent en COOLMAX\u00ae ALL SEASON qui \u00e9vacue la transpiration - r\u00e9glables en longueur et avec trou pour le pouce. Manchettes avec boutons-pression. Poches poitrine avec fermeture \u00e9clair. Anneau en D. Poches arri\u00e8re avec rabat et boutons-pression cach\u00e9s. Poche sur la cuisse avec poche pour t\u00e9l\u00e9phone portable, rabat et boutons-pression cach\u00e9s. Fermeture \u00e0 glissi\u00e8re avec rabat de protection contre les intemp\u00e9ries \u00e0 l'ext\u00e9rieur de la jambe. Poches genouill\u00e8res r\u00e9glables en hauteur avec rabat et acc\u00e8s par le haut. Pare-neige \u00e0 l'int\u00e9rieur des jambes. Effets r\u00e9fl\u00e9chissants.<\/p>\n<p>OEKO-TEX\u00ae STANDARD 100<br \/>\n100% Polyester<br \/>\ntissu ripstop. Colonne d'eau &gt; 10.000 mm selon EN ISO 811.<br \/>\n210 g\/m\u00b2 (1,5 lb)<br \/>\nLavage de couleur, max. 60\u00b0 C ; Ne pas blanchir ; Ne pas s\u00e9cher au s\u00e8che-linge ; Ne pas repasser ; Supporte le nettoyage normal<\/p>\n<p><a href=\"https:\/\/mascotsitecore-1ccb8.kxcdn.com\/pdf\/17019-231-0917-de.pdf\" target=\"_blank\" rel=\"noopener\"><u>Ouvrir la fiche produit<\/u><\/a><\/p>","protected":false},"excerpt":{"rendered":"<ul>\n<li>Respirant, \u00e9tanche au vent et \u00e0 l'eau avec coutures scell\u00e9es.<\/li>\n<li>Fermeture \u00e9clair extra-longue avec bande de protection contre les intemp\u00e9ries \u00e0 l'ext\u00e9rieur de la jambe, pour une utilisation facile avec des bottes.<\/li>\n<li>Les poches pour les genoux sont r\u00e9glables en hauteur, de sorte que la protection des genoux est plac\u00e9e de mani\u00e8re optimale sur les genoux.<\/li>\n<li>La jupe pare-neige \u00e0 l'int\u00e9rieur de la jambe maintient la neige et la salet\u00e9 \u00e0 l'ext\u00e9rieur.<\/li>\n<li>Grande libert\u00e9 de mouvement gr\u00e2ce aux manches coup\u00e9es en forme.<\/li>\n<li>Manches avec coupe-vent en COOLMAX\u00ae ALL SEASON qui \u00e9vacue la transpiration - longueur r\u00e9glable et trou pour le pouce.<\/li>\n<\/ul>","protected":false},"featured_media":561327,"template":"","meta":[],"product_brand":[],"product_cat":[10454],"product_tag":[],"class_list":{"0":"post-561303","1":"product","2":"type-product","3":"status-publish","4":"has-post-thumbnail","6":"product_cat-overalls","7":"pa_brand-mascot","8":"pa_brand-type-workwear","9":"pa_filter-color-gelb","10":"pa_filter-color-schwarz","12":"first","13":"instock","14":"sale","15":"taxable","16":"shipping-taxable","17":"purchasable","18":"product-type-variable","19":"add-to-wishlist-before_image"},"exclude_global_add_ons":[],"addons":[],"acf":[],"_links":{"self":[{"href":"https:\/\/shop.kustom.ch\/fr\/wp-json\/wp\/v2\/product\/561303"}],"collection":[{"href":"https:\/\/shop.kustom.ch\/fr\/wp-json\/wp\/v2\/product"}],"about":[{"href":"https:\/\/shop.kustom.ch\/fr\/wp-json\/wp\/v2\/types\/product"}],"wp:featuredmedia":[{"embeddable":true,"href":"https:\/\/shop.kustom.ch\/fr\/wp-json\/wp\/v2\/media\/561327"}],"wp:attachment":[{"href":"https:\/\/shop.kustom.ch\/fr\/wp-json\/wp\/v2\/media?parent=561303"}],"wp:term":[{"taxonomy":"product_brand","embeddable":true,"href":"https:\/\/shop.kustom.ch\/fr\/wp-json\/wp\/v2\/product_brand?post=561303"},{"taxonomy":"product_cat","embeddable":true,"href":"https:\/\/shop.kustom.ch\/fr\/wp-json\/wp\/v2\/product_cat?post=561303"},{"taxonomy":"product_tag","embeddable":true,"href":"https:\/\/shop.kustom.ch\/fr\/wp-json\/wp\/v2\/product_tag?post=561303"}],"curies":[{"name":"wp","href":"https:\/\/api.w.org\/{rel}","templated":true}]}}