{"id":560600,"date":"2025-03-04T03:44:56","date_gmt":"2025-03-04T02:44:56","guid":{"rendered":"https:\/\/shop.kustom.ch\/?post_type=product&#038;p=560600"},"modified":"2026-03-30T14:42:13","modified_gmt":"2026-03-30T13:42:13","slug":"hose-mit-haengetaschen-hardwear-2","status":"publish","type":"product","link":"https:\/\/shop.kustom.ch\/fr\/produit\/hose-mit-haengetaschen-hardwear-2\/","title":{"rendered":"Pantalon avec poches suspendues HARDWEAR"},"content":{"rendered":"<p>Double et triple coutures rabattues sur les jambes et \u00e0 l'entrejambe. Taille basse et ceinture moul\u00e9e. Les jambes du pantalon ont une forme ergonomique. Passants de ceinture. Anneau en D. Braguette avec fermeture \u00e0 glissi\u00e8re. Passants pour outils de chaque c\u00f4t\u00e9 de la ceinture. Poches suspendues avec renforts, poches suppl\u00e9mentaires et boucles pour outils. Braguette pour ranger les poches suspendues. Poches avant. Poches arri\u00e8re avec renforts et rabat avec fermeture velcro. Passants pour marteaux, r\u00e9glables. Poche sur la cuisse avec poche pour t\u00e9l\u00e9phone portable, rabat et fermeture velcro. Poche m\u00e8tre en tissu CORDURA\u00ae. Poche pour stylo. Boutons pour attacher des couteaux. Poches genouill\u00e8res en tissu CORDURA\u00ae (1000 D) super r\u00e9sistant, r\u00e9glables en hauteur et avec rabat et acc\u00e8s par le haut. Coutures contrast\u00e9es. Effets r\u00e9fl\u00e9chissants. Pour ce mod\u00e8le, nous recommandons les protections de genoux suivantes : 00418-100, 00718-100, 50451-916 ou 20118-915. Certifi\u00e9 avec le type de genouill\u00e8re SHORT ou LONG selon EN 14404.<\/p>\n<p>OEKO-TEX\u00ae STANDARD 100<br \/>\n65% polyester\/35% coton<br \/>\nStructure en toile avec effet stretch.<br \/>\n310 g\/m<br \/>\nLavage en couleurs, max. 60\u00b0 C ; Pas de blanchiment ; Supporte le s\u00e8che-linge - temp\u00e9rature de d\u00e9part max. 60\u00b0 C ; Repassage \u00e0 basse temp\u00e9rature, max. 100\u00b0 C ; Supporte le nettoyage normal<\/p>\n<p><a href=\"https:\/\/mascotsitecore-1ccb8.kxcdn.com\/pdf\/08131-010-01-de.pdf\" target=\"_blank\" rel=\"noopener\"><u>Ouvrir la fiche produit<\/u><\/a><\/p>","protected":false},"excerpt":{"rendered":"<ul>\n<li>Les triples coutures en pointe r\u00e9sistantes prolongent la dur\u00e9e de vie du produit.<\/li>\n<li>Jambes de pantalons ergonomiques, form\u00e9es selon les mouvements naturels du corps.<\/li>\n<li>Sacs suspendus renforc\u00e9s avec poches suppl\u00e9mentaires et boucles pour outils.<\/li>\n<li>Poches genouill\u00e8res renforc\u00e9es avec du tissu CORDURA\u00ae, acc\u00e8s \u00e0 la protection des genoux par le haut et rabat pour \u00e9viter l'accumulation de salet\u00e9s.<\/li>\n<li>Am\u00e9lioration de la visibilit\u00e9 pour l'entourage \u00e0 l'aide d'effets r\u00e9fl\u00e9chissants.<\/li>\n<li>Certifi\u00e9 pour une utilisation avec les genouill\u00e8res MASCOT de type SHORT ou LONG, car la poche de genouill\u00e8re est r\u00e9glable en hauteur.<\/li>\n<\/ul>","protected":false},"featured_media":560641,"template":"","meta":[],"product_brand":[],"product_cat":[4185],"product_tag":[],"class_list":{"0":"post-560600","1":"product","2":"type-product","3":"status-publish","4":"has-post-thumbnail","6":"product_cat-hosen","7":"pa_brand-mascot","8":"pa_brand-type-workwear","9":"pa_filter-color-beige","10":"pa_filter-color-blau","11":"pa_filter-color-grau","12":"pa_filter-color-schwarz","13":"pa_filter-color-weiss","15":"first","16":"instock","17":"sale","18":"taxable","19":"shipping-taxable","20":"purchasable","21":"product-type-variable","22":"add-to-wishlist-before_image"},"exclude_global_add_ons":[],"addons":[],"acf":[],"_links":{"self":[{"href":"https:\/\/shop.kustom.ch\/fr\/wp-json\/wp\/v2\/product\/560600"}],"collection":[{"href":"https:\/\/shop.kustom.ch\/fr\/wp-json\/wp\/v2\/product"}],"about":[{"href":"https:\/\/shop.kustom.ch\/fr\/wp-json\/wp\/v2\/types\/product"}],"wp:featuredmedia":[{"embeddable":true,"href":"https:\/\/shop.kustom.ch\/fr\/wp-json\/wp\/v2\/media\/560641"}],"wp:attachment":[{"href":"https:\/\/shop.kustom.ch\/fr\/wp-json\/wp\/v2\/media?parent=560600"}],"wp:term":[{"taxonomy":"product_brand","embeddable":true,"href":"https:\/\/shop.kustom.ch\/fr\/wp-json\/wp\/v2\/product_brand?post=560600"},{"taxonomy":"product_cat","embeddable":true,"href":"https:\/\/shop.kustom.ch\/fr\/wp-json\/wp\/v2\/product_cat?post=560600"},{"taxonomy":"product_tag","embeddable":true,"href":"https:\/\/shop.kustom.ch\/fr\/wp-json\/wp\/v2\/product_tag?post=560600"}],"curies":[{"name":"wp","href":"https:\/\/api.w.org\/{rel}","templated":true}]}}