{"id":560168,"date":"2025-03-04T03:35:41","date_gmt":"2025-03-04T02:35:41","guid":{"rendered":"https:\/\/shop.kustom.ch\/?post_type=product&#038;p=560168"},"modified":"2026-03-30T14:41:47","modified_gmt":"2026-03-30T13:41:47","slug":"hose-mit-schenkeltaschen-hardwear","status":"publish","type":"product","link":"https:\/\/shop.kustom.ch\/fr\/produit\/hose-mit-schenkeltaschen-hardwear\/","title":{"rendered":"Pantalon avec poches sur les cuisses HARDWEAR"},"content":{"rendered":"<p>Triples coutures rabattues sur les jambes et \u00e0 l'entrejambe. Passants de ceinture. Braguette avec fermeture \u00e0 glissi\u00e8re. Poches sur le devant. Poche sur la monnaie. Poches arri\u00e8re renforc\u00e9es et munies d'un rabat avec fermeture velcro. Passant pour marteau, r\u00e9glable. Poche sur la cuisse avec renforts en tissu CORDURA\u00ae et rabat avec fermeture velcro. Poche cuisse pour t\u00e9l\u00e9phone portable avec rabat et fermeture velcro r\u00e9glable. Poche \u00e0 crayons en tissu CORDURA\u00ae. Poche m\u00e8tre pliant en tissu CORDURA\u00ae. Effets r\u00e9fl\u00e9chissants.<\/p>\n<p>OEKO-TEX\u00ae STANDARD 100<br \/>\n65% polyester\/35% coton<br \/>\nStructure en toile avec effet stretch.<br \/>\n310 g\/m<br \/>\nLavage couleur, max. 60\u00b0 C ; Pas de blanchiment ; Supporte le s\u00e8che-linge - temp\u00e9rature de d\u00e9part max. 80\u00b0 C ; Repassage \u00e0 basse temp\u00e9rature, max. 100\u00b0 C ; Supporte le nettoyage normal<\/p>\n<p><a href=\"https:\/\/mascotsitecore-1ccb8.kxcdn.com\/pdf\/03079-010-01-de.pdf\" target=\"_blank\" rel=\"noopener\"><u>Ouvrir la fiche produit<\/u><\/a><\/p>","protected":false},"excerpt":{"rendered":"<ul>\n<li>Des coutures r\u00e9sistantes \u00e0 triple rabattage sur les jambes et \u00e0 l'entrejambe prolongent la dur\u00e9e de vie du produit.<\/li>\n<li>Boucle r\u00e9glable pour marteau.<\/li>\n<li>Poche sur la cuisse avec renforts en tissu CORDURA\u00ae et rabat avec fermeture velcro.<\/li>\n<li>Poche m\u00e8tre pliant et poche stylo en tissu CORDURA\u00ae.<\/li>\n<li>Am\u00e9lioration de la visibilit\u00e9 pour l'entourage \u00e0 l'aide d'effets r\u00e9fl\u00e9chissants.<\/li>\n<\/ul>","protected":false},"featured_media":560210,"template":"","meta":[],"product_brand":[],"product_cat":[4185],"product_tag":[],"class_list":{"0":"post-560168","1":"product","2":"type-product","3":"status-publish","4":"has-post-thumbnail","6":"product_cat-hosen","7":"pa_brand-mascot","8":"pa_brand-type-workwear","9":"pa_filter-color-blau","10":"pa_filter-color-schwarz","12":"first","13":"instock","14":"sale","15":"taxable","16":"shipping-taxable","17":"purchasable","18":"product-type-variable","19":"add-to-wishlist-before_image"},"exclude_global_add_ons":[],"addons":[],"acf":[],"_links":{"self":[{"href":"https:\/\/shop.kustom.ch\/fr\/wp-json\/wp\/v2\/product\/560168"}],"collection":[{"href":"https:\/\/shop.kustom.ch\/fr\/wp-json\/wp\/v2\/product"}],"about":[{"href":"https:\/\/shop.kustom.ch\/fr\/wp-json\/wp\/v2\/types\/product"}],"wp:featuredmedia":[{"embeddable":true,"href":"https:\/\/shop.kustom.ch\/fr\/wp-json\/wp\/v2\/media\/560210"}],"wp:attachment":[{"href":"https:\/\/shop.kustom.ch\/fr\/wp-json\/wp\/v2\/media?parent=560168"}],"wp:term":[{"taxonomy":"product_brand","embeddable":true,"href":"https:\/\/shop.kustom.ch\/fr\/wp-json\/wp\/v2\/product_brand?post=560168"},{"taxonomy":"product_cat","embeddable":true,"href":"https:\/\/shop.kustom.ch\/fr\/wp-json\/wp\/v2\/product_cat?post=560168"},{"taxonomy":"product_tag","embeddable":true,"href":"https:\/\/shop.kustom.ch\/fr\/wp-json\/wp\/v2\/product_tag?post=560168"}],"curies":[{"name":"wp","href":"https:\/\/api.w.org\/{rel}","templated":true}]}}