{"id":560082,"date":"2025-03-04T03:34:28","date_gmt":"2025-03-04T02:34:28","guid":{"rendered":"https:\/\/shop.kustom.ch\/?post_type=product&#038;p=560082"},"modified":"2026-03-30T14:41:40","modified_gmt":"2026-03-30T13:41:40","slug":"strickpullover-frontline","status":"publish","type":"product","link":"https:\/\/shop.kustom.ch\/fr\/produit\/strickpullover-frontline\/","title":{"rendered":"Pull-over en tricot FRONTLINE"},"content":{"rendered":"<p>De qualit\u00e9 sup\u00e9rieure. Coupe moderne. Encolure en V. Bords c\u00f4tes au cou et aux poignets.<\/p>\n<p>OEKO-TEX\u00ae STANDARD 100<br \/>\n50% Polyacrylique\/50% Laine (M\u00e9rinos)<br \/>\nTricot au m\u00e8tre.<br \/>\n240 g\/m\u00b2 (12 GG)<br \/>\nLavage d\u00e9licat, max. 30\u00b0 C ; Pas de blanchiment ; S\u00e9chage \u00e0 plat ; Pas de repassage ; Supporte le nettoyage normal<\/p>\n<p><a href=\"https:\/\/mascotsitecore-1ccb8.kxcdn.com\/pdf\/50635-989-010-de.pdf\" target=\"_blank\" rel=\"noopener\"><u>Ouvrir la fiche produit<\/u><\/a><\/p>","protected":false},"excerpt":{"rendered":"<ul>\n<li>Faites l'exp\u00e9rience d'un grand confort gr\u00e2ce aux propri\u00e9t\u00e9s naturelles de la laine m\u00e9rinos.<\/li>\n<li>R\u00e9gule la temp\u00e9rature, absorbe la transpiration et repousse la salet\u00e9.<\/li>\n<li>Coupe moderne et ajust\u00e9e offrant une bonne libert\u00e9 de mouvement.<\/li>\n<li>Bords c\u00f4tes au cou et aux manches.<\/li>\n<\/ul>","protected":false},"featured_media":560089,"template":"","meta":[],"product_brand":[],"product_cat":[4184],"product_tag":[],"class_list":{"0":"post-560082","1":"product","2":"type-product","3":"status-publish","4":"has-post-thumbnail","6":"product_cat-hoodies-pullover","7":"pa_brand-mascot","8":"pa_brand-type-workwear","9":"pa_filter-color-blau","10":"pa_filter-color-grau","11":"pa_filter-color-schwarz","13":"first","14":"instock","15":"sale","16":"taxable","17":"shipping-taxable","18":"purchasable","19":"product-type-variable","20":"add-to-wishlist-before_image"},"exclude_global_add_ons":[],"addons":[],"acf":[],"_links":{"self":[{"href":"https:\/\/shop.kustom.ch\/fr\/wp-json\/wp\/v2\/product\/560082"}],"collection":[{"href":"https:\/\/shop.kustom.ch\/fr\/wp-json\/wp\/v2\/product"}],"about":[{"href":"https:\/\/shop.kustom.ch\/fr\/wp-json\/wp\/v2\/types\/product"}],"wp:featuredmedia":[{"embeddable":true,"href":"https:\/\/shop.kustom.ch\/fr\/wp-json\/wp\/v2\/media\/560089"}],"wp:attachment":[{"href":"https:\/\/shop.kustom.ch\/fr\/wp-json\/wp\/v2\/media?parent=560082"}],"wp:term":[{"taxonomy":"product_brand","embeddable":true,"href":"https:\/\/shop.kustom.ch\/fr\/wp-json\/wp\/v2\/product_brand?post=560082"},{"taxonomy":"product_cat","embeddable":true,"href":"https:\/\/shop.kustom.ch\/fr\/wp-json\/wp\/v2\/product_cat?post=560082"},{"taxonomy":"product_tag","embeddable":true,"href":"https:\/\/shop.kustom.ch\/fr\/wp-json\/wp\/v2\/product_tag?post=560082"}],"curies":[{"name":"wp","href":"https:\/\/api.w.org\/{rel}","templated":true}]}}