{"id":560037,"date":"2025-03-04T03:34:22","date_gmt":"2025-03-04T02:34:22","guid":{"rendered":"https:\/\/shop.kustom.ch\/?post_type=product&#038;p=560037"},"modified":"2026-03-30T14:41:35","modified_gmt":"2026-03-30T13:41:35","slug":"hemd-frontline-21","status":"publish","type":"product","link":"https:\/\/shop.kustom.ch\/fr\/produit\/hemd-frontline-21\/","title":{"rendered":"Chemise FRONTLINE"},"content":{"rendered":"<p>La premi\u00e8re qualit\u00e9. Coupe classique mais g\u00e9n\u00e9reuse. Patte de boutonnage. Col avec baguettes de col. Poignets r\u00e9glables.<\/p>\n<p>OEKO-TEX\u00ae STANDARD 100<br \/>\n60% Coton\/40% Polyester<br \/>\nPopeline de coton. Couleur 06 : 116 g\/m<br \/>\n115 g\/m<br \/>\nLinge d\u00e9licat, max. 40\u00b0 C ; Pas de blanchiment ; S\u00e9chage \u00e0 la main ; Repassage \u00e0 temp\u00e9rature moyenne, max. 150\u00b0 C ; Supporte le nettoyage normal<\/p>\n<p><a href=\"https:\/\/mascotsitecore-1ccb8.kxcdn.com\/pdf\/50631-984-06-de.pdf\" target=\"_blank\" rel=\"noopener\"><u>Ouvrir la fiche produit<\/u><\/a><\/p>","protected":false},"excerpt":{"rendered":"<ul>\n<li>La popeline est un tissu pour chemise tiss\u00e9 serr\u00e9 et lisse.<\/li>\n<li>Le produit a une coupe classique avec une coupe g\u00e9n\u00e9reuse qui garantit une bonne libert\u00e9 de mouvement.<\/li>\n<li>Patte de boutonnage.<\/li>\n<li>Col avec baguettes de col.<\/li>\n<li>Manchettes r\u00e9glables.<\/li>\n<\/ul>","protected":false},"featured_media":560083,"template":"","meta":[],"product_brand":[],"product_cat":[9874],"product_tag":[],"class_list":{"0":"post-560037","1":"product","2":"type-product","3":"status-publish","4":"has-post-thumbnail","6":"product_cat-hemden","7":"pa_brand-mascot","8":"pa_brand-type-workwear","9":"pa_filter-color-blau","10":"pa_filter-color-weiss","12":"first","13":"instock","14":"sale","15":"taxable","16":"shipping-taxable","17":"purchasable","18":"product-type-variable","19":"add-to-wishlist-before_image"},"exclude_global_add_ons":[],"addons":[],"acf":[],"_links":{"self":[{"href":"https:\/\/shop.kustom.ch\/fr\/wp-json\/wp\/v2\/product\/560037"}],"collection":[{"href":"https:\/\/shop.kustom.ch\/fr\/wp-json\/wp\/v2\/product"}],"about":[{"href":"https:\/\/shop.kustom.ch\/fr\/wp-json\/wp\/v2\/types\/product"}],"wp:featuredmedia":[{"embeddable":true,"href":"https:\/\/shop.kustom.ch\/fr\/wp-json\/wp\/v2\/media\/560083"}],"wp:attachment":[{"href":"https:\/\/shop.kustom.ch\/fr\/wp-json\/wp\/v2\/media?parent=560037"}],"wp:term":[{"taxonomy":"product_brand","embeddable":true,"href":"https:\/\/shop.kustom.ch\/fr\/wp-json\/wp\/v2\/product_brand?post=560037"},{"taxonomy":"product_cat","embeddable":true,"href":"https:\/\/shop.kustom.ch\/fr\/wp-json\/wp\/v2\/product_cat?post=560037"},{"taxonomy":"product_tag","embeddable":true,"href":"https:\/\/shop.kustom.ch\/fr\/wp-json\/wp\/v2\/product_tag?post=560037"}],"curies":[{"name":"wp","href":"https:\/\/api.w.org\/{rel}","templated":true}]}}