{"id":559945,"date":"2025-03-04T03:33:12","date_gmt":"2025-03-04T02:33:12","guid":{"rendered":"https:\/\/shop.kustom.ch\/?post_type=product&#038;p=559945"},"modified":"2026-03-30T14:41:26","modified_gmt":"2026-03-30T13:41:26","slug":"strickpullover-mit-kurzem-reissverschluss-frontline-2","status":"publish","type":"product","link":"https:\/\/shop.kustom.ch\/fr\/produit\/strickpullover-mit-kurzem-reissverschluss-frontline-2\/","title":{"rendered":"Pull-over en tricot avec fermeture \u00e9clair courte FRONTLINE"},"content":{"rendered":"<p>De qualit\u00e9 sup\u00e9rieure. Coupe moderne. Doublure en qualit\u00e9 l\u00e9g\u00e8re. Fermeture \u00e0 glissi\u00e8re au cou, avec rabat de protection contre les intemp\u00e9ries. Bords c\u00f4tel\u00e9s au cou, au bas du v\u00eatement et aux poignets. Poche poitrine pour t\u00e9l\u00e9phone portable avec fermeture \u00e0 glissi\u00e8re. Garniture \u00e0 diff\u00e9rents endroits du produit. Poche sur la manche avec fermeture velcro. Porte-stylo pour stylo. Contrastes (rouges), plac\u00e9s discr\u00e8tement \u00e0 diff\u00e9rents endroits du produit.<br \/>\n50% Coton\/50% Polyacrylique<br \/>\nTricot lisse au m\u00e8tre. Peut r\u00e9tr\u00e9cir au maximum 5%.<br \/>\n540 g\/m<br \/>\nLinge d\u00e9licat, max. 40\u00b0 C ; Ne pas blanchir ; Ne pas s\u00e9cher au s\u00e8che-linge ; Repasser \u00e0 basse temp\u00e9rature, max. 100\u00b0 C ; Supporte le nettoyage normal<\/p>\n<p><a href=\"https:\/\/mascotsitecore-1ccb8.kxcdn.com\/pdf\/50354-835-09-de.pdf\" target=\"_blank\" rel=\"noopener\"><u>Ouvrir la fiche produit<\/u><\/a><\/p>","protected":false},"excerpt":{"rendered":"<ul>\n<li>Coupe moderne, pr\u00e8s du corps, offrant une grande libert\u00e9 de mouvement.<\/li>\n<li>Doublure l\u00e9g\u00e8re.<\/li>\n<li>Fermeture \u00e0 glissi\u00e8re au cou avec rabat de protection contre les intemp\u00e9ries.<\/li>\n<li>La poche de poitrine avec fermeture \u00e9clair verticale permet d'acc\u00e9der facilement \u00e0 un t\u00e9l\u00e9phone portable, par exemple.<\/li>\n<li>Renforts aux endroits particuli\u00e8rement sollicit\u00e9s.<\/li>\n<\/ul>","protected":false},"featured_media":559972,"template":"","meta":[],"product_brand":[],"product_cat":[4184],"product_tag":[],"class_list":{"0":"post-559945","1":"product","2":"type-product","3":"status-publish","4":"has-post-thumbnail","6":"product_cat-hoodies-pullover","7":"pa_brand-mascot","8":"pa_brand-type-workwear","9":"pa_filter-color-blau","10":"pa_filter-color-grau","11":"pa_filter-color-schwarz","13":"first","14":"instock","15":"sale","16":"taxable","17":"shipping-taxable","18":"purchasable","19":"product-type-variable","20":"add-to-wishlist-before_image"},"exclude_global_add_ons":[],"addons":[],"acf":[],"_links":{"self":[{"href":"https:\/\/shop.kustom.ch\/fr\/wp-json\/wp\/v2\/product\/559945"}],"collection":[{"href":"https:\/\/shop.kustom.ch\/fr\/wp-json\/wp\/v2\/product"}],"about":[{"href":"https:\/\/shop.kustom.ch\/fr\/wp-json\/wp\/v2\/types\/product"}],"wp:featuredmedia":[{"embeddable":true,"href":"https:\/\/shop.kustom.ch\/fr\/wp-json\/wp\/v2\/media\/559972"}],"wp:attachment":[{"href":"https:\/\/shop.kustom.ch\/fr\/wp-json\/wp\/v2\/media?parent=559945"}],"wp:term":[{"taxonomy":"product_brand","embeddable":true,"href":"https:\/\/shop.kustom.ch\/fr\/wp-json\/wp\/v2\/product_brand?post=559945"},{"taxonomy":"product_cat","embeddable":true,"href":"https:\/\/shop.kustom.ch\/fr\/wp-json\/wp\/v2\/product_cat?post=559945"},{"taxonomy":"product_tag","embeddable":true,"href":"https:\/\/shop.kustom.ch\/fr\/wp-json\/wp\/v2\/product_tag?post=559945"}],"curies":[{"name":"wp","href":"https:\/\/api.w.org\/{rel}","templated":true}]}}