{"id":559593,"date":"2025-03-04T03:29:33","date_gmt":"2025-03-04T02:29:33","guid":{"rendered":"https:\/\/shop.kustom.ch\/?post_type=product&#038;p=559593"},"modified":"2026-03-30T14:40:48","modified_gmt":"2026-03-30T13:40:48","slug":"hose-frontline-4","status":"publish","type":"product","link":"https:\/\/shop.kustom.ch\/fr\/produit\/hose-frontline-4\/","title":{"rendered":"Pantalon FRONTLINE"},"content":{"rendered":"<p>Coupe moderne. Avec une finition hydrofuge. Tissu stretch ultime, l\u00e9ger et tr\u00e8s r\u00e9sistant. Taille basse. Passants de ceinture. Fermeture \u00e0 glissi\u00e8re. Poches sur le devant. Poche pour la monnaie. Poches arri\u00e8re.<\/p>\n<p>OEKO-TEX\u00ae STANDARD 100<br \/>\n88% polyester\/12% \u00e9lastol\u00e9fine<br \/>\nSTRETCH ULTIME. Peut r\u00e9tr\u00e9cir au maximum de 2%.<br \/>\n275 g\/m<br \/>\nLavage de couleur, max. 60\u00b0 C ; Pas de blanchiment ; Pas de s\u00e9chage en tambour ; Repassage \u00e0 basse temp\u00e9rature, max. 100\u00b0 C ; Ne convient pas au nettoyage \u00e0 sec<\/p>\n<p><a href=\"https:\/\/mascotsitecore-1ccb8.kxcdn.com\/pdf\/20739-511-010-de.pdf\" target=\"_blank\" rel=\"noopener\"><u>Ouvrir la fiche produit<\/u><\/a><\/p>","protected":false},"excerpt":{"rendered":"<ul>\n<li>Une libert\u00e9 de mouvement unique, o\u00f9 rien ne serre ou ne g\u00eane gr\u00e2ce aux propri\u00e9t\u00e9s du tissu stretch fonctionnel \u00e0 quatre voies.<\/li>\n<li>L\u00e9g\u00e8ret\u00e9, grande r\u00e9sistance et traitement hydrofuge.<\/li>\n<li>La taille basse avec ceinture moul\u00e9e permet au pantalon de suivre les mouvements du corps.<\/li>\n<\/ul>","protected":false},"featured_media":559628,"template":"","meta":[],"product_brand":[],"product_cat":[4185],"product_tag":[],"class_list":{"0":"post-559593","1":"product","2":"type-product","3":"status-publish","4":"has-post-thumbnail","6":"product_cat-hosen","7":"pa_brand-mascot","8":"pa_brand-type-workwear","9":"pa_filter-color-schwarz","11":"first","12":"instock","13":"sale","14":"taxable","15":"shipping-taxable","16":"purchasable","17":"product-type-variable","18":"add-to-wishlist-before_image"},"exclude_global_add_ons":[],"addons":[],"acf":[],"_links":{"self":[{"href":"https:\/\/shop.kustom.ch\/fr\/wp-json\/wp\/v2\/product\/559593"}],"collection":[{"href":"https:\/\/shop.kustom.ch\/fr\/wp-json\/wp\/v2\/product"}],"about":[{"href":"https:\/\/shop.kustom.ch\/fr\/wp-json\/wp\/v2\/types\/product"}],"wp:featuredmedia":[{"embeddable":true,"href":"https:\/\/shop.kustom.ch\/fr\/wp-json\/wp\/v2\/media\/559628"}],"wp:attachment":[{"href":"https:\/\/shop.kustom.ch\/fr\/wp-json\/wp\/v2\/media?parent=559593"}],"wp:term":[{"taxonomy":"product_brand","embeddable":true,"href":"https:\/\/shop.kustom.ch\/fr\/wp-json\/wp\/v2\/product_brand?post=559593"},{"taxonomy":"product_cat","embeddable":true,"href":"https:\/\/shop.kustom.ch\/fr\/wp-json\/wp\/v2\/product_cat?post=559593"},{"taxonomy":"product_tag","embeddable":true,"href":"https:\/\/shop.kustom.ch\/fr\/wp-json\/wp\/v2\/product_tag?post=559593"}],"curies":[{"name":"wp","href":"https:\/\/api.w.org\/{rel}","templated":true}]}}