{"id":559485,"date":"2025-03-04T03:28:22","date_gmt":"2025-03-04T02:28:22","guid":{"rendered":"https:\/\/shop.kustom.ch\/?post_type=product&#038;p=559485"},"modified":"2026-03-30T14:40:34","modified_gmt":"2026-03-30T13:40:34","slug":"hemd-frontline-7","status":"publish","type":"product","link":"https:\/\/shop.kustom.ch\/fr\/produit\/hemd-frontline-7\/","title":{"rendered":"Chemise FRONTLINE"},"content":{"rendered":"<p>De qualit\u00e9 sup\u00e9rieure. Coupe \u00e9troite. Les pinces dans le dos permettent \u00e0 la chemise de suivre les mouvements du corps et de rester bien en place dans le dos. Col avec baguettes de col. Avec fermeture \u00e0 boutons. Poignets r\u00e9glables.<\/p>\n<p>OEKO-TEX\u00ae STANDARD 100<br \/>\n100% Coton<br \/>\nTwill fin.<br \/>\n145 g\/m<br \/>\nLinge d\u00e9licat, max. 40\u00b0 C ; Ne pas blanchir ; Ne pas s\u00e9cher au s\u00e8che-linge ; Repasser \u00e0 temp\u00e9rature moyenne, max. 150\u00b0 C ; Supporte le nettoyage normal<\/p>\n<p><a href=\"https:\/\/mascotsitecore-1ccb8.kxcdn.com\/pdf\/20504-750-06-de.pdf\" target=\"_blank\" rel=\"noopener\"><u>Ouvrir la fiche produit<\/u><\/a><\/p>","protected":false},"excerpt":{"rendered":"<ul>\n<li>Chemise l\u00e9g\u00e8re et respirante en 100 % coton.<\/li>\n<li>Qualit\u00e9 de tissu thermocollant<\/li>\n<li>La chemise \u00e0 la coupe \u00e9troite suit les mouvements du corps et met en valeur la silhouette.<\/li>\n<\/ul>","protected":false},"featured_media":559521,"template":"","meta":[],"product_brand":[],"product_cat":[9874],"product_tag":[],"class_list":{"0":"post-559485","1":"product","2":"type-product","3":"status-publish","4":"has-post-thumbnail","6":"product_cat-hemden","7":"pa_brand-mascot","8":"pa_brand-type-workwear","9":"pa_filter-color-blau","10":"pa_filter-color-weiss","12":"first","13":"instock","14":"sale","15":"taxable","16":"shipping-taxable","17":"purchasable","18":"product-type-variable","19":"add-to-wishlist-before_image"},"exclude_global_add_ons":[],"addons":[],"acf":[],"_links":{"self":[{"href":"https:\/\/shop.kustom.ch\/fr\/wp-json\/wp\/v2\/product\/559485"}],"collection":[{"href":"https:\/\/shop.kustom.ch\/fr\/wp-json\/wp\/v2\/product"}],"about":[{"href":"https:\/\/shop.kustom.ch\/fr\/wp-json\/wp\/v2\/types\/product"}],"wp:featuredmedia":[{"embeddable":true,"href":"https:\/\/shop.kustom.ch\/fr\/wp-json\/wp\/v2\/media\/559521"}],"wp:attachment":[{"href":"https:\/\/shop.kustom.ch\/fr\/wp-json\/wp\/v2\/media?parent=559485"}],"wp:term":[{"taxonomy":"product_brand","embeddable":true,"href":"https:\/\/shop.kustom.ch\/fr\/wp-json\/wp\/v2\/product_brand?post=559485"},{"taxonomy":"product_cat","embeddable":true,"href":"https:\/\/shop.kustom.ch\/fr\/wp-json\/wp\/v2\/product_cat?post=559485"},{"taxonomy":"product_tag","embeddable":true,"href":"https:\/\/shop.kustom.ch\/fr\/wp-json\/wp\/v2\/product_tag?post=559485"}],"curies":[{"name":"wp","href":"https:\/\/api.w.org\/{rel}","templated":true}]}}