{"id":559362,"date":"2025-03-04T03:27:14","date_gmt":"2025-03-04T02:27:14","guid":{"rendered":"https:\/\/shop.kustom.ch\/?post_type=product&#038;p=559362"},"modified":"2026-03-30T14:40:27","modified_gmt":"2026-03-30T13:40:27","slug":"hemd-frontline","status":"publish","type":"product","link":"https:\/\/shop.kustom.ch\/fr\/produit\/hemd-frontline\/","title":{"rendered":"Chemise FRONTLINE"},"content":{"rendered":"<p>Premium. Tissu au m\u00e8tre avec stretch. Coton \u00e0 longues fibres. Coupe moderne pour femmes. Coupe cintr\u00e9e. Col avec bande de propret\u00e9 \u00e0 l'int\u00e9rieur. Patte de boutonnage. Poignets r\u00e9glables.<\/p>\n<p>OEKO-TEX\u00ae STANDARD 100<br \/>\n55% Coton\/45% Polyester recycl\u00e9<br \/>\nTissu piqu\u00e9 stretch au m\u00e8tre.<br \/>\n170 g\/m<br \/>\nLinge d\u00e9licat, max. 40\u00b0 C ; Ne pas blanchir ; Ne pas s\u00e9cher au s\u00e8che-linge ; Repasser \u00e0 temp\u00e9rature moyenne, max. 150\u00b0 C ; Supporte le nettoyage normal<\/p>\n<p><a href=\"https:\/\/mascotsitecore-1ccb8.kxcdn.com\/pdf\/20014-741-18088-de.pdf\" target=\"_blank\" rel=\"noopener\"><u>Ouvrir la fiche produit<\/u><\/a><\/p>","protected":false},"excerpt":{"rendered":"<ul>\n<li>Chemise douce et d\u00e9contract\u00e9e avec stretch.<\/li>\n<li>Qualit\u00e9 de tissu thermocollant<\/li>\n<li>Col avec bande de col \u00e0 l'int\u00e9rieur, pour que les ailes du col soient toujours bien ajust\u00e9es.<\/li>\n<li>Coupe moderne et ajust\u00e9e pour les femmes, offrant une bonne libert\u00e9 de mouvement.<\/li>\n<\/ul>","protected":false},"featured_media":559385,"template":"","meta":[],"product_brand":[],"product_cat":[9874],"product_tag":[],"class_list":{"0":"post-559362","1":"product","2":"type-product","3":"status-publish","4":"has-post-thumbnail","6":"product_cat-hemden","7":"pa_brand-mascot","8":"pa_brand-type-workwear","9":"pa_filter-color-blau","10":"pa_filter-color-grau","12":"first","13":"instock","14":"sale","15":"taxable","16":"shipping-taxable","17":"purchasable","18":"product-type-variable","19":"add-to-wishlist-before_image"},"exclude_global_add_ons":[],"addons":[],"acf":[],"_links":{"self":[{"href":"https:\/\/shop.kustom.ch\/fr\/wp-json\/wp\/v2\/product\/559362"}],"collection":[{"href":"https:\/\/shop.kustom.ch\/fr\/wp-json\/wp\/v2\/product"}],"about":[{"href":"https:\/\/shop.kustom.ch\/fr\/wp-json\/wp\/v2\/types\/product"}],"wp:featuredmedia":[{"embeddable":true,"href":"https:\/\/shop.kustom.ch\/fr\/wp-json\/wp\/v2\/media\/559385"}],"wp:attachment":[{"href":"https:\/\/shop.kustom.ch\/fr\/wp-json\/wp\/v2\/media?parent=559362"}],"wp:term":[{"taxonomy":"product_brand","embeddable":true,"href":"https:\/\/shop.kustom.ch\/fr\/wp-json\/wp\/v2\/product_brand?post=559362"},{"taxonomy":"product_cat","embeddable":true,"href":"https:\/\/shop.kustom.ch\/fr\/wp-json\/wp\/v2\/product_cat?post=559362"},{"taxonomy":"product_tag","embeddable":true,"href":"https:\/\/shop.kustom.ch\/fr\/wp-json\/wp\/v2\/product_tag?post=559362"}],"curies":[{"name":"wp","href":"https:\/\/api.w.org\/{rel}","templated":true}]}}