{"id":559277,"date":"2025-03-04T03:26:38","date_gmt":"2025-03-04T02:26:38","guid":{"rendered":"https:\/\/shop.kustom.ch\/?post_type=product&#038;p=559277"},"modified":"2026-03-30T14:40:23","modified_gmt":"2026-03-30T13:40:23","slug":"hose-mit-schenkeltaschen-frontline-2","status":"publish","type":"product","link":"https:\/\/shop.kustom.ch\/fr\/produit\/hose-mit-schenkeltaschen-frontline-2\/","title":{"rendered":"Pantalon avec poches sur les cuisses FRONTLINE"},"content":{"rendered":"<p>Tissu l\u00e9ger au m\u00e8tre. R\u00e9flexes sur la jambe. De nombreux empi\u00e8cements stretch garantissent une libert\u00e9 de mouvement particuli\u00e8rement bonne. Coutures doubles sur les jambes et \u00e0 l'entrejambe. Taille basse et ceinture moul\u00e9e. Les jambes du pantalon ont une forme ergonomique. Passants de ceinture. Anneau en D. Braguette avec fermeture \u00e0 glissi\u00e8re. Poches avant particuli\u00e8rement spacieuses. Poches arri\u00e8re renforc\u00e9es. Poches sur les cuisses - celle de gauche avec poche pour t\u00e9l\u00e9phone portable et rabat avec fermeture magn\u00e9tique. Celle de droite avec poche pour stylo et poche pour une lampe de poche. Le porte-carte d'identit\u00e9 est amovible et peut \u00eatre fix\u00e9 \u00e0 un anneau en D ou \u00e0 une poche de cuisse.<\/p>\n<p>OEKO-TEX\u00ae STANDARD 100<br \/>\n50% Coton\/50% Polyester<br \/>\nTissu en serg\u00e9. Peut r\u00e9tr\u00e9cir 1-2%.<br \/>\n205 g\/m\u00b2 (1,5 lb)<br \/>\nLavage couleur, max. 60\u00b0 C ; Pas de blanchiment ; Supporte le s\u00e8che-linge - temp\u00e9rature de d\u00e9part max. 80\u00b0 C ; Repassage \u00e0 basse temp\u00e9rature, max. 100\u00b0 C ; Supporte le nettoyage normal<\/p>\n<p><a href=\"https:\/\/mascotsitecore-1ccb8.kxcdn.com\/pdf\/17879-230-010-de.pdf\" target=\"_blank\" rel=\"noopener\"><u>Ouvrir la fiche produit<\/u><\/a><\/p>","protected":false},"excerpt":{"rendered":"<ul>\n<li>Mat\u00e9riau l\u00e9ger et tr\u00e8s r\u00e9sistant.<\/li>\n<li>Nombreux empi\u00e8cements en mati\u00e8re \u00e9lastique offrant une libert\u00e9 de mouvement unique.<\/li>\n<li>Jambes de pantalons ergonomiques, form\u00e9es selon les mouvements naturels du corps.<\/li>\n<li>Poches sur les cuisses bien s\u00e9par\u00e9es - la gauche avec une poche pour t\u00e9l\u00e9phone portable \u00e0 fermeture magn\u00e9tique, la droite avec une poche pour stylo et une poche sp\u00e9cialement con\u00e7ue pour la lampe de poche.<\/li>\n<li>Porte-carte d'identit\u00e9 amovible qui se fixe facilement \u00e0 la poche de la cuisse ou \u00e0 l'anneau en D - peut \u00e9galement \u00eatre utilis\u00e9 sur tous les produits dot\u00e9s d'un anneau en D.<\/li>\n<li>La bande r\u00e9fl\u00e9chissante avec la plus grande capacit\u00e9 de r\u00e9flexion fait tout le tour de la jambe du pantalon et rend le porteur extra visible pour l'environnement.<\/li>\n<\/ul>","protected":false},"featured_media":559323,"template":"","meta":[],"product_brand":[],"product_cat":[4185],"product_tag":[],"class_list":{"0":"post-559277","1":"product","2":"type-product","3":"status-publish","4":"has-post-thumbnail","6":"product_cat-hosen","7":"pa_brand-mascot","8":"pa_brand-type-workwear","9":"pa_filter-color-schwarz","11":"first","12":"instock","13":"sale","14":"taxable","15":"shipping-taxable","16":"purchasable","17":"product-type-variable","18":"add-to-wishlist-before_image"},"exclude_global_add_ons":[],"addons":[],"acf":[],"_links":{"self":[{"href":"https:\/\/shop.kustom.ch\/fr\/wp-json\/wp\/v2\/product\/559277"}],"collection":[{"href":"https:\/\/shop.kustom.ch\/fr\/wp-json\/wp\/v2\/product"}],"about":[{"href":"https:\/\/shop.kustom.ch\/fr\/wp-json\/wp\/v2\/types\/product"}],"wp:featuredmedia":[{"embeddable":true,"href":"https:\/\/shop.kustom.ch\/fr\/wp-json\/wp\/v2\/media\/559323"}],"wp:attachment":[{"href":"https:\/\/shop.kustom.ch\/fr\/wp-json\/wp\/v2\/media?parent=559277"}],"wp:term":[{"taxonomy":"product_brand","embeddable":true,"href":"https:\/\/shop.kustom.ch\/fr\/wp-json\/wp\/v2\/product_brand?post=559277"},{"taxonomy":"product_cat","embeddable":true,"href":"https:\/\/shop.kustom.ch\/fr\/wp-json\/wp\/v2\/product_cat?post=559277"},{"taxonomy":"product_tag","embeddable":true,"href":"https:\/\/shop.kustom.ch\/fr\/wp-json\/wp\/v2\/product_tag?post=559277"}],"curies":[{"name":"wp","href":"https:\/\/api.w.org\/{rel}","templated":true}]}}