{"id":559262,"date":"2025-03-04T03:26:36","date_gmt":"2025-03-04T02:26:36","guid":{"rendered":"https:\/\/shop.kustom.ch\/?post_type=product&#038;p=559262"},"modified":"2026-03-30T14:40:20","modified_gmt":"2026-03-30T13:40:20","slug":"strickpullover-mit-kurzem-reissverschluss-frontline","status":"publish","type":"product","link":"https:\/\/shop.kustom.ch\/fr\/produit\/strickpullover-mit-kurzem-reissverschluss-frontline\/","title":{"rendered":"Pull-over en tricot avec fermeture \u00e9clair courte FRONTLINE"},"content":{"rendered":"<p>De qualit\u00e9 sup\u00e9rieure. Coupe moderne. Fermeture \u00e0 glissi\u00e8re au cou. Bords c\u00f4tel\u00e9s au cou, au bas du v\u00eatement et aux poignets. Bretelles avec fermeture velcro. Tissu en serg\u00e9 sur certaines parties du produit. Poches sur les manches avec plusieurs compartiments, par ex. pour les stylos et une lampe de poche.<\/p>\n<p>OEKO-TEX\u00ae STANDARD 100<br \/>\n50% Laine\/50% Polyacrylique<br \/>\nTricot au m\u00e8tre.<br \/>\n240 g\/m\u00b2 (12 GG)<br \/>\nLavage d\u00e9licat, max. 30\u00b0 C ; Pas de blanchiment ; S\u00e9chage \u00e0 plat ; Pas de repassage ; Supporte le nettoyage normal<\/p>\n<p><a href=\"https:\/\/mascotsitecore-1ccb8.kxcdn.com\/pdf\/17205-939-010-de.pdf\" target=\"_blank\" rel=\"noopener\"><u>Ouvrir la fiche produit<\/u><\/a><\/p>","protected":false},"excerpt":{"rendered":"<ul>\n<li>Coupe moderne, pr\u00e8s du corps, offrant une grande libert\u00e9 de mouvement.<\/li>\n<li>Des renforts en serge r\u00e9sistants sur certaines parties du produit prolongent la dur\u00e9e de vie du produit.<\/li>\n<li>Fermeture \u00e0 glissi\u00e8re au cou.<\/li>\n<li>Bords c\u00f4tes au cou, aux manches et \u00e0 l'ourlet.<\/li>\n<li>Poches sur les manches avec plusieurs compartiments, par exemple pour les stylos et la lampe de poche.<\/li>\n<\/ul>","protected":false},"featured_media":559321,"template":"","meta":[],"product_brand":[],"product_cat":[4184],"product_tag":[],"class_list":{"0":"post-559262","1":"product","2":"type-product","3":"status-publish","4":"has-post-thumbnail","6":"product_cat-hoodies-pullover","7":"pa_brand-mascot","8":"pa_brand-type-workwear","9":"pa_filter-color-schwarz","11":"first","12":"instock","13":"sale","14":"taxable","15":"shipping-taxable","16":"purchasable","17":"product-type-variable","18":"add-to-wishlist-before_image"},"exclude_global_add_ons":[],"addons":[],"acf":[],"_links":{"self":[{"href":"https:\/\/shop.kustom.ch\/fr\/wp-json\/wp\/v2\/product\/559262"}],"collection":[{"href":"https:\/\/shop.kustom.ch\/fr\/wp-json\/wp\/v2\/product"}],"about":[{"href":"https:\/\/shop.kustom.ch\/fr\/wp-json\/wp\/v2\/types\/product"}],"wp:featuredmedia":[{"embeddable":true,"href":"https:\/\/shop.kustom.ch\/fr\/wp-json\/wp\/v2\/media\/559321"}],"wp:attachment":[{"href":"https:\/\/shop.kustom.ch\/fr\/wp-json\/wp\/v2\/media?parent=559262"}],"wp:term":[{"taxonomy":"product_brand","embeddable":true,"href":"https:\/\/shop.kustom.ch\/fr\/wp-json\/wp\/v2\/product_brand?post=559262"},{"taxonomy":"product_cat","embeddable":true,"href":"https:\/\/shop.kustom.ch\/fr\/wp-json\/wp\/v2\/product_cat?post=559262"},{"taxonomy":"product_tag","embeddable":true,"href":"https:\/\/shop.kustom.ch\/fr\/wp-json\/wp\/v2\/product_tag?post=559262"}],"curies":[{"name":"wp","href":"https:\/\/api.w.org\/{rel}","templated":true}]}}