{"id":558802,"date":"2025-03-04T03:23:02","date_gmt":"2025-03-04T02:23:02","guid":{"rendered":"https:\/\/shop.kustom.ch\/?post_type=product&#038;p=558802"},"modified":"2026-03-30T14:39:50","modified_gmt":"2026-03-30T13:39:50","slug":"sicherheitsstiefel-footwear-originals","status":"publish","type":"product","link":"https:\/\/shop.kustom.ch\/fr\/produit\/sicherheitsstiefel-footwear-originals\/","title":{"rendered":"Bottes de s\u00e9curit\u00e9 FOOTWEAR ORIGINALS"},"content":{"rendered":"<p>La partie avant de la chaussure est extr\u00eamement flexible. Non m\u00e9tallique. Embout de protection en composite. Protection contre la p\u00e9n\u00e9tration des clous MASCOLAYER. Avec articulation multifonctionnelle stabilisante avec mousse de confort int\u00e9gr\u00e9e. Semelles int\u00e9rieures interchangeables avec soutien optimis\u00e9 de la vo\u00fbte plantaire, pouvant contrecarrer la tendance au pied plat. Doublure en textile, respirante. Insert dans la semelle interm\u00e9diaire en mat\u00e9riau Lightweight amortissant les chocs. Semelle bi-mati\u00e8re souple et flexible en PU\/PU, absorbant les chocs. Semelle ext\u00e9rieure en PU\/PU l\u00e9ger et flexible, noir, extr\u00eamement antid\u00e9rapante. Semelle ext\u00e9rieure non marquante - ne d\u00e9teint pas. Semelle r\u00e9sistante \u00e0 l'huile et \u00e0 l'essence. Test\u00e9 ESD selon EN IEC 61340-4-3 : 2018, EN 61340-5-1 : 2016.<\/p>\n<p>Classe de s\u00e9curit\u00e9 S3S ; antid\u00e9rapant (SR) ; semelle r\u00e9sistante aux huiles et aux hydrocarbures (FO) ; dissipation de l'\u00e9lectricit\u00e9 statique (ESD) EN IEC 61340-4-3 : 2018, EN 61340-5-1 : 2016 ; EN ISO 20345 : 2022<br \/>\nCuir Pull-Up<br \/>\nTaille 42 : 640 g<\/p>\n<p><a href=\"https:\/\/mascotsitecore-1ccb8.kxcdn.com\/pdf\/F1000-715-0909-de.pdf\" target=\"_blank\" rel=\"noopener\"><u>Ouvrir la fiche produit<\/u><\/a><\/p>","protected":false},"excerpt":{"rendered":"<ul>\n<li>Botte de s\u00e9curit\u00e9 classique et intemporelle offrant une protection compl\u00e8te et un bon amortissement des chocs.<\/li>\n<li>La semelle ext\u00e9rieure antid\u00e9rapante et autonettoyante assure une stabilit\u00e9 sur toutes les surfaces.<\/li>\n<li>Sans m\u00e9tal et \u00e9quip\u00e9es de la protection l\u00e9g\u00e8re contre le passage des clous MASCOLAYER en textile sp\u00e9cial.<\/li>\n<li>Tige en cuir huil\u00e9 r\u00e9sistant \u00e0 l'eau et aux salissures.<\/li>\n<li>La semelle int\u00e9rieure confortable offre un soutien, un amortissement suppl\u00e9mentaire des chocs et permet d'\u00e9vacuer la transpiration.<\/li>\n<\/ul>","protected":false},"featured_media":558831,"template":"","meta":[],"product_brand":[],"product_cat":[9643,4197],"product_tag":[],"class_list":{"0":"post-558802","1":"product","2":"type-product","3":"status-publish","4":"has-post-thumbnail","6":"product_cat-equipment","7":"product_cat-schuhe-sandalen","8":"pa_brand-mascot","9":"pa_brand-type-workwear","10":"pa_filter-color-braun","11":"pa_filter-color-schwarz","13":"first","14":"instock","15":"sale","16":"taxable","17":"shipping-taxable","18":"purchasable","19":"product-type-variable","20":"add-to-wishlist-before_image"},"exclude_global_add_ons":[],"addons":[],"acf":[],"_links":{"self":[{"href":"https:\/\/shop.kustom.ch\/fr\/wp-json\/wp\/v2\/product\/558802"}],"collection":[{"href":"https:\/\/shop.kustom.ch\/fr\/wp-json\/wp\/v2\/product"}],"about":[{"href":"https:\/\/shop.kustom.ch\/fr\/wp-json\/wp\/v2\/types\/product"}],"wp:featuredmedia":[{"embeddable":true,"href":"https:\/\/shop.kustom.ch\/fr\/wp-json\/wp\/v2\/media\/558831"}],"wp:attachment":[{"href":"https:\/\/shop.kustom.ch\/fr\/wp-json\/wp\/v2\/media?parent=558802"}],"wp:term":[{"taxonomy":"product_brand","embeddable":true,"href":"https:\/\/shop.kustom.ch\/fr\/wp-json\/wp\/v2\/product_brand?post=558802"},{"taxonomy":"product_cat","embeddable":true,"href":"https:\/\/shop.kustom.ch\/fr\/wp-json\/wp\/v2\/product_cat?post=558802"},{"taxonomy":"product_tag","embeddable":true,"href":"https:\/\/shop.kustom.ch\/fr\/wp-json\/wp\/v2\/product_tag?post=558802"}],"curies":[{"name":"wp","href":"https:\/\/api.w.org\/{rel}","templated":true}]}}