{"id":558780,"date":"2025-03-04T03:22:58","date_gmt":"2025-03-04T02:22:58","guid":{"rendered":"https:\/\/shop.kustom.ch\/?post_type=product&#038;p=558780"},"modified":"2026-03-30T14:39:47","modified_gmt":"2026-03-30T13:39:47","slug":"sicherheitsschuhe-footwear-move-3","status":"publish","type":"product","link":"https:\/\/shop.kustom.ch\/fr\/produit\/sicherheitsschuhe-footwear-move-3\/","title":{"rendered":"Chaussures de s\u00e9curit\u00e9 FOOTWEAR MOVE"},"content":{"rendered":"<p>Sans m\u00e9tal. Tige en cuir nubuck huil\u00e9. Fermeture \u00e0 lacets. Embout de protection en composite. Protection contre la p\u00e9n\u00e9tration des clous MASCOLAYER. Semelle int\u00e9rieure souple et flexible, absorbant les chocs. Les semelles int\u00e9rieures sont interchangeables. Semelle interm\u00e9diaire en phylon. Semelle ext\u00e9rieure en caoutchouc. Protection du talon. Tige en cuir nubuck huil\u00e9 de premi\u00e8re qualit\u00e9. Semelle r\u00e9sistante non marquante qui ne d\u00e9teint pas. Semelle r\u00e9sistante \u00e0 l'huile et \u00e0 l'essence. Test\u00e9 ESD selon EN IEC 61340-4-3 : 2018, EN 61340-5-1 : 2016.<\/p>\n<p>Classe de s\u00e9curit\u00e9 S3 ; dissipation de l'\u00e9lectricit\u00e9 statique (ESD) ; semelle antid\u00e9rapante ; EN ISO 20345<br \/>\nCuir nubuck huil\u00e9<br \/>\nTaille 1042 : 540 g<\/p>\n<p><a href=\"https:\/\/mascotsitecore-1ccb8.kxcdn.com\/pdf\/F0303-901-09-de.pdf\" target=\"_blank\" rel=\"noopener\"><u>Ouvrir la fiche produit<\/u><\/a><\/p>","protected":false},"excerpt":{"rendered":"<ul>\n<li>La partie avant de la chaussure peut \u00eatre pli\u00e9e avec le pied de mani\u00e8re extr\u00eamement flexible.<\/li>\n<li>L'embout est en composite et ne contient donc pas de m\u00e9taux. Le composite ne conduit ni le froid ni la chaleur et les embouts en composite offrent donc un confort suppl\u00e9mentaire aussi bien dans les environnements chauds que froids.<\/li>\n<li>La protection anti-perforation MASCOLAYER en textile sp\u00e9cial garantit une forte protection et un grand confort de marche.<\/li>\n<li>Semelle int\u00e9rieure amortissante, l\u00e9g\u00e8re et flexible.<\/li>\n<li>Semelle interm\u00e9diaire \u00e9lastique et confortable en phylon pour plus de confort, ainsi que semelle ext\u00e9rieure en caoutchouc.<\/li>\n<li>La semelle est r\u00e9sistante \u00e0 l'huile et \u00e0 l'essence.<\/li>\n<li>Les chaussures de s\u00e9curit\u00e9 sont parmi les plus l\u00e9g\u00e8res du march\u00e9.<\/li>\n<li>Test\u00e9 ESD selon EN CEI 61340-4-3 : 2018 + EN 61340-5-1 : 2016.<\/li>\n<\/ul>","protected":false},"featured_media":558829,"template":"","meta":[],"product_brand":[],"product_cat":[9643,4197],"product_tag":[],"class_list":{"0":"post-558780","1":"product","2":"type-product","3":"status-publish","4":"has-post-thumbnail","6":"product_cat-equipment","7":"product_cat-schuhe-sandalen","8":"pa_brand-mascot","9":"pa_brand-type-workwear","10":"pa_filter-color-schwarz","12":"first","13":"instock","14":"sale","15":"taxable","16":"shipping-taxable","17":"purchasable","18":"product-type-variable","19":"add-to-wishlist-before_image"},"exclude_global_add_ons":[],"addons":[],"acf":[],"_links":{"self":[{"href":"https:\/\/shop.kustom.ch\/fr\/wp-json\/wp\/v2\/product\/558780"}],"collection":[{"href":"https:\/\/shop.kustom.ch\/fr\/wp-json\/wp\/v2\/product"}],"about":[{"href":"https:\/\/shop.kustom.ch\/fr\/wp-json\/wp\/v2\/types\/product"}],"wp:featuredmedia":[{"embeddable":true,"href":"https:\/\/shop.kustom.ch\/fr\/wp-json\/wp\/v2\/media\/558829"}],"wp:attachment":[{"href":"https:\/\/shop.kustom.ch\/fr\/wp-json\/wp\/v2\/media?parent=558780"}],"wp:term":[{"taxonomy":"product_brand","embeddable":true,"href":"https:\/\/shop.kustom.ch\/fr\/wp-json\/wp\/v2\/product_brand?post=558780"},{"taxonomy":"product_cat","embeddable":true,"href":"https:\/\/shop.kustom.ch\/fr\/wp-json\/wp\/v2\/product_cat?post=558780"},{"taxonomy":"product_tag","embeddable":true,"href":"https:\/\/shop.kustom.ch\/fr\/wp-json\/wp\/v2\/product_tag?post=558780"}],"curies":[{"name":"wp","href":"https:\/\/api.w.org\/{rel}","templated":true}]}}