{"id":558700,"date":"2025-03-04T03:21:54","date_gmt":"2025-03-04T02:21:54","guid":{"rendered":"https:\/\/shop.kustom.ch\/?post_type=product&#038;p=558700"},"modified":"2026-03-30T14:39:46","modified_gmt":"2026-03-30T13:39:46","slug":"sicherheitsschuhe-footwear-move","status":"publish","type":"product","link":"https:\/\/shop.kustom.ch\/fr\/produit\/sicherheitsschuhe-footwear-move\/","title":{"rendered":"Chaussures de s\u00e9curit\u00e9 FOOTWEAR MOVE"},"content":{"rendered":"<p>La partie avant de la chaussure est extr\u00eamement flexible. Tissu ext\u00e9rieur en textile r\u00e9sistant. Fermeture et ouverture par le syst\u00e8me BOA\u00ae Fit, un syst\u00e8me compos\u00e9 d'un bouton rotatif, d'un c\u00e2ble et de guides lacets. Embout de protection en composite. Protection contre la p\u00e9n\u00e9tration des clous MASCOLAYER. Semelle int\u00e9rieure absorbant les chocs, souple et flexible. Les semelles int\u00e9rieures sont interchangeables. Semelle interm\u00e9diaire en phylon. Semelle ext\u00e9rieure en caoutchouc. Protection du talon en TPU. Semelle r\u00e9sistante non marquante qui ne d\u00e9teint pas. Semelle r\u00e9sistante \u00e0 l'huile et \u00e0 l'essence. Test\u00e9 ESD selon EN IEC 61340-4-3 : 2018, EN 61340-5-1 : 2016.<\/p>\n<p>Classe de s\u00e9curit\u00e9 S1P ; dissipation de l'\u00e9lectricit\u00e9 statique (ESD) ; semelle antid\u00e9rapante ; EN ISO 20345<br \/>\nTextile<br \/>\nTaille 1042 : 440 g<\/p>\n<p><a href=\"https:\/\/mascotsitecore-1ccb8.kxcdn.com\/pdf\/F0300-909-09-de.pdf\" target=\"_blank\" rel=\"noopener\"><u>Ouvrir la fiche produit<\/u><\/a><\/p>","protected":false},"excerpt":{"rendered":"<ul>\n<li>La partie avant de la chaussure peut \u00eatre pli\u00e9e avec le pied de mani\u00e8re extr\u00eamement flexible.<\/li>\n<li>Le syst\u00e8me BOA\u00ae Fit est compos\u00e9 de mat\u00e9riaux particuli\u00e8rement r\u00e9sistants et de haute qualit\u00e9. Le syst\u00e8me BOA\u00ae Fit permet d'ajuster parfaitement les chaussures, rapidement et sans effort, par simple rotation.<\/li>\n<li>L'embout de protection est en composite. Le composite ne conduit ni le froid ni la chaleur et les embouts en composite offrent donc un confort suppl\u00e9mentaire, tant dans les environnements chauds que froids.<\/li>\n<li>La protection anti-perforation MASCOLAYER en textile sp\u00e9cial garantit une forte protection et un grand confort de marche.<\/li>\n<li>Semelle interm\u00e9diaire \u00e9lastique et confortable en phylon pour plus de confort, ainsi que semelle ext\u00e9rieure en caoutchouc.<\/li>\n<li>La semelle est r\u00e9sistante \u00e0 l'huile et \u00e0 l'essence.<\/li>\n<li>Les chaussures de s\u00e9curit\u00e9 sont parmi les plus l\u00e9g\u00e8res du march\u00e9.<\/li>\n<li>Test\u00e9 ESD selon EN CEI 61340-4-3 : 2018 + EN 61340-5-1 : 2016.<\/li>\n<\/ul>","protected":false},"featured_media":558720,"template":"","meta":[],"product_brand":[],"product_cat":[9643,4197],"product_tag":[],"class_list":{"0":"post-558700","1":"product","2":"type-product","3":"status-publish","4":"has-post-thumbnail","6":"product_cat-equipment","7":"product_cat-schuhe-sandalen","8":"pa_brand-mascot","9":"pa_brand-type-workwear","10":"pa_filter-color-blau","11":"pa_filter-color-schwarz","13":"first","14":"instock","15":"sale","16":"taxable","17":"shipping-taxable","18":"purchasable","19":"product-type-variable","20":"add-to-wishlist-before_image"},"exclude_global_add_ons":[],"addons":[],"acf":[],"_links":{"self":[{"href":"https:\/\/shop.kustom.ch\/fr\/wp-json\/wp\/v2\/product\/558700"}],"collection":[{"href":"https:\/\/shop.kustom.ch\/fr\/wp-json\/wp\/v2\/product"}],"about":[{"href":"https:\/\/shop.kustom.ch\/fr\/wp-json\/wp\/v2\/types\/product"}],"wp:featuredmedia":[{"embeddable":true,"href":"https:\/\/shop.kustom.ch\/fr\/wp-json\/wp\/v2\/media\/558720"}],"wp:attachment":[{"href":"https:\/\/shop.kustom.ch\/fr\/wp-json\/wp\/v2\/media?parent=558700"}],"wp:term":[{"taxonomy":"product_brand","embeddable":true,"href":"https:\/\/shop.kustom.ch\/fr\/wp-json\/wp\/v2\/product_brand?post=558700"},{"taxonomy":"product_cat","embeddable":true,"href":"https:\/\/shop.kustom.ch\/fr\/wp-json\/wp\/v2\/product_cat?post=558700"},{"taxonomy":"product_tag","embeddable":true,"href":"https:\/\/shop.kustom.ch\/fr\/wp-json\/wp\/v2\/product_tag?post=558700"}],"curies":[{"name":"wp","href":"https:\/\/api.w.org\/{rel}","templated":true}]}}