{"id":558678,"date":"2025-03-04T03:21:51","date_gmt":"2025-03-04T02:21:51","guid":{"rendered":"https:\/\/shop.kustom.ch\/?post_type=product&#038;p=558678"},"modified":"2026-03-30T14:39:24","modified_gmt":"2026-03-30T13:39:24","slug":"sicherheitsstiefel-footwear-industry-10","status":"publish","type":"product","link":"https:\/\/shop.kustom.ch\/fr\/produit\/sicherheitsstiefel-footwear-industry-10\/","title":{"rendered":"Bottes de s\u00e9curit\u00e9 FOOTWEAR INDUSTRY"},"content":{"rendered":"<p>Fermeture \u00e0 lacets. Embout de protection en aluminium, de forme ergonomique. Protection contre la p\u00e9n\u00e9tration des clous en textile sp\u00e9cial. Avec articulation multifonctionnelle stabilisante avec mousse de confort int\u00e9gr\u00e9e. Semelle ext\u00e9rieure en PU\/caoutchouc. Les semelles int\u00e9rieures sont interchangeables, conductrices et r\u00e9sistantes. L'humidit\u00e9 est absorb\u00e9e et efficacement restitu\u00e9e. Prot\u00e8ge-pointes en PU, moul\u00e9 par injection. Semelle r\u00e9sistante \u00e0 l'huile et \u00e0 l'essence. Semelle r\u00e9sistante \u00e0 une chaleur de contact jusqu'\u00e0 300\u00b0C. Bord du talon. Semelle confort, amortissant les chocs. Tige en cuir de b\u0153uf pleine fleur de premi\u00e8re qualit\u00e9. Doublure int\u00e9rieure isolante gr\u00e2ce \u00e0 l'isolation Thinsulate\u2122. Membrane imperm\u00e9able en tissu MASCOTEX\u00ae. Embout de protection arri\u00e8re. Semelle ext\u00e9rieure non marquante - ne d\u00e9teint pas. La languette anti-poussi\u00e8re emp\u00eache la p\u00e9n\u00e9tration de la salet\u00e9. Profondeur de profil 3,5 mm.<\/p>\n<p>Classe de s\u00e9curit\u00e9 S3 ; semelle antid\u00e9rapante ; EN ISO 20345<br \/>\nCuir sup\u00e9rieur pleine fleur<br \/>\nTaille 1142 : 850 g<\/p>\n<p><a href=\"https:\/\/mascotsitecore-1ccb8.kxcdn.com\/pdf\/F0462-902-09-de.pdf\" target=\"_blank\" rel=\"noopener\"><u>Ouvrir la fiche produit<\/u><\/a><\/p>","protected":false},"excerpt":{"rendered":"<ul>\n<li>Embout de forme ergonomique en aluminium offrant une grande libert\u00e9 de mouvement.<\/li>\n<li>Un prot\u00e8ge-clous flexible en textile sp\u00e9cial augmente le confort et \u00e9vite les ponts thermiques. De plus, contrairement \u00e0 une protection anti-clous en acier, elle couvre toute la taille du pied et offre donc une meilleure protection sur les c\u00f4t\u00e9s.<\/li>\n<li>Gr\u00e2ce \u00e0 l'articulation multifonctionnelle stabilisante brevet\u00e9e par MASCOT, elle convient aussi particuli\u00e8rement bien pour travailler sur un sol in\u00e9gal et sur des \u00e9chelles.<\/li>\n<li>Convient bien aux activit\u00e9s \u00e0 genoux gr\u00e2ce \u00e0 la protection de pointe en PU extr\u00eamement r\u00e9sistante \u00e0 l'usure.<\/li>\n<li>La semelle est r\u00e9sistante au gel et antid\u00e9rapante, ce qui leur permet de rester debout m\u00eame par temps froid.<\/li>\n<li>La semelle est r\u00e9sistante \u00e0 l'huile et \u00e0 l'essence.<\/li>\n<li>La doublure isolante en Thinsulate\u2122 Insulation permet de garder le pied au chaud malgr\u00e9 un environnement froid.<\/li>\n<li>La membrane imperm\u00e9able et respirante en MASCOTEX\u00ae garde les pieds au sec toute la journ\u00e9e.<\/li>\n<\/ul>","protected":false},"featured_media":558718,"template":"","meta":[],"product_brand":[],"product_cat":[9643,4197],"product_tag":[],"class_list":{"0":"post-558678","1":"product","2":"type-product","3":"status-publish","4":"has-post-thumbnail","6":"product_cat-equipment","7":"product_cat-schuhe-sandalen","8":"pa_brand-mascot","9":"pa_brand-type-workwear","10":"pa_filter-color-schwarz","12":"first","13":"instock","14":"sale","15":"taxable","16":"shipping-taxable","17":"purchasable","18":"product-type-variable","19":"add-to-wishlist-before_image"},"exclude_global_add_ons":[],"addons":[],"acf":[],"_links":{"self":[{"href":"https:\/\/shop.kustom.ch\/fr\/wp-json\/wp\/v2\/product\/558678"}],"collection":[{"href":"https:\/\/shop.kustom.ch\/fr\/wp-json\/wp\/v2\/product"}],"about":[{"href":"https:\/\/shop.kustom.ch\/fr\/wp-json\/wp\/v2\/types\/product"}],"wp:featuredmedia":[{"embeddable":true,"href":"https:\/\/shop.kustom.ch\/fr\/wp-json\/wp\/v2\/media\/558718"}],"wp:attachment":[{"href":"https:\/\/shop.kustom.ch\/fr\/wp-json\/wp\/v2\/media?parent=558678"}],"wp:term":[{"taxonomy":"product_brand","embeddable":true,"href":"https:\/\/shop.kustom.ch\/fr\/wp-json\/wp\/v2\/product_brand?post=558678"},{"taxonomy":"product_cat","embeddable":true,"href":"https:\/\/shop.kustom.ch\/fr\/wp-json\/wp\/v2\/product_cat?post=558678"},{"taxonomy":"product_tag","embeddable":true,"href":"https:\/\/shop.kustom.ch\/fr\/wp-json\/wp\/v2\/product_tag?post=558678"}],"curies":[{"name":"wp","href":"https:\/\/api.w.org\/{rel}","templated":true}]}}