{"id":558582,"date":"2025-03-04T03:20:38","date_gmt":"2025-03-04T02:20:38","guid":{"rendered":"https:\/\/shop.kustom.ch\/?post_type=product&#038;p=558582"},"modified":"2026-03-30T14:39:21","modified_gmt":"2026-03-30T13:39:21","slug":"sicherheitsschuhe-footwear-industry-3","status":"publish","type":"product","link":"https:\/\/shop.kustom.ch\/fr\/produit\/sicherheitsschuhe-footwear-industry-3\/","title":{"rendered":"Chaussures de s\u00e9curit\u00e9 FOOTWEAR INDUSTRY"},"content":{"rendered":"<p>Se ferme et s'ouvre avec le BOA\u00ae Fit System, un syst\u00e8me compos\u00e9 d'un bouton rotatif, d'un c\u00e2ble et de guides de lacet. Embout de protection des orteils en aluminium, de forme ergonomique. Protection contre le passage des clous en textile sp\u00e9cial. Avec articulation multifonctionnelle stabilisante avec mousse de confort int\u00e9gr\u00e9e. Semelle interm\u00e9diaire en PU. Semelle ext\u00e9rieure en caoutchouc, extr\u00eamement antid\u00e9rapante. Les semelles int\u00e9rieures sont interchangeables, antistatiques et r\u00e9sistantes. L'humidit\u00e9 est absorb\u00e9e et efficacement restitu\u00e9e. Protection des pointes en PU, inject\u00e9e. Semelle r\u00e9sistante \u00e0 l'huile et \u00e0 l'essence. Semelle r\u00e9sistante \u00e0 une chaleur de contact jusqu'\u00e0 300\u00b0C. Bord du talon. Semelle int\u00e9rieure, amortissant les chocs. Tige en mat\u00e9riau ext\u00e9rieur hydrofuge et respirant. Convient pour le travail \u00e0 genoux. Embout de protection arri\u00e8re. Semelle ext\u00e9rieure non marquante - ne d\u00e9teint pas. Test\u00e9 ESD selon EN IEC 61340-4-3 : 2018, EN 61340-5-1 : 2016.<\/p>\n<p>Classe de s\u00e9curit\u00e9 S3 ; semelle antid\u00e9rapante ; EN ISO 20345 ; dissipation de l'\u00e9lectricit\u00e9 statique (ESD)<br \/>\nCuir sup\u00e9rieur de buffle pleine fleur<br \/>\nTaille 1042 : 730 g<\/p>\n<p><a href=\"https:\/\/mascotsitecore-1ccb8.kxcdn.com\/pdf\/F0451-902-09-de.pdf\" target=\"_blank\" rel=\"noopener\"><u>Ouvrir la fiche produit<\/u><\/a><\/p>","protected":false},"excerpt":{"rendered":"<ul>\n<li>Le syst\u00e8me BOA\u00ae Fit est compos\u00e9 de mat\u00e9riaux particuli\u00e8rement r\u00e9sistants et de haute qualit\u00e9. Le syst\u00e8me BOA\u00ae Fit permet d'ajuster parfaitement les chaussures, rapidement et sans effort, par simple rotation.<\/li>\n<li>L'embout ergonomique en aluminium offre une meilleure protection et plus d'espace pour les orteils, tout en augmentant le confort.<\/li>\n<li>Un prot\u00e8ge-clous flexible en textile sp\u00e9cial augmente le confort et \u00e9vite les ponts thermiques. De plus, contrairement \u00e0 une protection anti-clous en acier, elle couvre toute la taille du pied et offre donc une meilleure protection sur les c\u00f4t\u00e9s.<\/li>\n<li>Gr\u00e2ce \u00e0 l'articulation multifonctionnelle stabilisante brevet\u00e9e par MASCOT, elle convient aussi particuli\u00e8rement bien pour travailler sur un sol in\u00e9gal et sur des \u00e9chelles.<\/li>\n<li>La semelle en PU\/caoutchouc est sp\u00e9cialement con\u00e7ue pour les environnements exigeants. Elle est r\u00e9sistante \u00e0 la chaleur de contact jusqu'\u00e0 300\u00b0C.<\/li>\n<li>La semelle est r\u00e9sistante \u00e0 l'huile et \u00e0 l'essence.<\/li>\n<li>Test\u00e9 ESD selon EN CEI 61340-4-3 : 2018 + EN 61340-5-1 : 2016.<\/li>\n<\/ul>","protected":false},"featured_media":558620,"template":"","meta":[],"product_brand":[],"product_cat":[9643,4197],"product_tag":[],"class_list":{"0":"post-558582","1":"product","2":"type-product","3":"status-publish","4":"has-post-thumbnail","6":"product_cat-equipment","7":"product_cat-schuhe-sandalen","8":"pa_brand-mascot","9":"pa_brand-type-workwear","10":"pa_filter-color-schwarz","12":"first","13":"instock","14":"sale","15":"taxable","16":"shipping-taxable","17":"purchasable","18":"product-type-variable","19":"add-to-wishlist-before_image"},"exclude_global_add_ons":[],"addons":[],"acf":[],"_links":{"self":[{"href":"https:\/\/shop.kustom.ch\/fr\/wp-json\/wp\/v2\/product\/558582"}],"collection":[{"href":"https:\/\/shop.kustom.ch\/fr\/wp-json\/wp\/v2\/product"}],"about":[{"href":"https:\/\/shop.kustom.ch\/fr\/wp-json\/wp\/v2\/types\/product"}],"wp:featuredmedia":[{"embeddable":true,"href":"https:\/\/shop.kustom.ch\/fr\/wp-json\/wp\/v2\/media\/558620"}],"wp:attachment":[{"href":"https:\/\/shop.kustom.ch\/fr\/wp-json\/wp\/v2\/media?parent=558582"}],"wp:term":[{"taxonomy":"product_brand","embeddable":true,"href":"https:\/\/shop.kustom.ch\/fr\/wp-json\/wp\/v2\/product_brand?post=558582"},{"taxonomy":"product_cat","embeddable":true,"href":"https:\/\/shop.kustom.ch\/fr\/wp-json\/wp\/v2\/product_cat?post=558582"},{"taxonomy":"product_tag","embeddable":true,"href":"https:\/\/shop.kustom.ch\/fr\/wp-json\/wp\/v2\/product_tag?post=558582"}],"curies":[{"name":"wp","href":"https:\/\/api.w.org\/{rel}","templated":true}]}}