{"id":558565,"date":"2025-03-04T03:20:04","date_gmt":"2025-03-04T02:20:04","guid":{"rendered":"https:\/\/shop.kustom.ch\/?post_type=product&#038;p=558565"},"modified":"2026-03-30T14:39:16","modified_gmt":"2026-03-30T13:39:16","slug":"sicherheitsschuhe-footwear-industry-2","status":"publish","type":"product","link":"https:\/\/shop.kustom.ch\/fr\/produit\/sicherheitsschuhe-footwear-industry-2\/","title":{"rendered":"Chaussures de s\u00e9curit\u00e9 FOOTWEAR INDUSTRY"},"content":{"rendered":"<p>Antistatique, en plus. Protection du m\u00e9tatarse. Dans la partie sup\u00e9rieure, avec une protection suppl\u00e9mentaire contre la pression sur le m\u00e9tatarse - ce qui minimise le risque de blessures dues aux chocs et de fractures. Fermeture \u00e0 lacets. Embout de protection des orteils en composite. Protection contre la p\u00e9n\u00e9tration des clous en textile sp\u00e9cial. Semelle ext\u00e9rieure en PU\/caoutchouc, extr\u00eamement antid\u00e9rapante. Les semelles int\u00e9rieures sont interchangeables, antistatiques et r\u00e9sistantes. Protection des pointes en PU, inject\u00e9e. Semelle r\u00e9sistante \u00e0 l'huile et \u00e0 l'essence. Semelle r\u00e9sistante \u00e0 une chaleur de contact jusqu'\u00e0 300\u00b0C. Bord de talon. Semelle int\u00e9rieure, amortissant les chocs. Tige en mat\u00e9riau ext\u00e9rieur hydrofuge et respirant. Convient pour le travail \u00e0 genoux. Embout arri\u00e8re.<\/p>\n<p>Classe de s\u00e9curit\u00e9 S3 ; semelle antid\u00e9rapante ; EN ISO 20345<br \/>\nCuir sup\u00e9rieur de buffle pleine fleur<br \/>\nTaille 1042 : 747 g<\/p>\n<p><a href=\"https:\/\/mascotsitecore-1ccb8.kxcdn.com\/pdf\/F0221-902-09-de.pdf\" target=\"_blank\" rel=\"noopener\"><u>Ouvrir la fiche produit<\/u><\/a><\/p>","protected":false},"excerpt":{"rendered":"<ul>\n<li>Protection du m\u00e9tatarse. Dans la partie sup\u00e9rieure, avec une protection suppl\u00e9mentaire contre la pression sur le m\u00e9tatarse - ce qui minimise le risque de blessures dues aux chocs et de fractures.<\/li>\n<li>L'embout de protection est en composite. Le composite ne conduit ni le froid ni la chaleur et les embouts en composite offrent donc un confort suppl\u00e9mentaire, tant dans les environnements chauds que froids.<\/li>\n<li>Les semelles int\u00e9rieures amortissant les chocs sont interchangeables, r\u00e9sistantes et antistatiques.<\/li>\n<li>La semelle en PU\/caoutchouc est sp\u00e9cialement con\u00e7ue pour les environnements exigeants. Elle est r\u00e9sistante \u00e0 la chaleur de contact jusqu'\u00e0 300\u00b0C.<\/li>\n<li>La semelle est r\u00e9sistante \u00e0 l'huile et \u00e0 l'essence.<\/li>\n<\/ul>","protected":false},"featured_media":558619,"template":"","meta":[],"product_brand":[],"product_cat":[9643,4197],"product_tag":[],"class_list":{"0":"post-558565","1":"product","2":"type-product","3":"status-publish","4":"has-post-thumbnail","6":"product_cat-equipment","7":"product_cat-schuhe-sandalen","8":"pa_brand-mascot","9":"pa_brand-type-workwear","10":"pa_filter-color-schwarz","12":"first","13":"instock","14":"sale","15":"taxable","16":"shipping-taxable","17":"purchasable","18":"product-type-variable","19":"add-to-wishlist-before_image"},"exclude_global_add_ons":[],"addons":[],"acf":[],"_links":{"self":[{"href":"https:\/\/shop.kustom.ch\/fr\/wp-json\/wp\/v2\/product\/558565"}],"collection":[{"href":"https:\/\/shop.kustom.ch\/fr\/wp-json\/wp\/v2\/product"}],"about":[{"href":"https:\/\/shop.kustom.ch\/fr\/wp-json\/wp\/v2\/types\/product"}],"wp:featuredmedia":[{"embeddable":true,"href":"https:\/\/shop.kustom.ch\/fr\/wp-json\/wp\/v2\/media\/558619"}],"wp:attachment":[{"href":"https:\/\/shop.kustom.ch\/fr\/wp-json\/wp\/v2\/media?parent=558565"}],"wp:term":[{"taxonomy":"product_brand","embeddable":true,"href":"https:\/\/shop.kustom.ch\/fr\/wp-json\/wp\/v2\/product_brand?post=558565"},{"taxonomy":"product_cat","embeddable":true,"href":"https:\/\/shop.kustom.ch\/fr\/wp-json\/wp\/v2\/product_cat?post=558565"},{"taxonomy":"product_tag","embeddable":true,"href":"https:\/\/shop.kustom.ch\/fr\/wp-json\/wp\/v2\/product_tag?post=558565"}],"curies":[{"name":"wp","href":"https:\/\/api.w.org\/{rel}","templated":true}]}}