{"id":558542,"date":"2025-03-04T03:20:01","date_gmt":"2025-03-04T02:20:01","guid":{"rendered":"https:\/\/shop.kustom.ch\/?post_type=product&#038;p=558542"},"modified":"2026-03-30T14:39:15","modified_gmt":"2026-03-30T13:39:15","slug":"sicherheitsstiefel-footwear-industry-4","status":"publish","type":"product","link":"https:\/\/shop.kustom.ch\/fr\/produit\/sicherheitsstiefel-footwear-industry-4\/","title":{"rendered":"Bottes de s\u00e9curit\u00e9 FOOTWEAR INDUSTRY"},"content":{"rendered":"<p>Embout de protection en aluminium, de forme ergonomique. Protection contre le passage des clous en textile sp\u00e9cial. Avec articulation multifonctionnelle stabilisante avec mousse de confort int\u00e9gr\u00e9e. Protection de la cheville contre les chocs lat\u00e9raux et les effets de pression. Semelle ext\u00e9rieure en PU\/caoutchouc, extr\u00eamement antid\u00e9rapante. Les semelles int\u00e9rieures sont interchangeables, antistatiques et r\u00e9sistantes. L'humidit\u00e9 est absorb\u00e9e et efficacement restitu\u00e9e. Prot\u00e8ge-pointes en PU, moul\u00e9 par injection. Convient pour les travaux \u00e0 genoux. Semelle r\u00e9sistante \u00e0 l'huile et \u00e0 l'essence. Semelle r\u00e9sistante \u00e0 une chaleur de contact jusqu'\u00e0 300\u00b0C. Bord de talon. Semelle confort, amortissant les chocs. Embout de talon en TPU. Doublure int\u00e9rieure Drylex\u00ae absorbant l'humidit\u00e9. Tige en mat\u00e9riau ext\u00e9rieur hydrofuge et respirant. Coutures en fil Nomex\u00ae ignifug\u00e9 \u00e0 l'avant de la chaussure. Lacets ignifuges en Nomex\u00ae. Embout arri\u00e8re de la chaussure. La languette anti-poussi\u00e8re emp\u00eache la p\u00e9n\u00e9tration de la salet\u00e9. La\u00e7age avec crochets m\u00e9talliques sans nickel. Profondeur du profil : 3,5 mm.<\/p>\n<p>Classe de s\u00e9curit\u00e9 S3 ; Semelle ext\u00e9rieure antid\u00e9rapante ; EN ISO 20345 ; Chaussure orthop\u00e9dique : convient pour les modifications<br \/>\nCuir sup\u00e9rieur pleine fleur<br \/>\nTaille 42 : 940 g<\/p>\n<p><a href=\"https:\/\/mascotsitecore-1ccb8.kxcdn.com\/pdf\/F0165-902-0907-de.pdf\" target=\"_blank\" rel=\"noopener\"><u>Ouvrir la fiche produit<\/u><\/a><\/p>","protected":false},"excerpt":{"rendered":"<ul>\n<li>Embout de forme ergonomique en aluminium offrant une grande libert\u00e9 de mouvement.<\/li>\n<li>La protection de la cheville \u00e0 trois couches absorbe et r\u00e9partit la pression et les chocs sur la cheville, certifi\u00e9e EN ISO 20345.<\/li>\n<li>Convient bien aux activit\u00e9s \u00e0 genoux gr\u00e2ce \u00e0 la protection de pointe en PU extr\u00eamement r\u00e9sistante \u00e0 l'usure.<\/li>\n<li>La semelle en PU\/caoutchouc est sp\u00e9cialement con\u00e7ue pour les environnements exigeants. Elle est r\u00e9sistante \u00e0 la chaleur de contact jusqu'\u00e0 300\u00b0C.<\/li>\n<li>Lacets ignifuges en Nomex\u00ae.<\/li>\n<li>Semelle ext\u00e9rieure antid\u00e9rapante et r\u00e9sistante \u00e0 l'usure (certifi\u00e9e SRC) - r\u00e9sistante aux huiles et aux hydrocarbures et \u00e0 certains produits chimiques.<\/li>\n<\/ul>","protected":false},"featured_media":558572,"template":"","meta":[],"product_brand":[],"product_cat":[9643,4197],"product_tag":[],"class_list":{"0":"post-558542","1":"product","2":"type-product","3":"status-publish","4":"has-post-thumbnail","6":"product_cat-equipment","7":"product_cat-schuhe-sandalen","8":"pa_brand-mascot","9":"pa_brand-type-workwear","10":"pa_filter-color-gelb","11":"pa_filter-color-schwarz","13":"first","14":"instock","15":"sale","16":"taxable","17":"shipping-taxable","18":"purchasable","19":"product-type-variable","20":"add-to-wishlist-before_image"},"exclude_global_add_ons":[],"addons":[],"acf":[],"_links":{"self":[{"href":"https:\/\/shop.kustom.ch\/fr\/wp-json\/wp\/v2\/product\/558542"}],"collection":[{"href":"https:\/\/shop.kustom.ch\/fr\/wp-json\/wp\/v2\/product"}],"about":[{"href":"https:\/\/shop.kustom.ch\/fr\/wp-json\/wp\/v2\/types\/product"}],"wp:featuredmedia":[{"embeddable":true,"href":"https:\/\/shop.kustom.ch\/fr\/wp-json\/wp\/v2\/media\/558572"}],"wp:attachment":[{"href":"https:\/\/shop.kustom.ch\/fr\/wp-json\/wp\/v2\/media?parent=558542"}],"wp:term":[{"taxonomy":"product_brand","embeddable":true,"href":"https:\/\/shop.kustom.ch\/fr\/wp-json\/wp\/v2\/product_brand?post=558542"},{"taxonomy":"product_cat","embeddable":true,"href":"https:\/\/shop.kustom.ch\/fr\/wp-json\/wp\/v2\/product_cat?post=558542"},{"taxonomy":"product_tag","embeddable":true,"href":"https:\/\/shop.kustom.ch\/fr\/wp-json\/wp\/v2\/product_tag?post=558542"}],"curies":[{"name":"wp","href":"https:\/\/api.w.org\/{rel}","templated":true}]}}