{"id":558520,"date":"2025-03-04T03:19:58","date_gmt":"2025-03-04T02:19:58","guid":{"rendered":"https:\/\/shop.kustom.ch\/?post_type=product&#038;p=558520"},"modified":"2026-03-30T14:39:14","modified_gmt":"2026-03-30T13:39:14","slug":"sicherheitsstiefel-footwear-industry-2","status":"publish","type":"product","link":"https:\/\/shop.kustom.ch\/fr\/produit\/sicherheitsstiefel-footwear-industry-2\/","title":{"rendered":"Bottes de s\u00e9curit\u00e9 FOOTWEAR INDUSTRY"},"content":{"rendered":"<p>Fermeture \u00e0 lacets. Embout de protection en aluminium, de forme ergonomique. Protection contre la p\u00e9n\u00e9tration des clous en textile sp\u00e9cial. Avec articulation multifonctionnelle stabilisante avec mousse de confort int\u00e9gr\u00e9e. Semelle ext\u00e9rieure en PU\/caoutchouc, extr\u00eamement antid\u00e9rapante. Les semelles int\u00e9rieures sont interchangeables, antistatiques et r\u00e9sistantes. L'humidit\u00e9 est absorb\u00e9e et efficacement restitu\u00e9e. Prot\u00e8ge-pointes en PU, moul\u00e9 par injection. Semelle r\u00e9sistante \u00e0 l'huile et \u00e0 l'essence. Semelle r\u00e9sistante \u00e0 une chaleur de contact jusqu'\u00e0 300\u00b0C. Bord du talon. Semelle confort, amortissant les chocs. Tige en mat\u00e9riau ext\u00e9rieur hydrofuge et respirant. Languette anti-poussi\u00e8re emp\u00eachant la p\u00e9n\u00e9tration de la salet\u00e9, combinaison cuir\/textile. Doublure en textile, respirante. Convient pour le travail \u00e0 genoux. Stabilisation du talon en TPU. Embout de protection arri\u00e8re. Profondeur de profil 3,5 mm. Inserts r\u00e9fl\u00e9chissants.<\/p>\n<p>Classe de s\u00e9curit\u00e9 S3 ; Semelle ext\u00e9rieure antid\u00e9rapante ; EN ISO 20345 ; Chaussure orthop\u00e9dique : convient pour les modifications<br \/>\nCuir sup\u00e9rieur de buffle<br \/>\nTaille 42 : 761 g<\/p>\n<p><a href=\"https:\/\/mascotsitecore-1ccb8.kxcdn.com\/pdf\/F0074-902-0907-de.pdf\" target=\"_blank\" rel=\"noopener\"><u>Ouvrir la fiche produit<\/u><\/a><\/p>","protected":false},"excerpt":{"rendered":"<ul>\n<li>L'embout ergonomique en aluminium offre une meilleure protection des orteils et \u00e9vite les points de pression lors des travaux \u00e0 genoux.<\/li>\n<li>La semelle en PU\/caoutchouc est sp\u00e9cialement con\u00e7ue pour les environnements exigeants. Elle est r\u00e9sistante \u00e0 la chaleur de contact jusqu'\u00e0 300\u00b0C.<\/li>\n<li>Convient bien aux activit\u00e9s \u00e0 genoux gr\u00e2ce \u00e0 la protection de pointe en PU extr\u00eamement r\u00e9sistante \u00e0 l'usure.<\/li>\n<li>Tr\u00e8s confortable et avec une semelle confort amortissant les chocs.<\/li>\n<li>Soyez vu - les effets r\u00e9fl\u00e9chissants augmentent votre s\u00e9curit\u00e9 au quotidien.<\/li>\n<li>Gr\u00e2ce \u00e0 l'articulation multifonctionnelle stabilisante brevet\u00e9e par MASCOT, elle convient aussi particuli\u00e8rement bien pour travailler sur un sol in\u00e9gal et sur des \u00e9chelles.<\/li>\n<\/ul>","protected":false},"featured_media":558570,"template":"","meta":[],"product_brand":[],"product_cat":[9643,4197],"product_tag":[],"class_list":{"0":"post-558520","1":"product","2":"type-product","3":"status-publish","4":"has-post-thumbnail","6":"product_cat-equipment","7":"product_cat-schuhe-sandalen","8":"pa_brand-mascot","9":"pa_brand-type-workwear","10":"pa_filter-color-gelb","11":"pa_filter-color-schwarz","13":"first","14":"instock","15":"sale","16":"taxable","17":"shipping-taxable","18":"purchasable","19":"product-type-variable","20":"add-to-wishlist-before_image"},"exclude_global_add_ons":[],"addons":[],"acf":[],"_links":{"self":[{"href":"https:\/\/shop.kustom.ch\/fr\/wp-json\/wp\/v2\/product\/558520"}],"collection":[{"href":"https:\/\/shop.kustom.ch\/fr\/wp-json\/wp\/v2\/product"}],"about":[{"href":"https:\/\/shop.kustom.ch\/fr\/wp-json\/wp\/v2\/types\/product"}],"wp:featuredmedia":[{"embeddable":true,"href":"https:\/\/shop.kustom.ch\/fr\/wp-json\/wp\/v2\/media\/558570"}],"wp:attachment":[{"href":"https:\/\/shop.kustom.ch\/fr\/wp-json\/wp\/v2\/media?parent=558520"}],"wp:term":[{"taxonomy":"product_brand","embeddable":true,"href":"https:\/\/shop.kustom.ch\/fr\/wp-json\/wp\/v2\/product_brand?post=558520"},{"taxonomy":"product_cat","embeddable":true,"href":"https:\/\/shop.kustom.ch\/fr\/wp-json\/wp\/v2\/product_cat?post=558520"},{"taxonomy":"product_tag","embeddable":true,"href":"https:\/\/shop.kustom.ch\/fr\/wp-json\/wp\/v2\/product_tag?post=558520"}],"curies":[{"name":"wp","href":"https:\/\/api.w.org\/{rel}","templated":true}]}}