{"id":558418,"date":"2025-03-04T03:18:46","date_gmt":"2025-03-04T02:18:46","guid":{"rendered":"https:\/\/shop.kustom.ch\/?post_type=product&#038;p=558418"},"modified":"2026-03-30T14:39:07","modified_gmt":"2026-03-30T13:39:07","slug":"sicherheitssandale-footwear-flex","status":"publish","type":"product","link":"https:\/\/shop.kustom.ch\/fr\/produit\/sicherheitssandale-footwear-flex\/","title":{"rendered":"Sandale de s\u00e9curit\u00e9 FOOTWEAR FLEX"},"content":{"rendered":"<p>La partie avant de la chaussure est extr\u00eamement flexible. Non m\u00e9tallique. Fermeture avec bande Velcro. Embout de protection en composite. Protection contre le passage des ongles en textile sp\u00e9cial. Avec articulation multifonctionnelle stabilisante avec mousse de confort int\u00e9gr\u00e9e. Semelle bi-mati\u00e8re souple et flexible en PU\/PU, absorbant les chocs. Semelle ext\u00e9rieure non marquante - ne d\u00e9teint pas. Protection des pointes en TPU. Convient pour les travaux \u00e0 genoux. Bord de talon. Profondeur de profil de 5,0 mm. Semelle int\u00e9rieure avec soutien optimis\u00e9 de la vo\u00fbte plantaire, qui peut contrecarrer la tendance au pied plat. Les semelles int\u00e9rieures amortissant les chocs sont interchangeables, r\u00e9sistantes et ergonomiques. Doublure en textile, respirante. Semelle r\u00e9sistante \u00e0 l'huile et \u00e0 l'essence. Test\u00e9e ESD selon EN IEC 61340-4-3 : 2002.<\/p>\n<p>Classe de s\u00e9curit\u00e9 S1P ; semelle antid\u00e9rapante ; dissipation de l'\u00e9lectricit\u00e9 statique (ESD) ; EN ISO 20345 ; chaussure orthop\u00e9dique : convient pour les modifications<br \/>\nTextile\/cuir su\u00e9d\u00e9<br \/>\nTaille 1042 : 565 g<\/p>\n<p><a href=\"https:\/\/mascotsitecore-1ccb8.kxcdn.com\/pdf\/F0100-910-09880-de.pdf\" target=\"_blank\" rel=\"noopener\"><u>Ouvrir la fiche produit<\/u><\/a><\/p>","protected":false},"excerpt":{"rendered":"<ul>\n<li>La partie avant de la chaussure peut \u00eatre pli\u00e9e avec le pied de mani\u00e8re extr\u00eamement flexible.<\/li>\n<li>L'embout est en composite et ne contient donc pas de m\u00e9taux. Le composite ne conduit ni le froid ni la chaleur et les embouts en composite offrent donc un confort suppl\u00e9mentaire aussi bien dans les environnements chauds que froids.<\/li>\n<li>Semelle int\u00e9rieure avec soutien optimis\u00e9 de la vo\u00fbte plantaire, qui peut contrecarrer la tendance au pied plat.<\/li>\n<li>Gr\u00e2ce \u00e0 l'articulation multifonctionnelle stabilisante brevet\u00e9e par MASCOT, elle convient aussi particuli\u00e8rement bien pour travailler sur un sol in\u00e9gal et sur des \u00e9chelles.<\/li>\n<li>Semelle bi-mati\u00e8re souple et flexible en PU\/PU, absorbant les chocs.<\/li>\n<li>La semelle est r\u00e9sistante \u00e0 l'huile et \u00e0 l'essence.<\/li>\n<li>Test\u00e9 ESD.<\/li>\n<\/ul>","protected":false},"featured_media":558444,"template":"","meta":[],"product_brand":[],"product_cat":[9643,4197],"product_tag":[],"class_list":{"0":"post-558418","1":"product","2":"type-product","3":"status-publish","4":"has-post-thumbnail","6":"product_cat-equipment","7":"product_cat-schuhe-sandalen","8":"pa_brand-mascot","9":"pa_brand-type-workwear","10":"pa_filter-color-grau","11":"pa_filter-color-schwarz","13":"first","14":"instock","15":"sale","16":"taxable","17":"shipping-taxable","18":"purchasable","19":"product-type-variable","20":"add-to-wishlist-before_image"},"exclude_global_add_ons":[],"addons":[],"acf":[],"_links":{"self":[{"href":"https:\/\/shop.kustom.ch\/fr\/wp-json\/wp\/v2\/product\/558418"}],"collection":[{"href":"https:\/\/shop.kustom.ch\/fr\/wp-json\/wp\/v2\/product"}],"about":[{"href":"https:\/\/shop.kustom.ch\/fr\/wp-json\/wp\/v2\/types\/product"}],"wp:featuredmedia":[{"embeddable":true,"href":"https:\/\/shop.kustom.ch\/fr\/wp-json\/wp\/v2\/media\/558444"}],"wp:attachment":[{"href":"https:\/\/shop.kustom.ch\/fr\/wp-json\/wp\/v2\/media?parent=558418"}],"wp:term":[{"taxonomy":"product_brand","embeddable":true,"href":"https:\/\/shop.kustom.ch\/fr\/wp-json\/wp\/v2\/product_brand?post=558418"},{"taxonomy":"product_cat","embeddable":true,"href":"https:\/\/shop.kustom.ch\/fr\/wp-json\/wp\/v2\/product_cat?post=558418"},{"taxonomy":"product_tag","embeddable":true,"href":"https:\/\/shop.kustom.ch\/fr\/wp-json\/wp\/v2\/product_tag?post=558418"}],"curies":[{"name":"wp","href":"https:\/\/api.w.org\/{rel}","templated":true}]}}