{"id":558333,"date":"2025-03-04T03:18:13","date_gmt":"2025-03-04T02:18:13","guid":{"rendered":"https:\/\/shop.kustom.ch\/?post_type=product&#038;p=558333"},"modified":"2026-03-30T14:39:00","modified_gmt":"2026-03-30T13:39:00","slug":"sicherheitsstiefel-footwear-fit","status":"publish","type":"product","link":"https:\/\/shop.kustom.ch\/fr\/produit\/sicherheitsstiefel-footwear-fit\/","title":{"rendered":"Bottes de s\u00e9curit\u00e9 FOOTWEAR FIT"},"content":{"rendered":"<p>Ne contient pas de m\u00e9tal. R\u00e9sistant \u00e0 l'eau. Fermeture \u00e0 lacets. Embout de protection en composite. Protection contre la p\u00e9n\u00e9tration des clous en textile sp\u00e9cial. Avec articulation multifonctionnelle stabilisante avec mousse de confort int\u00e9gr\u00e9e. Protection de la pointe l\u00e9g\u00e8re et inject\u00e9e. Semelle ext\u00e9rieure non marquante - ne d\u00e9teint pas. Semelle \u00e0 deux composants en PU\/PU. Semelle r\u00e9sistante \u00e0 la chaleur jusqu'\u00e0 140\u00b0C. Profondeur de profil 2,5 mm. Bord de talon. Les semelles int\u00e9rieures amortissant les chocs sont interchangeables, r\u00e9sistantes et ergonomiques. L'humidit\u00e9 est absorb\u00e9e et efficacement restitu\u00e9e. Doublure textile, respirante. Embout de protection arri\u00e8re. Semelle r\u00e9sistante \u00e0 l'huile et \u00e0 l'essence. Test\u00e9 ESD selon EN IEC 61340-4-3 : 2002 + EN IEC 61340-5-1 : 2008.<\/p>\n<p>Classe de s\u00e9curit\u00e9 S3 ; semelle ext\u00e9rieure antid\u00e9rapante ; dissipation de l'\u00e9lectricit\u00e9 statique (ESD) ; EN ISO 20345 ; chaussure orthop\u00e9dique : convient pour les modifications<br \/>\nCuir<br \/>\nTaille 42 : 602 g<\/p>\n<p><a href=\"https:\/\/mascotsitecore-1ccb8.kxcdn.com\/pdf\/F0109-937-09-de.pdf\" target=\"_blank\" rel=\"noopener\"><u>Ouvrir la fiche produit<\/u><\/a><\/p>","protected":false},"excerpt":{"rendered":"<ul>\n<li>Un prot\u00e8ge-clous flexible en textile sp\u00e9cial augmente le confort et \u00e9vite les ponts thermiques. De plus, contrairement \u00e0 une protection anti-clous en acier, elle couvre toute la taille du pied et offre donc une meilleure protection sur les c\u00f4t\u00e9s.<\/li>\n<li>La semelle ext\u00e9rieure en PU r\u00e9sistant \u00e0 l'usure ne d\u00e9teint pas. Semelle ext\u00e9rieure\/SRC tr\u00e8s antid\u00e9rapante.<\/li>\n<li>Gr\u00e2ce \u00e0 l'articulation multifonctionnelle stabilisante brevet\u00e9e par MASCOT, elle convient aussi particuli\u00e8rement bien pour travailler sur un sol in\u00e9gal et sur des \u00e9chelles.<\/li>\n<li>Ces chaussures ne contiennent pas de m\u00e9taux - un avantage d\u00e9cisif dans les a\u00e9roports, par exemple.<\/li>\n<li>L'embout est en composite et ne contient donc pas de m\u00e9taux. Le composite ne conduit ni le froid ni la chaleur et les embouts en composite offrent donc un confort suppl\u00e9mentaire aussi bien dans les environnements chauds que froids.<\/li>\n<li>Les semelles int\u00e9rieures amortissant les chocs sont interchangeables, r\u00e9sistantes et ergonomiques.<\/li>\n<li>Test\u00e9 ESD.<\/li>\n<\/ul>","protected":false},"featured_media":558379,"template":"","meta":[],"product_brand":[],"product_cat":[9643,4197],"product_tag":[],"class_list":{"0":"post-558333","1":"product","2":"type-product","3":"status-publish","4":"has-post-thumbnail","6":"product_cat-equipment","7":"product_cat-schuhe-sandalen","8":"pa_brand-mascot","9":"pa_brand-type-workwear","10":"pa_filter-color-schwarz","12":"first","13":"instock","14":"sale","15":"taxable","16":"shipping-taxable","17":"purchasable","18":"product-type-variable","19":"add-to-wishlist-before_image"},"exclude_global_add_ons":[],"addons":[],"acf":[],"_links":{"self":[{"href":"https:\/\/shop.kustom.ch\/fr\/wp-json\/wp\/v2\/product\/558333"}],"collection":[{"href":"https:\/\/shop.kustom.ch\/fr\/wp-json\/wp\/v2\/product"}],"about":[{"href":"https:\/\/shop.kustom.ch\/fr\/wp-json\/wp\/v2\/types\/product"}],"wp:featuredmedia":[{"embeddable":true,"href":"https:\/\/shop.kustom.ch\/fr\/wp-json\/wp\/v2\/media\/558379"}],"wp:attachment":[{"href":"https:\/\/shop.kustom.ch\/fr\/wp-json\/wp\/v2\/media?parent=558333"}],"wp:term":[{"taxonomy":"product_brand","embeddable":true,"href":"https:\/\/shop.kustom.ch\/fr\/wp-json\/wp\/v2\/product_brand?post=558333"},{"taxonomy":"product_cat","embeddable":true,"href":"https:\/\/shop.kustom.ch\/fr\/wp-json\/wp\/v2\/product_cat?post=558333"},{"taxonomy":"product_tag","embeddable":true,"href":"https:\/\/shop.kustom.ch\/fr\/wp-json\/wp\/v2\/product_tag?post=558333"}],"curies":[{"name":"wp","href":"https:\/\/api.w.org\/{rel}","templated":true}]}}