{"id":558280,"date":"2025-03-04T03:17:39","date_gmt":"2025-03-04T02:17:39","guid":{"rendered":"https:\/\/shop.kustom.ch\/?post_type=product&#038;p=558280"},"modified":"2026-03-30T14:38:55","modified_gmt":"2026-03-30T13:38:55","slug":"sicherheitssandale-footwear-fit","status":"publish","type":"product","link":"https:\/\/shop.kustom.ch\/fr\/produit\/sicherheitssandale-footwear-fit\/","title":{"rendered":"Sandale de s\u00e9curit\u00e9 FOOTWEAR FIT"},"content":{"rendered":"<p>Sans m\u00e9tal. Fermeture avec bande Velcro. Embout de protection en composite. Protection contre le passage des ongles en textile sp\u00e9cial. Avec articulation multifonctionnelle stabilisante avec mousse de confort int\u00e9gr\u00e9e. Protection de la pointe l\u00e9g\u00e8re et inject\u00e9e. Semelle ext\u00e9rieure non marquante - ne d\u00e9teint pas. Semelle \u00e0 deux composants en PU\/PU. Semelle r\u00e9sistante \u00e0 la chaleur jusqu'\u00e0 140\u00b0C. Profondeur de profil 2,5 mm. Bord de talon. Les semelles int\u00e9rieures amortissant les chocs sont interchangeables, r\u00e9sistantes et ergonomiques. L'humidit\u00e9 est absorb\u00e9e et efficacement restitu\u00e9e. Doublure textile, respirante. Embout de protection arri\u00e8re. Semelle r\u00e9sistante \u00e0 l'huile et \u00e0 l'essence. Test\u00e9 ESD selon EN IEC 61340-4-3 : 2002 + EN IEC 61340-5-1 : 2008.<\/p>\n<p>Classe de s\u00e9curit\u00e9 S1P ; dissipation de l'\u00e9lectricit\u00e9 statique (ESD) ; semelle antid\u00e9rapante ; EN ISO 20345 ; chaussure orthop\u00e9dique : convient pour les modifications<br \/>\nCuir<br \/>\nTaille 42 : 540 g<\/p>\n<p><a href=\"https:\/\/mascotsitecore-1ccb8.kxcdn.com\/pdf\/F0107-937-09-de.pdf\" target=\"_blank\" rel=\"noopener\"><u>Ouvrir la fiche produit<\/u><\/a><\/p>","protected":false},"excerpt":{"rendered":"<ul>\n<li>Le velcro peut \u00eatre raccourci selon les besoins.<\/li>\n<li>La semelle ext\u00e9rieure en PU r\u00e9sistant \u00e0 l'usure ne d\u00e9teint pas. Semelle ext\u00e9rieure\/SRC tr\u00e8s antid\u00e9rapante.<\/li>\n<li>Ces chaussures ne contiennent pas de m\u00e9taux, sont dot\u00e9es d'une protection contre les clous en textile et sont donc particuli\u00e8rement adapt\u00e9es aux a\u00e9roports, par exemple, et \u00e9vitent le risque de ponts thermiques.<\/li>\n<li>Gr\u00e2ce \u00e0 l'articulation multifonctionnelle stabilisante brevet\u00e9e par MASCOT, elle convient aussi particuli\u00e8rement bien pour travailler sur un sol in\u00e9gal et sur des \u00e9chelles.<\/li>\n<li>Les semelles int\u00e9rieures amortissant les chocs sont interchangeables, r\u00e9sistantes et ergonomiques.<\/li>\n<li>L'embout est en composite et ne contient donc pas de m\u00e9taux. Le composite ne conduit ni le froid ni la chaleur et les embouts en composite offrent donc un confort suppl\u00e9mentaire aussi bien dans les environnements chauds que froids.<\/li>\n<li>Test\u00e9 ESD.<\/li>\n<\/ul>","protected":false},"featured_media":558317,"template":"","meta":[],"product_brand":[],"product_cat":[9643,4197],"product_tag":[],"class_list":{"0":"post-558280","1":"product","2":"type-product","3":"status-publish","4":"has-post-thumbnail","6":"product_cat-equipment","7":"product_cat-schuhe-sandalen","8":"pa_brand-mascot","9":"pa_brand-type-workwear","10":"pa_filter-color-schwarz","12":"first","13":"instock","14":"sale","15":"taxable","16":"shipping-taxable","17":"purchasable","18":"product-type-variable","19":"add-to-wishlist-before_image"},"exclude_global_add_ons":[],"addons":[],"acf":[],"_links":{"self":[{"href":"https:\/\/shop.kustom.ch\/fr\/wp-json\/wp\/v2\/product\/558280"}],"collection":[{"href":"https:\/\/shop.kustom.ch\/fr\/wp-json\/wp\/v2\/product"}],"about":[{"href":"https:\/\/shop.kustom.ch\/fr\/wp-json\/wp\/v2\/types\/product"}],"wp:featuredmedia":[{"embeddable":true,"href":"https:\/\/shop.kustom.ch\/fr\/wp-json\/wp\/v2\/media\/558317"}],"wp:attachment":[{"href":"https:\/\/shop.kustom.ch\/fr\/wp-json\/wp\/v2\/media?parent=558280"}],"wp:term":[{"taxonomy":"product_brand","embeddable":true,"href":"https:\/\/shop.kustom.ch\/fr\/wp-json\/wp\/v2\/product_brand?post=558280"},{"taxonomy":"product_cat","embeddable":true,"href":"https:\/\/shop.kustom.ch\/fr\/wp-json\/wp\/v2\/product_cat?post=558280"},{"taxonomy":"product_tag","embeddable":true,"href":"https:\/\/shop.kustom.ch\/fr\/wp-json\/wp\/v2\/product_tag?post=558280"}],"curies":[{"name":"wp","href":"https:\/\/api.w.org\/{rel}","templated":true}]}}