{"id":558247,"date":"2025-03-04T03:17:03","date_gmt":"2025-03-04T02:17:03","guid":{"rendered":"https:\/\/shop.kustom.ch\/?post_type=product&#038;p=558247"},"modified":"2026-03-30T14:38:50","modified_gmt":"2026-03-30T13:38:50","slug":"sicherheitsstiefel-footwear-energy-2","status":"publish","type":"product","link":"https:\/\/shop.kustom.ch\/fr\/produit\/sicherheitsstiefel-footwear-energy-2\/","title":{"rendered":"Bottes de s\u00e9curit\u00e9 FOOTWEAR ENERGY"},"content":{"rendered":"<p>La partie avant de la chaussure est extr\u00eamement flexible. Non m\u00e9tallique. Fermeture \u00e0 lacets. Embout de protection en composite. Protection contre la p\u00e9n\u00e9tration des clous MASCOLAYER. Insert dans la semelle interm\u00e9diaire en mat\u00e9riau Lightweight amortissant les chocs. Semelle bi-mati\u00e8re souple et flexible en PU\/PU, absorbant les chocs. Semelle r\u00e9sistante non marquante qui ne d\u00e9teint pas. Protection de la pointe en TPU. Tige en cuir pleine fleur de premi\u00e8re qualit\u00e9. Semelle r\u00e9sistante \u00e0 la chaleur jusqu'\u00e0 140\u00b0C. Bord du talon. Profondeur de profil de 5,0 mm. Semelle int\u00e9rieure interchangeable avec soutien optimis\u00e9 de la vo\u00fbte plantaire, qui peut contrecarrer la tendance au pied plat. Semelle r\u00e9sistante \u00e0 l'huile et \u00e0 l'essence. Test\u00e9 ESD selon EN IEC 61340-4-3 : 2002.<\/p>\n<p>Classe de s\u00e9curit\u00e9 S3 ; semelle ext\u00e9rieure antid\u00e9rapante ; dissipation de l'\u00e9lectricit\u00e9 statique (ESD) ; EN ISO 20345 ; chaussure orthop\u00e9dique : convient pour les modifications<br \/>\nCuir sup\u00e9rieur de buffle pleine fleur<br \/>\nTaille 1042 : 630 g<\/p>\n<p><a href=\"https:\/\/mascotsitecore-1ccb8.kxcdn.com\/pdf\/F0135-902-09-de.pdf\" target=\"_blank\" rel=\"noopener\"><u>Ouvrir la fiche produit<\/u><\/a><\/p>","protected":false},"excerpt":{"rendered":"<ul>\n<li>La protection anti-perforation MASCOLAYER en textile sp\u00e9cial garantit une forte protection et un grand confort de marche.<\/li>\n<li>L'embout est en composite et ne contient donc pas de m\u00e9taux. Le composite ne conduit ni le froid ni la chaleur et les embouts en composite offrent donc un confort suppl\u00e9mentaire aussi bien dans les environnements chauds que froids.<\/li>\n<li>Semelle int\u00e9rieure interchangeable avec soutien optimis\u00e9 de la vo\u00fbte plantaire, qui peut contrecarrer la tendance au pied plat.<\/li>\n<li>Insert dans la semelle interm\u00e9diaire en mat\u00e9riau Lightweight amortissant les chocs.<\/li>\n<li>Semelle bi-mati\u00e8re souple et flexible en PU\/PU, absorbant les chocs.<\/li>\n<li>Test\u00e9 ESD.<\/li>\n<\/ul>","protected":false},"featured_media":558255,"template":"","meta":[],"product_brand":[],"product_cat":[9643,4197],"product_tag":[],"class_list":{"0":"post-558247","1":"product","2":"type-product","3":"status-publish","4":"has-post-thumbnail","6":"product_cat-equipment","7":"product_cat-schuhe-sandalen","8":"pa_brand-mascot","9":"pa_brand-type-workwear","10":"pa_filter-color-schwarz","12":"first","13":"instock","14":"sale","15":"taxable","16":"shipping-taxable","17":"purchasable","18":"product-type-variable","19":"add-to-wishlist-before_image"},"exclude_global_add_ons":[],"addons":[],"acf":[],"_links":{"self":[{"href":"https:\/\/shop.kustom.ch\/fr\/wp-json\/wp\/v2\/product\/558247"}],"collection":[{"href":"https:\/\/shop.kustom.ch\/fr\/wp-json\/wp\/v2\/product"}],"about":[{"href":"https:\/\/shop.kustom.ch\/fr\/wp-json\/wp\/v2\/types\/product"}],"wp:featuredmedia":[{"embeddable":true,"href":"https:\/\/shop.kustom.ch\/fr\/wp-json\/wp\/v2\/media\/558255"}],"wp:attachment":[{"href":"https:\/\/shop.kustom.ch\/fr\/wp-json\/wp\/v2\/media?parent=558247"}],"wp:term":[{"taxonomy":"product_brand","embeddable":true,"href":"https:\/\/shop.kustom.ch\/fr\/wp-json\/wp\/v2\/product_brand?post=558247"},{"taxonomy":"product_cat","embeddable":true,"href":"https:\/\/shop.kustom.ch\/fr\/wp-json\/wp\/v2\/product_cat?post=558247"},{"taxonomy":"product_tag","embeddable":true,"href":"https:\/\/shop.kustom.ch\/fr\/wp-json\/wp\/v2\/product_tag?post=558247"}],"curies":[{"name":"wp","href":"https:\/\/api.w.org\/{rel}","templated":true}]}}