{"id":558180,"date":"2025-03-04T03:16:32","date_gmt":"2025-03-04T02:16:32","guid":{"rendered":"https:\/\/shop.kustom.ch\/?post_type=product&#038;p=558180"},"modified":"2026-03-30T14:38:49","modified_gmt":"2026-03-30T13:38:49","slug":"sicherheitsschuhe-footwear-energy","status":"publish","type":"product","link":"https:\/\/shop.kustom.ch\/fr\/produit\/sicherheitsschuhe-footwear-energy\/","title":{"rendered":"Chaussures de s\u00e9curit\u00e9 FOOTWEAR ENERGY"},"content":{"rendered":"<p>La partie avant de la chaussure est extr\u00eamement flexible. Non m\u00e9tallique. Tige en textile r\u00e9sistant. Fermeture \u00e0 lacets. Embout de protection en composite. Protection contre la p\u00e9n\u00e9tration des clous MASCOLAYER. Insert dans la semelle interm\u00e9diaire en mat\u00e9riau Lightweight amortissant les chocs. Semelle bi-mati\u00e8re souple et flexible en PU\/PU, absorbant les chocs. Semelle r\u00e9sistante non marquante qui ne d\u00e9teint pas. Protection des pointes en TPU. Semelle r\u00e9sistante \u00e0 la chaleur jusqu'\u00e0 140\u00b0C. Profondeur de profil de 5,0 mm. Semelles int\u00e9rieures interchangeables avec soutien optimis\u00e9 de la vo\u00fbte plantaire, pouvant contrecarrer la tendance au pied plat. Semelle r\u00e9sistante \u00e0 l'huile et \u00e0 l'essence. Test\u00e9 ESD selon EN IEC 61340-4-3 : 2002.<\/p>\n<p>Classe de s\u00e9curit\u00e9 S1P ; dissipation de l'\u00e9lectricit\u00e9 statique (ESD) ; semelle ext\u00e9rieure antid\u00e9rapante ; chaussures orthop\u00e9diques : convient pour les modifications ; EN ISO 20345<br \/>\nTextile<br \/>\nTaille 1042 : 590 g<\/p>\n<p><a href=\"https:\/\/mascotsitecore-1ccb8.kxcdn.com\/pdf\/F0130-849-09888-de.pdf\" target=\"_blank\" rel=\"noopener\"><u>Ouvrir la fiche produit<\/u><\/a><\/p>","protected":false},"excerpt":{"rendered":"<ul>\n<li>Dessus en textile r\u00e9sistant.<\/li>\n<li>Semelle int\u00e9rieure interchangeable avec soutien optimis\u00e9 de la vo\u00fbte plantaire, qui peut contrecarrer la tendance au pied plat.<\/li>\n<li>La protection anti-perforation MASCOLAYER en textile sp\u00e9cial garantit une forte protection et un grand confort de marche.<\/li>\n<li>L'embout est en composite et ne contient donc pas de m\u00e9taux. Le composite ne conduit ni le froid ni la chaleur et les embouts en composite offrent donc un confort suppl\u00e9mentaire aussi bien dans les environnements chauds que froids.<\/li>\n<li>L'insert ETPU dans la semelle amortit les chocs, ce qui permet de m\u00e9nager les jambes et le dos.<\/li>\n<li>Semelle bi-mati\u00e8re souple et flexible en PU\/PU, absorbant les chocs.<\/li>\n<li>Test\u00e9 ESD.<\/li>\n<\/ul>","protected":false},"featured_media":558190,"template":"","meta":[],"product_brand":[],"product_cat":[9643,4197],"product_tag":[],"class_list":{"0":"post-558180","1":"product","2":"type-product","3":"status-publish","4":"has-post-thumbnail","6":"product_cat-equipment","7":"product_cat-schuhe-sandalen","8":"pa_brand-mascot","9":"pa_brand-type-workwear","10":"pa_filter-color-blau","11":"pa_filter-color-grau","12":"pa_filter-color-gruen","13":"pa_filter-color-schwarz","15":"first","16":"instock","17":"sale","18":"taxable","19":"shipping-taxable","20":"purchasable","21":"product-type-variable","22":"add-to-wishlist-before_image"},"exclude_global_add_ons":[],"addons":[],"acf":[],"_links":{"self":[{"href":"https:\/\/shop.kustom.ch\/fr\/wp-json\/wp\/v2\/product\/558180"}],"collection":[{"href":"https:\/\/shop.kustom.ch\/fr\/wp-json\/wp\/v2\/product"}],"about":[{"href":"https:\/\/shop.kustom.ch\/fr\/wp-json\/wp\/v2\/types\/product"}],"wp:featuredmedia":[{"embeddable":true,"href":"https:\/\/shop.kustom.ch\/fr\/wp-json\/wp\/v2\/media\/558190"}],"wp:attachment":[{"href":"https:\/\/shop.kustom.ch\/fr\/wp-json\/wp\/v2\/media?parent=558180"}],"wp:term":[{"taxonomy":"product_brand","embeddable":true,"href":"https:\/\/shop.kustom.ch\/fr\/wp-json\/wp\/v2\/product_brand?post=558180"},{"taxonomy":"product_cat","embeddable":true,"href":"https:\/\/shop.kustom.ch\/fr\/wp-json\/wp\/v2\/product_cat?post=558180"},{"taxonomy":"product_tag","embeddable":true,"href":"https:\/\/shop.kustom.ch\/fr\/wp-json\/wp\/v2\/product_tag?post=558180"}],"curies":[{"name":"wp","href":"https:\/\/api.w.org\/{rel}","templated":true}]}}