{"id":558159,"date":"2025-03-04T03:16:30","date_gmt":"2025-03-04T02:16:30","guid":{"rendered":"https:\/\/shop.kustom.ch\/?post_type=product&#038;p=558159"},"modified":"2026-03-30T14:38:48","modified_gmt":"2026-03-30T13:38:48","slug":"sicherheitsschuhe-footwear-customized-6","status":"publish","type":"product","link":"https:\/\/shop.kustom.ch\/fr\/produit\/sicherheitsschuhe-footwear-customized-6\/","title":{"rendered":"Chaussures de s\u00e9curit\u00e9 FOOTWEAR CUSTOMIZED"},"content":{"rendered":"<p>La partie avant de la chaussure est extr\u00eamement flexible. Dessus en microfibre r\u00e9sistante. L'int\u00e9rieur du talon est rev\u00eatu de mousse \u00e0 m\u00e9moire de forme. Embout de protection en composite. Protection contre la p\u00e9n\u00e9tration des clous MASCOLAYER. Semelle int\u00e9rieure absorbant les chocs, souple et flexible. Les semelles int\u00e9rieures sont interchangeables. Semelle intercalaire amortissante, l\u00e9g\u00e8re et flexible en EVA. Protection du talon en TPU. Semelle ext\u00e9rieure en PU. Semelle ext\u00e9rieure non marquante - ne d\u00e9teint pas. Semelle r\u00e9sistante \u00e0 l'huile et \u00e0 l'essence. Test\u00e9 ESD selon EN IEC 61340-4-3 : 2018, EN 61340-5-1 : 2016.<\/p>\n<p>Classe de s\u00e9curit\u00e9 S3S ; antid\u00e9rapant (SR) ; semelle r\u00e9sistante aux huiles et aux hydrocarbures (FO) ; dissipation de l'\u00e9lectricit\u00e9 statique (ESD) EN IEC 61340-4-3 : 2018, EN 61340-5-1 : 2016 ; EN ISO 20345 : 2022<br \/>\nPolyamide<br \/>\nTaille 42 : 466 g<\/p>\n<p><a href=\"https:\/\/mascotsitecore-1ccb8.kxcdn.com\/pdf\/F1690-704-09-de.pdf\" target=\"_blank\" rel=\"noopener\"><u>Ouvrir la fiche produit<\/u><\/a><\/p>","protected":false},"excerpt":{"rendered":"<ul>\n<li>Chaussure de s\u00e9curit\u00e9 l\u00e9g\u00e8re \u00e0 enfiler qui s'enfile et s'enl\u00e8ve rapidement et facilement.<\/li>\n<li>Tissu ext\u00e9rieur hydrofuge et r\u00e9sistant en microfibre \u00e0 mailles serr\u00e9es.<\/li>\n<li>La semelle interm\u00e9diaire EVA amortissante, l\u00e9g\u00e8re et flexible offre un confort suppl\u00e9mentaire tout au long de la journ\u00e9e de travail.<\/li>\n<li>La semelle ext\u00e9rieure en PU, r\u00e9sistante et antid\u00e9rapante, assure une bonne stabilit\u00e9.<\/li>\n<li>Le soutien suppl\u00e9mentaire au niveau du talon assure un ajustement optimal et un grand confort.<\/li>\n<li>Disponible \u00e9galement en taille femme.<\/li>\n<\/ul>","protected":false},"featured_media":558189,"template":"","meta":[],"product_brand":[],"product_cat":[9643,4197],"product_tag":[],"class_list":{"0":"post-558159","1":"product","2":"type-product","3":"status-publish","4":"has-post-thumbnail","6":"product_cat-equipment","7":"product_cat-schuhe-sandalen","8":"pa_brand-mascot","9":"pa_brand-type-workwear","10":"pa_filter-color-schwarz","12":"first","13":"instock","14":"sale","15":"taxable","16":"shipping-taxable","17":"purchasable","18":"product-type-variable","19":"add-to-wishlist-before_image"},"exclude_global_add_ons":[],"addons":[],"acf":[],"_links":{"self":[{"href":"https:\/\/shop.kustom.ch\/fr\/wp-json\/wp\/v2\/product\/558159"}],"collection":[{"href":"https:\/\/shop.kustom.ch\/fr\/wp-json\/wp\/v2\/product"}],"about":[{"href":"https:\/\/shop.kustom.ch\/fr\/wp-json\/wp\/v2\/types\/product"}],"wp:featuredmedia":[{"embeddable":true,"href":"https:\/\/shop.kustom.ch\/fr\/wp-json\/wp\/v2\/media\/558189"}],"wp:attachment":[{"href":"https:\/\/shop.kustom.ch\/fr\/wp-json\/wp\/v2\/media?parent=558159"}],"wp:term":[{"taxonomy":"product_brand","embeddable":true,"href":"https:\/\/shop.kustom.ch\/fr\/wp-json\/wp\/v2\/product_brand?post=558159"},{"taxonomy":"product_cat","embeddable":true,"href":"https:\/\/shop.kustom.ch\/fr\/wp-json\/wp\/v2\/product_cat?post=558159"},{"taxonomy":"product_tag","embeddable":true,"href":"https:\/\/shop.kustom.ch\/fr\/wp-json\/wp\/v2\/product_tag?post=558159"}],"curies":[{"name":"wp","href":"https:\/\/api.w.org\/{rel}","templated":true}]}}