{"id":558115,"date":"2025-03-04T03:16:04","date_gmt":"2025-03-04T02:16:04","guid":{"rendered":"https:\/\/shop.kustom.ch\/?post_type=product&#038;p=558115"},"modified":"2026-03-30T14:38:47","modified_gmt":"2026-03-30T13:38:47","slug":"sicherheitsstiefel-footwear-customized","status":"publish","type":"product","link":"https:\/\/shop.kustom.ch\/fr\/produit\/sicherheitsstiefel-footwear-customized\/","title":{"rendered":"Bottes de s\u00e9curit\u00e9 FOOTWEAR CUSTOMIZED"},"content":{"rendered":"<p>La partie avant de la chaussure est extr\u00eamement flexible. Tissu ext\u00e9rieur en textile r\u00e9sistant. Se ferme et s'ouvre avec le syst\u00e8me BOA\u00ae Fit, un syst\u00e8me compos\u00e9 d'un bouton rotatif, d'un c\u00e2ble et de guides lacets. L'int\u00e9rieur du talon est rev\u00eatu de mousse \u00e0 m\u00e9moire de forme. Embout de protection des orteils en composite. Protection contre la p\u00e9n\u00e9tration des clous MASCOLAYER. Semelle int\u00e9rieure absorbant les chocs, souple et flexible. Les semelles int\u00e9rieures sont interchangeables. Semelle interm\u00e9diaire en eTPU et EVA. Rendu d'\u00e9nergie accru gr\u00e2ce \u00e0 une plaque de carbone int\u00e9gr\u00e9e dans la semelle interm\u00e9diaire. Protection du talon en TPU. Protection de la pointe en TPU. Semelle ext\u00e9rieure en caoutchouc avec motif imprim\u00e9 en 3D. Semelle r\u00e9sistante \u00e0 l'huile et \u00e0 l'essence. Test\u00e9 ESD selon EN IEC 61340-4-3 : 2018, EN 61340-5-1 : 2016.<\/p>\n<p>Classe de s\u00e9curit\u00e9 S3S ; antid\u00e9rapant (SR) ; semelle r\u00e9sistante aux huiles et aux hydrocarbures (FO) ; semelle ext\u00e9rieure r\u00e9sistante \u00e0 la chaleur (HRO) ; dissipation de l'\u00e9lectricit\u00e9 statique (ESD) EN IEC 61340-4-3 : 2018, EN 61340-5-1 : 2016 ; EN ISO 20345 : 2022<br \/>\nPolyamide<br \/>\nTaille 42 : 566 g<\/p>\n<p><a href=\"https:\/\/mascotsitecore-1ccb8.kxcdn.com\/pdf\/F1681-704-01022-de.pdf\" target=\"_blank\" rel=\"noopener\"><u>Ouvrir la fiche produit<\/u><\/a><\/p>","protected":false},"excerpt":{"rendered":"<ul>\n<li>Tissu ext\u00e9rieur hydrofuge et r\u00e9sistant en microfibre \u00e0 mailles serr\u00e9es.<\/li>\n<li>Syst\u00e8me BOA\u00ae Fit sur le c\u00f4t\u00e9 de la chaussure pour un ajustement rapide et facile.<\/li>\n<li>Technologie Carbon Plate int\u00e9gr\u00e9e dans la semelle interm\u00e9diaire pour un retour d'\u00e9nergie sup\u00e9rieur \u00e0 celui des chaussures de s\u00e9curit\u00e9 traditionnelles.<\/li>\n<li>Semelle ext\u00e9rieure 3D pour un maintien optimal.<\/li>\n<li>Le soutien suppl\u00e9mentaire au niveau du talon assure un ajustement optimal et un grand confort.<\/li>\n<li>Disponible \u00e9galement en taille femme.<\/li>\n<\/ul>","protected":false},"featured_media":558127,"template":"","meta":[],"product_brand":[],"product_cat":[9643,4197],"product_tag":[],"class_list":{"0":"post-558115","1":"product","2":"type-product","3":"status-publish","4":"has-post-thumbnail","6":"product_cat-equipment","7":"product_cat-schuhe-sandalen","8":"pa_brand-mascot","9":"pa_brand-type-workwear","10":"pa_filter-color-rot","11":"pa_filter-color-schwarz","13":"first","14":"instock","15":"sale","16":"taxable","17":"shipping-taxable","18":"purchasable","19":"product-type-variable","20":"add-to-wishlist-before_image"},"exclude_global_add_ons":[],"addons":[],"acf":[],"_links":{"self":[{"href":"https:\/\/shop.kustom.ch\/fr\/wp-json\/wp\/v2\/product\/558115"}],"collection":[{"href":"https:\/\/shop.kustom.ch\/fr\/wp-json\/wp\/v2\/product"}],"about":[{"href":"https:\/\/shop.kustom.ch\/fr\/wp-json\/wp\/v2\/types\/product"}],"wp:featuredmedia":[{"embeddable":true,"href":"https:\/\/shop.kustom.ch\/fr\/wp-json\/wp\/v2\/media\/558127"}],"wp:attachment":[{"href":"https:\/\/shop.kustom.ch\/fr\/wp-json\/wp\/v2\/media?parent=558115"}],"wp:term":[{"taxonomy":"product_brand","embeddable":true,"href":"https:\/\/shop.kustom.ch\/fr\/wp-json\/wp\/v2\/product_brand?post=558115"},{"taxonomy":"product_cat","embeddable":true,"href":"https:\/\/shop.kustom.ch\/fr\/wp-json\/wp\/v2\/product_cat?post=558115"},{"taxonomy":"product_tag","embeddable":true,"href":"https:\/\/shop.kustom.ch\/fr\/wp-json\/wp\/v2\/product_tag?post=558115"}],"curies":[{"name":"wp","href":"https:\/\/api.w.org\/{rel}","templated":true}]}}