{"id":557926,"date":"2025-03-04T03:14:44","date_gmt":"2025-03-04T02:14:44","guid":{"rendered":"https:\/\/shop.kustom.ch\/?post_type=product&#038;p=557926"},"modified":"2026-03-30T14:38:35","modified_gmt":"2026-03-30T13:38:35","slug":"sicherheitsschuhe-footwear-customized-4","status":"publish","type":"product","link":"https:\/\/shop.kustom.ch\/fr\/produit\/sicherheitsschuhe-footwear-customized-4\/","title":{"rendered":"Chaussures de s\u00e9curit\u00e9 FOOTWEAR CUSTOMIZED"},"content":{"rendered":"<p>La partie avant de la chaussure est extr\u00eamement flexible. Tissu ext\u00e9rieur en textile r\u00e9sistant. Fermeture et ouverture par le syst\u00e8me BOA\u00ae Fit, un syst\u00e8me compos\u00e9 d'un bouton rotatif, d'un c\u00e2ble et de guides lacets. Embout de protection en composite. Protection contre la p\u00e9n\u00e9tration des clous MASCOLAYER. Semelle int\u00e9rieure absorbant les chocs, souple et flexible. Les semelles int\u00e9rieures sont interchangeables. Semelle intercalaire amortissante, l\u00e9g\u00e8re et flexible en EVA. Protection du talon en TPU. Protection de la pointe en TPU. Semelle ext\u00e9rieure en PU. Semelle ext\u00e9rieure non marquante - ne d\u00e9teint pas. Semelle r\u00e9sistante \u00e0 l'huile et \u00e0 l'essence. Test\u00e9 ESD selon EN IEC 61340-4-3 : 2018, EN 61340-5-1 : 2016.<\/p>\n<p>Classe de s\u00e9curit\u00e9 S1PS ; antid\u00e9rapant (SR) ; semelle r\u00e9sistante aux huiles et aux hydrocarbures (FO) ; dissipation de l'\u00e9lectricit\u00e9 statique (ESD) EN IEC 61340-4-3 : 2018, EN 61340-5-1 : 2016 ; EN ISO 20345 : 2022<br \/>\nTextile<br \/>\nTaille 42 : 528 g<\/p>\n<p><a href=\"https:\/\/mascotsitecore-1ccb8.kxcdn.com\/pdf\/F1601-909-010-de.pdf\" target=\"_blank\" rel=\"noopener\"><u>Ouvrir la fiche produit<\/u><\/a><\/p>","protected":false},"excerpt":{"rendered":"<ul>\n<li>Combinez vos chaussures avec les v\u00eatements de travail MASCOT\u00ae CUSTOMIZED.<\/li>\n<li>Chaussure l\u00e9g\u00e8re et flexible avec une tige en mati\u00e8re textile r\u00e9sistante, test\u00e9e pour votre travail quotidien d'artisan.<\/li>\n<li>La semelle interm\u00e9diaire EVA amortissante, l\u00e9g\u00e8re et flexible offre un confort suppl\u00e9mentaire tout au long de la journ\u00e9e de travail.<\/li>\n<li>L'embout en mat\u00e9riau composite et la protection de la pointe renforc\u00e9e en TPU offrent la protection n\u00e9cessaire et rendent la chaussure particuli\u00e8rement r\u00e9sistante.<\/li>\n<li>Bon ajustement gr\u00e2ce au syst\u00e8me BOA\u00ae Fit.<\/li>\n<li>Disponible \u00e9galement en taille femme.<\/li>\n<\/ul>","protected":false},"featured_media":557938,"template":"","meta":[],"product_brand":[],"product_cat":[9643,4197],"product_tag":[],"class_list":{"0":"post-557926","1":"product","2":"type-product","3":"status-publish","4":"has-post-thumbnail","6":"product_cat-equipment","7":"product_cat-schuhe-sandalen","8":"pa_brand-mascot","9":"pa_brand-type-workwear","10":"pa_filter-color-braun","11":"pa_filter-color-gelb","12":"pa_filter-color-grau","13":"pa_filter-color-gruen","14":"pa_filter-color-orange","15":"pa_filter-color-schwarz","16":"pa_filter-color-weiss","18":"first","19":"instock","20":"sale","21":"taxable","22":"shipping-taxable","23":"purchasable","24":"product-type-variable","25":"add-to-wishlist-before_image"},"exclude_global_add_ons":[],"addons":[],"acf":[],"_links":{"self":[{"href":"https:\/\/shop.kustom.ch\/fr\/wp-json\/wp\/v2\/product\/557926"}],"collection":[{"href":"https:\/\/shop.kustom.ch\/fr\/wp-json\/wp\/v2\/product"}],"about":[{"href":"https:\/\/shop.kustom.ch\/fr\/wp-json\/wp\/v2\/types\/product"}],"wp:featuredmedia":[{"embeddable":true,"href":"https:\/\/shop.kustom.ch\/fr\/wp-json\/wp\/v2\/media\/557938"}],"wp:attachment":[{"href":"https:\/\/shop.kustom.ch\/fr\/wp-json\/wp\/v2\/media?parent=557926"}],"wp:term":[{"taxonomy":"product_brand","embeddable":true,"href":"https:\/\/shop.kustom.ch\/fr\/wp-json\/wp\/v2\/product_brand?post=557926"},{"taxonomy":"product_cat","embeddable":true,"href":"https:\/\/shop.kustom.ch\/fr\/wp-json\/wp\/v2\/product_cat?post=557926"},{"taxonomy":"product_tag","embeddable":true,"href":"https:\/\/shop.kustom.ch\/fr\/wp-json\/wp\/v2\/product_tag?post=557926"}],"curies":[{"name":"wp","href":"https:\/\/api.w.org\/{rel}","templated":true}]}}