{"id":557733,"date":"2025-03-04T03:13:24","date_gmt":"2025-03-04T02:13:24","guid":{"rendered":"https:\/\/shop.kustom.ch\/?post_type=product&#038;p=557733"},"modified":"2026-03-30T14:38:28","modified_gmt":"2026-03-30T13:38:28","slug":"sicherheitsschuhe-footwear-customized-3","status":"publish","type":"product","link":"https:\/\/shop.kustom.ch\/fr\/produit\/sicherheitsschuhe-footwear-customized-3\/","title":{"rendered":"Chaussures de s\u00e9curit\u00e9 FOOTWEAR CUSTOMIZED"},"content":{"rendered":"<p>La partie avant de la chaussure est extr\u00eamement flexible. Dessus en textile r\u00e9sistant. Fermeture \u00e0 lacets. Embout de protection en composite. Protection contre la p\u00e9n\u00e9tration des clous MASCOLAYER. Semelle int\u00e9rieure souple et flexible, absorbant les chocs. Les semelles int\u00e9rieures sont interchangeables. Semelle intercalaire amortissante, l\u00e9g\u00e8re et flexible en EVA. Protection du talon en TPU. Protection de la pointe en TPU. Semelle ext\u00e9rieure en PU. Semelle ext\u00e9rieure non marquante - ne d\u00e9teint pas. Semelle r\u00e9sistante \u00e0 l'huile et \u00e0 l'essence. Test\u00e9 ESD selon EN IEC 61340-4-3 : 2018, EN 61340-5-1 : 2016.<\/p>\n<p>Classe de s\u00e9curit\u00e9 S1PS ; antid\u00e9rapant (SR) ; semelle r\u00e9sistante aux huiles et aux hydrocarbures (FO) ; dissipation de l'\u00e9lectricit\u00e9 statique (ESD) EN IEC 61340-4-3 : 2018, EN 61340-5-1 : 2016 ; EN ISO 20345 : 2022<br \/>\nTextile<br \/>\nTaille 42 : 536 g<\/p>\n<p><a href=\"https:\/\/mascotsitecore-1ccb8.kxcdn.com\/pdf\/F1600-909-010-de.pdf\" target=\"_blank\" rel=\"noopener\"><u>Ouvrir la fiche produit<\/u><\/a><\/p>","protected":false},"excerpt":{"rendered":"<ul>\n<li>Combinez vos chaussures avec les v\u00eatements de travail MASCOT\u00ae CUSTOMIZED.<\/li>\n<li>Chaussure l\u00e9g\u00e8re et flexible avec une tige en mati\u00e8re textile r\u00e9sistante, test\u00e9e pour votre travail quotidien d'artisan.<\/li>\n<li>La semelle interm\u00e9diaire EVA amortissante, l\u00e9g\u00e8re et flexible offre un confort suppl\u00e9mentaire tout au long de la journ\u00e9e de travail.<\/li>\n<li>L'embout en mat\u00e9riau composite et la protection de la pointe renforc\u00e9e en TPU offrent la protection n\u00e9cessaire et rendent la chaussure particuli\u00e8rement r\u00e9sistante.<\/li>\n<li>Disponible \u00e9galement en taille femme.<\/li>\n<\/ul>","protected":false},"featured_media":557749,"template":"","meta":[],"product_brand":[],"product_cat":[9643,4197],"product_tag":[],"class_list":{"0":"post-557733","1":"product","2":"type-product","3":"status-publish","4":"has-post-thumbnail","6":"product_cat-equipment","7":"product_cat-schuhe-sandalen","8":"pa_brand-mascot","9":"pa_brand-type-workwear","10":"pa_filter-color-beige","11":"pa_filter-color-braun","12":"pa_filter-color-gelb","13":"pa_filter-color-grau","14":"pa_filter-color-gruen","15":"pa_filter-color-orange","16":"pa_filter-color-rot","17":"pa_filter-color-schwarz","18":"pa_filter-color-weiss","20":"first","21":"instock","22":"sale","23":"taxable","24":"shipping-taxable","25":"purchasable","26":"product-type-variable","27":"add-to-wishlist-before_image"},"exclude_global_add_ons":[],"addons":[],"acf":[],"_links":{"self":[{"href":"https:\/\/shop.kustom.ch\/fr\/wp-json\/wp\/v2\/product\/557733"}],"collection":[{"href":"https:\/\/shop.kustom.ch\/fr\/wp-json\/wp\/v2\/product"}],"about":[{"href":"https:\/\/shop.kustom.ch\/fr\/wp-json\/wp\/v2\/types\/product"}],"wp:featuredmedia":[{"embeddable":true,"href":"https:\/\/shop.kustom.ch\/fr\/wp-json\/wp\/v2\/media\/557749"}],"wp:attachment":[{"href":"https:\/\/shop.kustom.ch\/fr\/wp-json\/wp\/v2\/media?parent=557733"}],"wp:term":[{"taxonomy":"product_brand","embeddable":true,"href":"https:\/\/shop.kustom.ch\/fr\/wp-json\/wp\/v2\/product_brand?post=557733"},{"taxonomy":"product_cat","embeddable":true,"href":"https:\/\/shop.kustom.ch\/fr\/wp-json\/wp\/v2\/product_cat?post=557733"},{"taxonomy":"product_tag","embeddable":true,"href":"https:\/\/shop.kustom.ch\/fr\/wp-json\/wp\/v2\/product_tag?post=557733"}],"curies":[{"name":"wp","href":"https:\/\/api.w.org\/{rel}","templated":true}]}}