{"id":557719,"date":"2025-03-04T03:13:22","date_gmt":"2025-03-04T02:13:22","guid":{"rendered":"https:\/\/shop.kustom.ch\/?post_type=product&#038;p=557719"},"modified":"2026-03-30T14:38:22","modified_gmt":"2026-03-30T13:38:22","slug":"sicherheitsschuhe-footwear-customized-2","status":"publish","type":"product","link":"https:\/\/shop.kustom.ch\/fr\/produit\/sicherheitsschuhe-footwear-customized-2\/","title":{"rendered":"Chaussures de s\u00e9curit\u00e9 FOOTWEAR CUSTOMIZED"},"content":{"rendered":"<p>La partie avant de la chaussure est extr\u00eamement flexible. Dessus en textile r\u00e9sistant. Le mat\u00e9riau ext\u00e9rieur est respirant et \u00e9vacue l'humidit\u00e9 et la chaleur des pieds. Fermeture et ouverture par le syst\u00e8me BOA\u00ae Fit, un syst\u00e8me compos\u00e9 d'un bouton rotatif, d'un c\u00e2ble et de guides lacets. Embout de protection des orteils en composite. Protection contre la p\u00e9n\u00e9tration des ongles en textile sp\u00e9cial. Semelle int\u00e9rieure souple et flexible, absorbant les chocs. Les semelles int\u00e9rieures sont interchangeables. Semelle interm\u00e9diaire en TPU et eTPU. Convient au travail \u00e0 genoux. Semelle ext\u00e9rieure en caoutchouc, extr\u00eamement antid\u00e9rapante. Semelle r\u00e9sistante \u00e0 l'huile et \u00e0 l'essence. Test\u00e9 ESD selon EN IEC 61340-4-3 : 2018, EN 61340-5-1 : 2016.<\/p>\n<p>Classe de s\u00e9curit\u00e9 S1PL ; antid\u00e9rapant (SR) ; semelle r\u00e9sistante aux huiles et aux hydrocarbures (FO) ; dissipation de l'\u00e9lectricit\u00e9 statique (ESD) EN IEC 61340-4-3 : 2018, EN 61340-5-1 : 2016 ; EN ISO 20345 : 2022<br \/>\nPolyamide<br \/>\nTaille 42 : 498 g<\/p>\n<p><a href=\"https:\/\/mascotsitecore-1ccb8.kxcdn.com\/pdf\/F0660-709-09-de.pdf\" target=\"_blank\" rel=\"noopener\"><u>Ouvrir la fiche produit<\/u><\/a><\/p>","protected":false},"excerpt":{"rendered":"<ul>\n<li>Confort particuli\u00e8rement \u00e9lev\u00e9 gr\u00e2ce \u00e0 une semelle interm\u00e9diaire en TPU et eTPU qui amortit les chocs.<\/li>\n<li>Gr\u00e2ce au retour d'\u00e9nergie \u00e9lev\u00e9, la chaussure donne une sensation de l\u00e9g\u00e8ret\u00e9 tout au long de la journ\u00e9e de travail.<\/li>\n<li>Stabilit\u00e9 assur\u00e9e gr\u00e2ce \u00e0 une semelle ext\u00e9rieure en caoutchouc exceptionnellement antid\u00e9rapante.<\/li>\n<li>Chaussure l\u00e9g\u00e8re et flexible avec une tige en mati\u00e8re textile r\u00e9sistante, test\u00e9e pour votre travail quotidien d'artisan.<\/li>\n<li>Bon ajustement gr\u00e2ce au syst\u00e8me BOA\u00ae Fit.<\/li>\n<li>Disponible \u00e9galement en taille femme.<\/li>\n<\/ul>","protected":false},"featured_media":557748,"template":"","meta":[],"product_brand":[],"product_cat":[9643,4197],"product_tag":[],"class_list":{"0":"post-557719","1":"product","2":"type-product","3":"status-publish","4":"has-post-thumbnail","6":"product_cat-equipment","7":"product_cat-schuhe-sandalen","8":"pa_brand-mascot","9":"pa_brand-type-workwear","10":"pa_filter-color-schwarz","12":"first","13":"instock","14":"sale","15":"taxable","16":"shipping-taxable","17":"purchasable","18":"product-type-variable","19":"add-to-wishlist-before_image"},"exclude_global_add_ons":[],"addons":[],"acf":[],"_links":{"self":[{"href":"https:\/\/shop.kustom.ch\/fr\/wp-json\/wp\/v2\/product\/557719"}],"collection":[{"href":"https:\/\/shop.kustom.ch\/fr\/wp-json\/wp\/v2\/product"}],"about":[{"href":"https:\/\/shop.kustom.ch\/fr\/wp-json\/wp\/v2\/types\/product"}],"wp:featuredmedia":[{"embeddable":true,"href":"https:\/\/shop.kustom.ch\/fr\/wp-json\/wp\/v2\/media\/557748"}],"wp:attachment":[{"href":"https:\/\/shop.kustom.ch\/fr\/wp-json\/wp\/v2\/media?parent=557719"}],"wp:term":[{"taxonomy":"product_brand","embeddable":true,"href":"https:\/\/shop.kustom.ch\/fr\/wp-json\/wp\/v2\/product_brand?post=557719"},{"taxonomy":"product_cat","embeddable":true,"href":"https:\/\/shop.kustom.ch\/fr\/wp-json\/wp\/v2\/product_cat?post=557719"},{"taxonomy":"product_tag","embeddable":true,"href":"https:\/\/shop.kustom.ch\/fr\/wp-json\/wp\/v2\/product_tag?post=557719"}],"curies":[{"name":"wp","href":"https:\/\/api.w.org\/{rel}","templated":true}]}}