{"id":557032,"date":"2025-03-04T03:07:47","date_gmt":"2025-03-04T02:07:47","guid":{"rendered":"https:\/\/shop.kustom.ch\/?post_type=product&#038;p=557032"},"modified":"2026-03-30T14:37:47","modified_gmt":"2026-03-30T13:37:47","slug":"sicherheitsschuhe-footwear-carbon-2","status":"publish","type":"product","link":"https:\/\/shop.kustom.ch\/fr\/produit\/sicherheitsschuhe-footwear-carbon-2\/","title":{"rendered":"Chaussures de s\u00e9curit\u00e9 FOOTWEAR CARBONE"},"content":{"rendered":"<p>Poids faible. Perm\u00e9able \u00e0 l'air. Se ferme et s'ouvre avec le syst\u00e8me BOA\u00ae Fit, un syst\u00e8me de bouton rotatif, de c\u00e2ble et de guides de lacet. Embout de protection en fibre de carbone. Protection de la pointe en TPU. Protection contre le passage des clous en textile sp\u00e9cial. Protection du talon. Semelle int\u00e9rieure amortissante, l\u00e9g\u00e8re et flexible. Les semelles int\u00e9rieures sont interchangeables. Semelle interm\u00e9diaire en XL EXTRALIGHT\u00ae EVA. Semelle ext\u00e9rieure en caoutchouc, extr\u00eamement antid\u00e9rapante. Semelle ext\u00e9rieure non marquante - ne d\u00e9teint pas. Semelle r\u00e9sistante \u00e0 l'huile et \u00e0 l'essence. Test\u00e9e ESD selon EN IEC 61340-4-3 : 2018, EN 61340-5-1 : 2016. Avec articulation multifonctionnelle stabilisante avec mousse de confort int\u00e9gr\u00e9e.<\/p>\n<p>Classe de s\u00e9curit\u00e9 S1P ; dissipation de l'\u00e9lectricit\u00e9 statique (ESD) EN IEC 61340-4-3 : 2018 + EN 61340-5-1 : 2016 ; semelle ext\u00e9rieure antid\u00e9rapante ; EN ISO 20345<br \/>\n100% Polyester<br \/>\nTaille 42 : 549 g<\/p>\n<p><a href=\"https:\/\/mascotsitecore-1ccb8.kxcdn.com\/pdf\/F0251-909-0909-de.pdf\" target=\"_blank\" rel=\"noopener\"><u>Ouvrir la fiche produit<\/u><\/a><\/p>","protected":false},"excerpt":{"rendered":"<ul>\n<li>Le syst\u00e8me BOA\u00ae Fit est compos\u00e9 de mat\u00e9riaux particuli\u00e8rement r\u00e9sistants et de haute qualit\u00e9. Le syst\u00e8me BOA\u00ae Fit permet d'ajuster parfaitement les chaussures, rapidement et sans effort, par simple rotation.<\/li>\n<li>Le mat\u00e9riau ext\u00e9rieur est respirant et \u00e9vacue l'humidit\u00e9 et la chaleur des pieds, ce qui assure un bon confort du pied.<\/li>\n<li>Le mat\u00e9riau ext\u00e9rieur est en polyester r\u00e9sistant.<\/li>\n<li>L'embout de protection est en fibre de carbone, un mat\u00e9riau tr\u00e8s l\u00e9ger et solide. L'embout est exceptionnellement solide et r\u00e9sistant aux chocs et \u00e0 la pression.<\/li>\n<li>Semelle interm\u00e9diaire en EVA XL EXTRALIGHT\u00ae et semelle ext\u00e9rieure en caoutchouc ultra-antid\u00e9rapant.<\/li>\n<li>La semelle est r\u00e9sistante \u00e0 l'huile et \u00e0 l'essence.<\/li>\n<li>Test\u00e9 ESD selon EN CEI 61340-4-3 : 2018 + EN 61340-5-1 : 2016.<\/li>\n<li>Articulation multifonctionnelle stabilisante brevet\u00e9e par MASCOT.<\/li>\n<\/ul>","protected":false},"featured_media":557044,"template":"","meta":[],"product_brand":[],"product_cat":[9643,4197],"product_tag":[],"class_list":{"0":"post-557032","1":"product","2":"type-product","3":"status-publish","4":"has-post-thumbnail","6":"product_cat-equipment","7":"product_cat-schuhe-sandalen","8":"pa_brand-mascot","9":"pa_brand-type-workwear","10":"pa_filter-color-blau","11":"pa_filter-color-schwarz","13":"first","14":"instock","15":"sale","16":"taxable","17":"shipping-taxable","18":"purchasable","19":"product-type-variable","20":"add-to-wishlist-before_image"},"exclude_global_add_ons":[],"addons":[],"acf":[],"_links":{"self":[{"href":"https:\/\/shop.kustom.ch\/fr\/wp-json\/wp\/v2\/product\/557032"}],"collection":[{"href":"https:\/\/shop.kustom.ch\/fr\/wp-json\/wp\/v2\/product"}],"about":[{"href":"https:\/\/shop.kustom.ch\/fr\/wp-json\/wp\/v2\/types\/product"}],"wp:featuredmedia":[{"embeddable":true,"href":"https:\/\/shop.kustom.ch\/fr\/wp-json\/wp\/v2\/media\/557044"}],"wp:attachment":[{"href":"https:\/\/shop.kustom.ch\/fr\/wp-json\/wp\/v2\/media?parent=557032"}],"wp:term":[{"taxonomy":"product_brand","embeddable":true,"href":"https:\/\/shop.kustom.ch\/fr\/wp-json\/wp\/v2\/product_brand?post=557032"},{"taxonomy":"product_cat","embeddable":true,"href":"https:\/\/shop.kustom.ch\/fr\/wp-json\/wp\/v2\/product_cat?post=557032"},{"taxonomy":"product_tag","embeddable":true,"href":"https:\/\/shop.kustom.ch\/fr\/wp-json\/wp\/v2\/product_tag?post=557032"}],"curies":[{"name":"wp","href":"https:\/\/api.w.org\/{rel}","templated":true}]}}