{"id":556927,"date":"2025-03-04T03:06:30","date_gmt":"2025-03-04T02:06:30","guid":{"rendered":"https:\/\/shop.kustom.ch\/?post_type=product&#038;p=556927"},"modified":"2026-03-30T14:37:33","modified_gmt":"2026-03-30T13:37:33","slug":"impraegnierspray-footwear-accessories","status":"publish","type":"product","link":"https:\/\/shop.kustom.ch\/fr\/produit\/impraegnierspray-footwear-accessories\/","title":{"rendered":"Spray imperm\u00e9abilisant FOOTWEAR ACCESSORIES"},"content":{"rendered":"<p>Protection efficace et de longue dur\u00e9e pour tous les types de mat\u00e9riel. Technologie carbone innovante avec effet longue dur\u00e9e contre l'humidit\u00e9 et la salet\u00e9. Apr\u00e8s l'application, une structure de cha\u00eenes de polym\u00e8res semblable \u00e0 un r\u00e9seau se d\u00e9veloppe, ce qui rend les chaussures respirantes et efficacement hydrofuges.<\/p>\n<p><a href=\"https:\/\/mascotsitecore-1ccb8.kxcdn.com\/pdf\/FT088-980-88-de.pdf\" target=\"_blank\" rel=\"noopener\"><u>Ouvrir la fiche produit<\/u><\/a><\/p>","protected":false},"excerpt":{"rendered":"<ul>\n<li>Protection efficace et durable pour tous les types de mat\u00e9riel.<\/li>\n<li>Technologie carbone innovante avec effet longue dur\u00e9e contre l'humidit\u00e9 et la salet\u00e9.<\/li>\n<li>Apr\u00e8s l'application, une structure de cha\u00eenes de polym\u00e8res semblable \u00e0 un r\u00e9seau se d\u00e9veloppe, ce qui rend la chaussure respirante et efficacement d\u00e9perlante.<\/li>\n<\/ul>","protected":false},"featured_media":556937,"template":"","meta":[],"product_brand":[],"product_cat":[9643,4209],"product_tag":[],"class_list":{"0":"post-556927","1":"product","2":"type-product","3":"status-publish","4":"has-post-thumbnail","6":"product_cat-equipment","7":"product_cat-zubehoer","8":"pa_brand-mascot","9":"pa_brand-type-workwear","10":"pa_filter-color-weiss","12":"first","13":"instock","14":"sale","15":"taxable","16":"shipping-taxable","17":"purchasable","18":"product-type-variable","19":"add-to-wishlist-before_image"},"exclude_global_add_ons":[],"addons":[],"acf":[],"_links":{"self":[{"href":"https:\/\/shop.kustom.ch\/fr\/wp-json\/wp\/v2\/product\/556927"}],"collection":[{"href":"https:\/\/shop.kustom.ch\/fr\/wp-json\/wp\/v2\/product"}],"about":[{"href":"https:\/\/shop.kustom.ch\/fr\/wp-json\/wp\/v2\/types\/product"}],"wp:featuredmedia":[{"embeddable":true,"href":"https:\/\/shop.kustom.ch\/fr\/wp-json\/wp\/v2\/media\/556937"}],"wp:attachment":[{"href":"https:\/\/shop.kustom.ch\/fr\/wp-json\/wp\/v2\/media?parent=556927"}],"wp:term":[{"taxonomy":"product_brand","embeddable":true,"href":"https:\/\/shop.kustom.ch\/fr\/wp-json\/wp\/v2\/product_brand?post=556927"},{"taxonomy":"product_cat","embeddable":true,"href":"https:\/\/shop.kustom.ch\/fr\/wp-json\/wp\/v2\/product_cat?post=556927"},{"taxonomy":"product_tag","embeddable":true,"href":"https:\/\/shop.kustom.ch\/fr\/wp-json\/wp\/v2\/product_tag?post=556927"}],"curies":[{"name":"wp","href":"https:\/\/api.w.org\/{rel}","templated":true}]}}