{"id":556813,"date":"2025-03-04T03:05:50","date_gmt":"2025-03-04T02:05:50","guid":{"rendered":"https:\/\/shop.kustom.ch\/?post_type=product&#038;p=556813"},"modified":"2026-03-30T14:36:55","modified_gmt":"2026-03-30T13:36:55","slug":"hose-food-care-6","status":"publish","type":"product","link":"https:\/\/shop.kustom.ch\/fr\/produit\/hose-food-care-6\/","title":{"rendered":"Pantalon FOOD &amp; CARE"},"content":{"rendered":"<p>Double et triple coutures rabattues sur les jambes et \u00e0 l'entrejambe. Taille basse. Passants de ceinture. Braguette avec fermeture \u00e0 glissi\u00e8re. Poches avant avec fermeture \u00e0 bouton-pression dissimul\u00e9e. Poches arri\u00e8re avec fermeture \u00e0 bouton-pression dissimul\u00e9e. R\u00e9glage par boutons-pression aux chevilles. Boutons-pression en m\u00e9tal. Possibilit\u00e9 d'ins\u00e9rer des badges ainsi qu'une puce HF et une puce UHF. Le produit est adapt\u00e9 au lavage industriel.<\/p>\n<p>OEKO-TEX\u00ae STANDARD 100 ; ProWash\u00ae - EN ISO 15797 ; HACCP DIN 10524 ; HACCP<br \/>\n50% Coton\/50% Polyester<br \/>\nTissu en serg\u00e9. Peut r\u00e9tr\u00e9cir au maximum de 2%.<br \/>\n205 g\/m\u00b2 (1,5 lb)<br \/>\nLavage couleur, max. 60\u00b0 C ; Pas de blanchiment ; Supporte le s\u00e8che-linge - temp\u00e9rature de d\u00e9part max. 80\u00b0 C ; Repassage \u00e0 temp\u00e9rature moyenne, max. 150\u00b0 C ; Supporte le nettoyage normal<\/p>\n<p><a href=\"https:\/\/mascotsitecore-1ccb8.kxcdn.com\/pdf\/20539-230-06-de.pdf\" target=\"_blank\" rel=\"noopener\"><u>Ouvrir la fiche produit<\/u><\/a><\/p>","protected":false},"excerpt":{"rendered":"<ul>\n<li>Le produit est adapt\u00e9 au lavage industriel.<\/li>\n<li>Possibilit\u00e9 d'ins\u00e9rer des badges ainsi qu'une puce HF et une puce UHF.<\/li>\n<li>Double et triple coutures rabattues sur les jambes et \u00e0 l'entrejambe.<\/li>\n<li>La taille basse avec une ceinture moul\u00e9e fait en sorte que le pantalon suive tous les mouvements du corps.<\/li>\n<li>Le produit r\u00e9pond aux principes de l'HACCP et est homologu\u00e9 selon la norme DIN 10524.<\/li>\n<\/ul>","protected":false},"featured_media":556870,"template":"","meta":[],"product_brand":[],"product_cat":[4185],"product_tag":[],"class_list":{"0":"post-556813","1":"product","2":"type-product","3":"status-publish","4":"has-post-thumbnail","6":"product_cat-hosen","7":"pa_brand-mascot","8":"pa_brand-type-workwear","9":"pa_filter-color-weiss","11":"first","12":"instock","13":"sale","14":"taxable","15":"shipping-taxable","16":"purchasable","17":"product-type-variable","18":"add-to-wishlist-before_image"},"exclude_global_add_ons":[],"addons":[],"acf":[],"_links":{"self":[{"href":"https:\/\/shop.kustom.ch\/fr\/wp-json\/wp\/v2\/product\/556813"}],"collection":[{"href":"https:\/\/shop.kustom.ch\/fr\/wp-json\/wp\/v2\/product"}],"about":[{"href":"https:\/\/shop.kustom.ch\/fr\/wp-json\/wp\/v2\/types\/product"}],"wp:featuredmedia":[{"embeddable":true,"href":"https:\/\/shop.kustom.ch\/fr\/wp-json\/wp\/v2\/media\/556870"}],"wp:attachment":[{"href":"https:\/\/shop.kustom.ch\/fr\/wp-json\/wp\/v2\/media?parent=556813"}],"wp:term":[{"taxonomy":"product_brand","embeddable":true,"href":"https:\/\/shop.kustom.ch\/fr\/wp-json\/wp\/v2\/product_brand?post=556813"},{"taxonomy":"product_cat","embeddable":true,"href":"https:\/\/shop.kustom.ch\/fr\/wp-json\/wp\/v2\/product_cat?post=556813"},{"taxonomy":"product_tag","embeddable":true,"href":"https:\/\/shop.kustom.ch\/fr\/wp-json\/wp\/v2\/product_tag?post=556813"}],"curies":[{"name":"wp","href":"https:\/\/api.w.org\/{rel}","templated":true}]}}