{"id":556316,"date":"2025-03-04T03:01:59","date_gmt":"2025-03-04T02:01:59","guid":{"rendered":"https:\/\/shop.kustom.ch\/?post_type=product&#038;p=556316"},"modified":"2026-03-30T14:36:28","modified_gmt":"2026-03-30T13:36:28","slug":"hose-mit-schenkeltaschen-food-care","status":"publish","type":"product","link":"https:\/\/shop.kustom.ch\/fr\/produit\/hose-mit-schenkeltaschen-food-care\/","title":{"rendered":"Pantalon avec poches sur les cuisses FOOD &amp; CARE"},"content":{"rendered":"<p>Tissu stretch ultime, l\u00e9ger et tr\u00e8s r\u00e9sistant. S\u00e9chage rapide. \u00c9lastique et cordon de serrage \u00e0 la taille. Poches avant avec fermeture \u00e0 boutons-pression dissimul\u00e9e. Poche sur la cuisse avec poche pour t\u00e9l\u00e9phone portable, rabat et boutons-pression cach\u00e9s. Poche sur la cuisse avec fermeture \u00e9clair et poche suppl\u00e9mentaire \u00e0 l'int\u00e9rieur. R\u00e9gulation par boutons-pression aux chevilles. Boutons-pression en m\u00e9tal. Marquage de couleur pour chaque taille. Possibilit\u00e9 d'ins\u00e9rer des badges ainsi qu'une puce HF et une puce UHF. Le produit est adapt\u00e9 au lavage industriel.<\/p>\n<p>OEKO-TEX\u00ae STANDARD 100 ; ProWash\u00ae - EN ISO 15797 ; HACCP DIN 10524 ; HACCP<br \/>\n88% polyester\/12% \u00e9lastol\u00e9fine<br \/>\nSTRETCH ULTIME. Peut r\u00e9tr\u00e9cir au maximum 5%.<br \/>\n275 g\/m<br \/>\nLavage de couleur, max. 60\u00b0 C ; Pas de blanchiment ; Supporte le s\u00e8che-linge - temp\u00e9rature de d\u00e9part max. 80\u00b0 C ; Pas de repassage ; Ne convient pas au nettoyage \u00e0 sec<\/p>\n<p><a href=\"https:\/\/mascotsitecore-1ccb8.kxcdn.com\/pdf\/20159-511-06-de.pdf\" target=\"_blank\" rel=\"noopener\"><u>Ouvrir la fiche produit<\/u><\/a><\/p>","protected":false},"excerpt":{"rendered":"<ul>\n<li>Le produit est adapt\u00e9 au lavage industriel.<\/li>\n<li>Le mat\u00e9riau est opaque.<\/li>\n<li>Le tissu stretch est \u00e9lastique dans toutes les directions et offre une libert\u00e9 de mouvement in\u00e9gal\u00e9e, o\u00f9 rien ne tire ou ne g\u00eane.<\/li>\n<li>Le tissu stretch multifonctionnel allie l\u00e9g\u00e8ret\u00e9 et r\u00e9sistance.<\/li>\n<li>S\u00e9chage rapide.<\/li>\n<li>Possibilit\u00e9 d'ins\u00e9rer des badges ainsi qu'une puce HF et une puce UHF.<\/li>\n<li>Le produit r\u00e9pond aux principes de l'HACCP et est homologu\u00e9 selon la norme DIN 10524.<\/li>\n<\/ul>","protected":false},"featured_media":556360,"template":"","meta":[],"product_brand":[],"product_cat":[4185],"product_tag":[],"class_list":{"0":"post-556316","1":"product","2":"type-product","3":"status-publish","4":"has-post-thumbnail","6":"product_cat-hosen","7":"pa_brand-mascot","8":"pa_brand-type-workwear","9":"pa_filter-color-weiss","11":"first","12":"instock","13":"sale","14":"taxable","15":"shipping-taxable","16":"purchasable","17":"product-type-variable","18":"add-to-wishlist-before_image"},"exclude_global_add_ons":[],"addons":[],"acf":[],"_links":{"self":[{"href":"https:\/\/shop.kustom.ch\/fr\/wp-json\/wp\/v2\/product\/556316"}],"collection":[{"href":"https:\/\/shop.kustom.ch\/fr\/wp-json\/wp\/v2\/product"}],"about":[{"href":"https:\/\/shop.kustom.ch\/fr\/wp-json\/wp\/v2\/types\/product"}],"wp:featuredmedia":[{"embeddable":true,"href":"https:\/\/shop.kustom.ch\/fr\/wp-json\/wp\/v2\/media\/556360"}],"wp:attachment":[{"href":"https:\/\/shop.kustom.ch\/fr\/wp-json\/wp\/v2\/media?parent=556316"}],"wp:term":[{"taxonomy":"product_brand","embeddable":true,"href":"https:\/\/shop.kustom.ch\/fr\/wp-json\/wp\/v2\/product_brand?post=556316"},{"taxonomy":"product_cat","embeddable":true,"href":"https:\/\/shop.kustom.ch\/fr\/wp-json\/wp\/v2\/product_cat?post=556316"},{"taxonomy":"product_tag","embeddable":true,"href":"https:\/\/shop.kustom.ch\/fr\/wp-json\/wp\/v2\/product_tag?post=556316"}],"curies":[{"name":"wp","href":"https:\/\/api.w.org\/{rel}","templated":true}]}}