{"id":556243,"date":"2025-03-04T03:01:21","date_gmt":"2025-03-04T02:01:21","guid":{"rendered":"https:\/\/shop.kustom.ch\/?post_type=product&#038;p=556243"},"modified":"2026-03-30T14:36:23","modified_gmt":"2026-03-30T13:36:23","slug":"thermohose-food-care","status":"publish","type":"product","link":"https:\/\/shop.kustom.ch\/fr\/produit\/thermohose-food-care\/","title":{"rendered":"Pantalon thermique FOOD &amp; CARE"},"content":{"rendered":"<p>R\u00e9sistant \u00e0 l'eau. \u00c9lastique et cordon de serrage \u00e0 la taille. Poignets c\u00f4tel\u00e9s aux chevilles. Poches avant avec fermeture \u00e0 boutons-pression cach\u00e9e. Boutons-pression en m\u00e9tal. Possibilit\u00e9 d'ins\u00e9rer des badges ainsi qu'une puce HF et une puce UHF. Marquage de couleur pour chaque taille. Le produit est adapt\u00e9 au lavage industriel.<\/p>\n<p>OEKO-TEX\u00ae STANDARD 100 ; ProWash\u00ae - EN ISO 15797 ; HACCP<br \/>\n100% Polyester<br \/>\nTissu piqu\u00e9 au m\u00e8tre. Peut r\u00e9tr\u00e9cir au maximum de 2%.<br \/>\n260 g\/m<br \/>\nLavage de couleur, max. 60\u00b0 C ; Pas de blanchiment ; Supporte le s\u00e8che-linge - temp\u00e9rature de d\u00e9part max. 80\u00b0 C ; Pas de repassage ; Supporte le nettoyage normal<\/p>\n<p><a href=\"https:\/\/mascotsitecore-1ccb8.kxcdn.com\/pdf\/20090-318-06-de.pdf\" target=\"_blank\" rel=\"noopener\"><u>Ouvrir la fiche produit<\/u><\/a><\/p>","protected":false},"excerpt":{"rendered":"<ul>\n<li>Le produit est adapt\u00e9 au lavage industriel.<\/li>\n<li>R\u00e9sistant \u00e0 l'eau.<\/li>\n<li>Particuli\u00e8rement doux, car le produit n'est pas soud\u00e9 mais cousu.<\/li>\n<li>Possibilit\u00e9 d'ins\u00e9rer des badges ainsi qu'une puce HF et une puce UHF.<\/li>\n<li>Poches avant avec fermeture \u00e0 bouton-pression dissimul\u00e9e.<\/li>\n<li>Le produit est conforme aux principes HACCP.<\/li>\n<\/ul>","protected":false},"featured_media":556293,"template":"","meta":[],"product_brand":[],"product_cat":[4185],"product_tag":[],"class_list":{"0":"post-556243","1":"product","2":"type-product","3":"status-publish","4":"has-post-thumbnail","6":"product_cat-hosen","7":"pa_brand-mascot","8":"pa_brand-type-workwear","9":"pa_filter-color-weiss","11":"first","12":"instock","13":"sale","14":"taxable","15":"shipping-taxable","16":"purchasable","17":"product-type-variable","18":"add-to-wishlist-before_image"},"exclude_global_add_ons":[],"addons":[],"acf":[],"_links":{"self":[{"href":"https:\/\/shop.kustom.ch\/fr\/wp-json\/wp\/v2\/product\/556243"}],"collection":[{"href":"https:\/\/shop.kustom.ch\/fr\/wp-json\/wp\/v2\/product"}],"about":[{"href":"https:\/\/shop.kustom.ch\/fr\/wp-json\/wp\/v2\/types\/product"}],"wp:featuredmedia":[{"embeddable":true,"href":"https:\/\/shop.kustom.ch\/fr\/wp-json\/wp\/v2\/media\/556293"}],"wp:attachment":[{"href":"https:\/\/shop.kustom.ch\/fr\/wp-json\/wp\/v2\/media?parent=556243"}],"wp:term":[{"taxonomy":"product_brand","embeddable":true,"href":"https:\/\/shop.kustom.ch\/fr\/wp-json\/wp\/v2\/product_brand?post=556243"},{"taxonomy":"product_cat","embeddable":true,"href":"https:\/\/shop.kustom.ch\/fr\/wp-json\/wp\/v2\/product_cat?post=556243"},{"taxonomy":"product_tag","embeddable":true,"href":"https:\/\/shop.kustom.ch\/fr\/wp-json\/wp\/v2\/product_tag?post=556243"}],"curies":[{"name":"wp","href":"https:\/\/api.w.org\/{rel}","templated":true}]}}