{"id":555620,"date":"2025-03-04T02:56:11","date_gmt":"2025-03-04T01:56:11","guid":{"rendered":"https:\/\/shop.kustom.ch\/?post_type=product&#038;p=555620"},"modified":"2026-03-30T14:35:39","modified_gmt":"2026-03-30T13:35:39","slug":"faserpelz-hemd-customized","status":"publish","type":"product","link":"https:\/\/shop.kustom.ch\/fr\/produit\/faserpelz-hemd-customized\/","title":{"rendered":"Chemise en fourrure de fibres CUSTOMIZED"},"content":{"rendered":"<p>Fermeture avec boutons-pression. Poches poitrine avec rabat. Poches avant avec fermeture \u00e0 boutons-pression dissimul\u00e9e. Renforts aux coudes. Poignets c\u00f4tel\u00e9s.<\/p>\n<p>OEKO-TEX\u00ae STANDARD 100<br \/>\n80% Polyester recycl\u00e9\/20% Polyester<br \/>\nFourrure de fibres. Peut r\u00e9tr\u00e9cir au maximum 3%.<br \/>\n460 g\/m<br \/>\nLinge d\u00e9licat, max. 40\u00b0 C ; Ne pas blanchir ; Ne pas s\u00e9cher au s\u00e8che-linge ; Ne pas repasser ; Supporte le nettoyage normal<\/p>\n<p><a href=\"https:\/\/mascotsitecore-1ccb8.kxcdn.com\/pdf\/23004-682-010-de.pdf\" target=\"_blank\" rel=\"noopener\"><u>Ouvrir la fiche produit<\/u><\/a><\/p>","protected":false},"excerpt":{"rendered":"<ul>\n<li>Isolation l\u00e9g\u00e8re qui permet de porter le v\u00eatement comme couche interm\u00e9diaire ou couche ext\u00e9rieure un jour de printemps.<\/li>\n<li>Haute teneur en polyester recycl\u00e9 dans le mat\u00e9riau principal.<\/li>\n<\/ul>","protected":false},"featured_media":555651,"template":"","meta":[],"product_brand":[],"product_cat":[9874],"product_tag":[],"class_list":{"0":"post-555620","1":"product","2":"type-product","3":"status-publish","4":"has-post-thumbnail","6":"product_cat-hemden","7":"pa_brand-mascot","8":"pa_brand-type-workwear","9":"pa_filter-color-braun","10":"pa_filter-color-grau","11":"pa_filter-color-gruen","12":"pa_filter-color-rot","13":"pa_filter-color-schwarz","15":"first","16":"instock","17":"sale","18":"taxable","19":"shipping-taxable","20":"purchasable","21":"product-type-variable","22":"add-to-wishlist-before_image"},"exclude_global_add_ons":[],"addons":[],"acf":[],"_links":{"self":[{"href":"https:\/\/shop.kustom.ch\/fr\/wp-json\/wp\/v2\/product\/555620"}],"collection":[{"href":"https:\/\/shop.kustom.ch\/fr\/wp-json\/wp\/v2\/product"}],"about":[{"href":"https:\/\/shop.kustom.ch\/fr\/wp-json\/wp\/v2\/types\/product"}],"wp:featuredmedia":[{"embeddable":true,"href":"https:\/\/shop.kustom.ch\/fr\/wp-json\/wp\/v2\/media\/555651"}],"wp:attachment":[{"href":"https:\/\/shop.kustom.ch\/fr\/wp-json\/wp\/v2\/media?parent=555620"}],"wp:term":[{"taxonomy":"product_brand","embeddable":true,"href":"https:\/\/shop.kustom.ch\/fr\/wp-json\/wp\/v2\/product_brand?post=555620"},{"taxonomy":"product_cat","embeddable":true,"href":"https:\/\/shop.kustom.ch\/fr\/wp-json\/wp\/v2\/product_cat?post=555620"},{"taxonomy":"product_tag","embeddable":true,"href":"https:\/\/shop.kustom.ch\/fr\/wp-json\/wp\/v2\/product_tag?post=555620"}],"curies":[{"name":"wp","href":"https:\/\/api.w.org\/{rel}","templated":true}]}}