{"id":555578,"date":"2025-03-04T02:55:38","date_gmt":"2025-03-04T01:55:38","guid":{"rendered":"https:\/\/shop.kustom.ch\/?post_type=product&#038;p=555578"},"modified":"2026-03-30T14:35:35","modified_gmt":"2026-03-30T13:35:35","slug":"kapuzensweatshirt-customized-3","status":"publish","type":"product","link":"https:\/\/shop.kustom.ch\/fr\/produit\/kapuzensweatshirt-customized-3\/","title":{"rendered":"Sweat \u00e0 capuche CUSTOMIZED"},"content":{"rendered":"<p>De qualit\u00e9 sup\u00e9rieure. Coton peign\u00e9. Int\u00e9rieur bross\u00e9. Coupe moderne. Capuche avec doublure et cordon. Poches sur le devant. Bords c\u00f4tes sur le bas et les poignets. Bandeau sur la nuque. Avec logo MASCOT.<\/p>\n<p>OEKO-TEX\u00ae STANDARD 100<br \/>\n60% Coton\/40% Polyester<br \/>\nIsoli marchandise au m\u00e8tre. Peut r\u00e9tr\u00e9cir au maximum 5%.<br \/>\n310 g\/m<br \/>\nLinge d\u00e9licat, max. 40\u00b0 C ; Ne pas blanchir ; Ne pas s\u00e9cher au s\u00e8che-linge ; Repasser \u00e0 temp\u00e9rature moyenne, max. 150\u00b0 C ; Supporte le nettoyage normal<\/p>\n<p><a href=\"https:\/\/mascotsitecore-1ccb8.kxcdn.com\/pdf\/22986-280-010-de.pdf\" target=\"_blank\" rel=\"noopener\"><u>Ouvrir la fiche produit<\/u><\/a><\/p>","protected":false},"excerpt":{"rendered":"<p><span><\/span><\/p>","protected":false},"featured_media":555587,"template":"","meta":[],"product_brand":[],"product_cat":[4184],"product_tag":[],"class_list":{"0":"post-555578","1":"product","2":"type-product","3":"status-publish","4":"has-post-thumbnail","6":"product_cat-hoodies-pullover","7":"pa_brand-mascot","8":"pa_brand-type-workwear","9":"pa_filter-color-grau","10":"pa_filter-color-gruen","11":"pa_filter-color-schwarz","13":"first","14":"instock","15":"sale","16":"taxable","17":"shipping-taxable","18":"purchasable","19":"product-type-variable","20":"add-to-wishlist-before_image"},"exclude_global_add_ons":[],"addons":[],"acf":[],"_links":{"self":[{"href":"https:\/\/shop.kustom.ch\/fr\/wp-json\/wp\/v2\/product\/555578"}],"collection":[{"href":"https:\/\/shop.kustom.ch\/fr\/wp-json\/wp\/v2\/product"}],"about":[{"href":"https:\/\/shop.kustom.ch\/fr\/wp-json\/wp\/v2\/types\/product"}],"wp:featuredmedia":[{"embeddable":true,"href":"https:\/\/shop.kustom.ch\/fr\/wp-json\/wp\/v2\/media\/555587"}],"wp:attachment":[{"href":"https:\/\/shop.kustom.ch\/fr\/wp-json\/wp\/v2\/media?parent=555578"}],"wp:term":[{"taxonomy":"product_brand","embeddable":true,"href":"https:\/\/shop.kustom.ch\/fr\/wp-json\/wp\/v2\/product_brand?post=555578"},{"taxonomy":"product_cat","embeddable":true,"href":"https:\/\/shop.kustom.ch\/fr\/wp-json\/wp\/v2\/product_cat?post=555578"},{"taxonomy":"product_tag","embeddable":true,"href":"https:\/\/shop.kustom.ch\/fr\/wp-json\/wp\/v2\/product_tag?post=555578"}],"curies":[{"name":"wp","href":"https:\/\/api.w.org\/{rel}","templated":true}]}}