{"id":555478,"date":"2025-03-04T02:54:57","date_gmt":"2025-03-04T01:54:57","guid":{"rendered":"https:\/\/shop.kustom.ch\/?post_type=product&#038;p=555478"},"modified":"2026-03-30T14:35:30","modified_gmt":"2026-03-30T13:35:30","slug":"cap-customized","status":"publish","type":"product","link":"https:\/\/shop.kustom.ch\/fr\/produit\/cap-customized\/","title":{"rendered":"Casquette CUSTOMIZED"},"content":{"rendered":"<p>R\u00e9glage de la taille \u00e0 l'arri\u00e8re de la t\u00eate. Trous de ventilation. Bandeau de transpiration en coton 100%.<\/p>\n<p>OEKO-TEX\u00ae STANDARD 100<br \/>\n92% Polyester recycl\u00e9\/8% \u00c9lasthanne<br \/>\nTricot au m\u00e8tre.<br \/>\n300 g\/m<br \/>\nLavage \u00e0 la main ; Ne pas blanchir ; Ne pas s\u00e9cher au s\u00e8che-linge ; Ne pas repasser ; Ne convient pas au nettoyage \u00e0 sec<\/p>\n<p><a href=\"https:\/\/mascotsitecore-1ccb8.kxcdn.com\/pdf\/22850-602-010-de.pdf\" target=\"_blank\" rel=\"noopener\"><u>Ouvrir la fiche produit<\/u><\/a><\/p>","protected":false},"excerpt":{"rendered":"<ul>\n<li>Casquette fonctionnelle en coton 100 % avec trous d'a\u00e9ration et bandeau de transpiration.<\/li>\n<li>Haute teneur en polyester recycl\u00e9 dans le mat\u00e9riau principal.<\/li>\n<\/ul>","protected":false},"featured_media":555520,"template":"","meta":[],"product_brand":[],"product_cat":[9643,4177],"product_tag":[],"class_list":{"0":"post-555478","1":"product","2":"type-product","3":"status-publish","4":"has-post-thumbnail","6":"product_cat-equipment","7":"product_cat-caps-muetzen","8":"pa_brand-mascot","9":"pa_brand-type-workwear","10":"pa_filter-color-grau","11":"pa_filter-color-gruen","12":"pa_filter-color-schwarz","14":"first","15":"instock","16":"sale","17":"taxable","18":"shipping-taxable","19":"purchasable","20":"product-type-variable","21":"add-to-wishlist-before_image"},"exclude_global_add_ons":[],"addons":[],"acf":[],"_links":{"self":[{"href":"https:\/\/shop.kustom.ch\/fr\/wp-json\/wp\/v2\/product\/555478"}],"collection":[{"href":"https:\/\/shop.kustom.ch\/fr\/wp-json\/wp\/v2\/product"}],"about":[{"href":"https:\/\/shop.kustom.ch\/fr\/wp-json\/wp\/v2\/types\/product"}],"wp:featuredmedia":[{"embeddable":true,"href":"https:\/\/shop.kustom.ch\/fr\/wp-json\/wp\/v2\/media\/555520"}],"wp:attachment":[{"href":"https:\/\/shop.kustom.ch\/fr\/wp-json\/wp\/v2\/media?parent=555478"}],"wp:term":[{"taxonomy":"product_brand","embeddable":true,"href":"https:\/\/shop.kustom.ch\/fr\/wp-json\/wp\/v2\/product_brand?post=555478"},{"taxonomy":"product_cat","embeddable":true,"href":"https:\/\/shop.kustom.ch\/fr\/wp-json\/wp\/v2\/product_cat?post=555478"},{"taxonomy":"product_tag","embeddable":true,"href":"https:\/\/shop.kustom.ch\/fr\/wp-json\/wp\/v2\/product_tag?post=555478"}],"curies":[{"name":"wp","href":"https:\/\/api.w.org\/{rel}","templated":true}]}}