{"id":555121,"date":"2025-03-04T02:52:17","date_gmt":"2025-03-04T01:52:17","guid":{"rendered":"https:\/\/shop.kustom.ch\/?post_type=product&#038;p=555121"},"modified":"2026-03-30T14:35:19","modified_gmt":"2026-03-30T13:35:19","slug":"fleece-kapuzensweatshirt-mit-reissverschluss-customized","status":"publish","type":"product","link":"https:\/\/shop.kustom.ch\/fr\/produit\/fleece-kapuzensweatshirt-mit-reissverschluss-customized\/","title":{"rendered":"Sweat \u00e0 capuche en polaire avec fermeture \u00e9clair CUSTOMIZED"},"content":{"rendered":"<p>Coupe moderne. Fermeture avec fermeture \u00e9clair. Capuchon \u00e0 l'int\u00e9rieur. Poches avant avec fermeture \u00e9clair. Poches int\u00e9rieures. \u00c9lastique aux poignets et \u00e0 l'ourlet inf\u00e9rieur.<\/p>\n<p>OEKO-TEX\u00ae STANDARD 100<br \/>\n100% Polyester recycl\u00e9<br \/>\nTricot au m\u00e8tre. Peut r\u00e9tr\u00e9cir au maximum de 3%.<br \/>\n265 g\/m<br \/>\nLinge d\u00e9licat, max. 40\u00b0 C ; Ne pas blanchir ; Ne pas s\u00e9cher au s\u00e8che-linge ; Ne pas repasser ; Supporte le nettoyage normal<\/p>\n<p><a href=\"https:\/\/mascotsitecore-1ccb8.kxcdn.com\/pdf\/22603-681-010-de.pdf\" target=\"_blank\" rel=\"noopener\"><u>Ouvrir la fiche produit<\/u><\/a><\/p>","protected":false},"excerpt":{"rendered":"<ul>\n<li>Grand confort et excellente coupe pour une libert\u00e9 de mouvement maximale.<\/li>\n<li>Capuche ajust\u00e9e qui suit les mouvements de la t\u00eate.<\/li>\n<li>Haute teneur en polyester recycl\u00e9 dans le mat\u00e9riau principal.<\/li>\n<\/ul>","protected":false},"featured_media":555180,"template":"","meta":[],"product_brand":[],"product_cat":[4184],"product_tag":[],"class_list":{"0":"post-555121","1":"product","2":"type-product","3":"status-publish","4":"has-post-thumbnail","6":"product_cat-hoodies-pullover","7":"pa_brand-mascot","8":"pa_brand-type-workwear","9":"pa_filter-color-blau","10":"pa_filter-color-grau","11":"pa_filter-color-gruen","12":"pa_filter-color-rot","13":"pa_filter-color-schwarz","15":"first","16":"instock","17":"sale","18":"taxable","19":"shipping-taxable","20":"purchasable","21":"product-type-variable","22":"add-to-wishlist-before_image"},"exclude_global_add_ons":[],"addons":[],"acf":[],"_links":{"self":[{"href":"https:\/\/shop.kustom.ch\/fr\/wp-json\/wp\/v2\/product\/555121"}],"collection":[{"href":"https:\/\/shop.kustom.ch\/fr\/wp-json\/wp\/v2\/product"}],"about":[{"href":"https:\/\/shop.kustom.ch\/fr\/wp-json\/wp\/v2\/types\/product"}],"wp:featuredmedia":[{"embeddable":true,"href":"https:\/\/shop.kustom.ch\/fr\/wp-json\/wp\/v2\/media\/555180"}],"wp:attachment":[{"href":"https:\/\/shop.kustom.ch\/fr\/wp-json\/wp\/v2\/media?parent=555121"}],"wp:term":[{"taxonomy":"product_brand","embeddable":true,"href":"https:\/\/shop.kustom.ch\/fr\/wp-json\/wp\/v2\/product_brand?post=555121"},{"taxonomy":"product_cat","embeddable":true,"href":"https:\/\/shop.kustom.ch\/fr\/wp-json\/wp\/v2\/product_cat?post=555121"},{"taxonomy":"product_tag","embeddable":true,"href":"https:\/\/shop.kustom.ch\/fr\/wp-json\/wp\/v2\/product_tag?post=555121"}],"curies":[{"name":"wp","href":"https:\/\/api.w.org\/{rel}","templated":true}]}}