{"id":554721,"date":"2025-03-04T02:49:18","date_gmt":"2025-03-04T01:49:18","guid":{"rendered":"https:\/\/shop.kustom.ch\/?post_type=product&#038;p=554721"},"modified":"2026-03-30T14:35:02","modified_gmt":"2026-03-30T13:35:02","slug":"fleecepullover-mit-reissverschluss-customized-2","status":"publish","type":"product","link":"https:\/\/shop.kustom.ch\/fr\/produit\/fleecepullover-mit-reissverschluss-customized-2\/","title":{"rendered":"Pull en polaire avec fermeture \u00e9clair CUSTOMIZED"},"content":{"rendered":"<p>Forme adapt\u00e9e aux femmes. Fermeture avec fermeture \u00e9clair. Poches sur le devant. Poches int\u00e9rieures. \u00c9lastique aux poignets et \u00e0 l'ourlet inf\u00e9rieur.<\/p>\n<p>OEKO-TEX\u00ae STANDARD 100<br \/>\n89% Polyester recycl\u00e9\/11% \u00c9lasthanne<br \/>\nTricot au m\u00e8tre. Peut r\u00e9tr\u00e9cir au maximum de 3%.<br \/>\n360 g\/m<br \/>\nLinge d\u00e9licat, max. 40\u00b0 C ; Ne pas blanchir ; Ne pas s\u00e9cher au s\u00e8che-linge ; Ne pas repasser ; Supporte le nettoyage normal<\/p>\n<p><a href=\"https:\/\/mascotsitecore-1ccb8.kxcdn.com\/pdf\/22553-608-010-de.pdf\" target=\"_blank\" rel=\"noopener\"><u>Ouvrir la fiche produit<\/u><\/a><\/p>","protected":false},"excerpt":{"rendered":"<ul>\n<li>Grand confort et excellente coupe pour une libert\u00e9 de mouvement maximale.<\/li>\n<li>Coupe optimis\u00e9e pour les femmes, plus proche du corps.<\/li>\n<li>Rev\u00eatement hydrofuge et anti-salissures.<\/li>\n<li>Haute teneur en polyester recycl\u00e9 dans le mat\u00e9riau principal.<\/li>\n<\/ul>","protected":false},"featured_media":554779,"template":"","meta":[],"product_brand":[],"product_cat":[4184],"product_tag":[],"class_list":{"0":"post-554721","1":"product","2":"type-product","3":"status-publish","4":"has-post-thumbnail","6":"product_cat-hoodies-pullover","7":"pa_brand-mascot","8":"pa_brand-type-workwear","9":"pa_filter-color-gruen","10":"pa_filter-color-schwarz","11":"pa_filter-color-weiss","13":"first","14":"instock","15":"sale","16":"taxable","17":"shipping-taxable","18":"purchasable","19":"product-type-variable","20":"add-to-wishlist-before_image"},"exclude_global_add_ons":[],"addons":[],"acf":[],"_links":{"self":[{"href":"https:\/\/shop.kustom.ch\/fr\/wp-json\/wp\/v2\/product\/554721"}],"collection":[{"href":"https:\/\/shop.kustom.ch\/fr\/wp-json\/wp\/v2\/product"}],"about":[{"href":"https:\/\/shop.kustom.ch\/fr\/wp-json\/wp\/v2\/types\/product"}],"wp:featuredmedia":[{"embeddable":true,"href":"https:\/\/shop.kustom.ch\/fr\/wp-json\/wp\/v2\/media\/554779"}],"wp:attachment":[{"href":"https:\/\/shop.kustom.ch\/fr\/wp-json\/wp\/v2\/media?parent=554721"}],"wp:term":[{"taxonomy":"product_brand","embeddable":true,"href":"https:\/\/shop.kustom.ch\/fr\/wp-json\/wp\/v2\/product_brand?post=554721"},{"taxonomy":"product_cat","embeddable":true,"href":"https:\/\/shop.kustom.ch\/fr\/wp-json\/wp\/v2\/product_cat?post=554721"},{"taxonomy":"product_tag","embeddable":true,"href":"https:\/\/shop.kustom.ch\/fr\/wp-json\/wp\/v2\/product_tag?post=554721"}],"curies":[{"name":"wp","href":"https:\/\/api.w.org\/{rel}","templated":true}]}}